{"id":725603,"date":"2025-08-27T19:52:54","date_gmt":"2025-08-27T16:52:54","guid":{"rendered":"https:\/\/roveyayinevi.com.tr\/index.php\/urun\/kocaman-kalpli-huysuz-graou-ciltli\/"},"modified":"2026-04-16T02:33:33","modified_gmt":"2026-04-15T23:33:33","slug":"kocaman-kalpli-huysuz-graou-ciltli","status":"publish","type":"product","link":"https:\/\/roveyayinevi.com.tr\/index.php\/urun\/kocaman-kalpli-huysuz-graou-ciltli\/","title":{"rendered":"Kocaman Kalpli Huysuz Graou ( Ciltli )"},"content":{"rendered":"<p>Graou, yaln\u0131zl\u0131\u011f\u0131 ve \u015fekerleme yapmay\u0131 severdi. Ta ki onunla kar\u015f\u0131la\u015f\u0131p, hayat\u0131 de\u011fi\u015fene kadar\u2026T\u00fcm kurtlar k\u00f6t\u00fc kalpli ve huysuz mudur?Bu koca kurt fikrinizi de\u011fi\u015ftirecek. Ingrid Chabbert ve Guridi\u2019den yepyeni bir kurt ve k\u0131rm\u0131z\u0131 ba\u015fl\u0131kl\u0131 k\u0131z hik\u00e2yesi.Bilinenin aksine bu kez s\u0131ms\u0131cak bir dostluk ba\u015fl\u0131yor.<\/p>\n","protected":false},"excerpt":{"rendered":"<p>Graou, yaln\u0131zl\u0131\u011f\u0131 ve \u015fekerleme yapmay\u0131 severdi. Ta ki onunla kar\u015f\u0131la\u015f\u0131p, hayat\u0131 de\u011fi\u015fene kadar\u2026T\u00fcm kurtlar k\u00f6t\u00fc kalpli ve huysuz mudur?Bu koca kurt fikrinizi de\u011fi\u015ftirecek. Ingrid Chabbert ve<span class=\"excerpt-hellip\"> [\u2026]<\/span><\/p>\n","protected":false},"featured_media":0,"template":"","meta":{"_monsterinsights_skip_tracking":false,"_monsterinsights_sitenote_active":false,"_monsterinsights_sitenote_note":"","_monsterinsights_sitenote_category":0},"product_brand":[],"product_cat":[12291,12711],"product_tag":[],"class_list":{"0":"post-725603","1":"product","2":"type-product","3":"status-publish","5":"product_cat-edebiyat","6":"product_cat-roman-oyku","7":"pa_cilt-ciltli","8":"pa_tur-kitap","9":"pa_yayinevi-ketebe-yayinlari","10":"pa_yazar-ingrid-chabbert","12":"first","13":"instock","14":"sale","15":"shipping-taxable","16":"purchasable","17":"product-type-simple"},"_links":{"self":[{"href":"https:\/\/roveyayinevi.com.tr\/index.php\/wp-json\/wp\/v2\/product\/725603","targetHints":{"allow":["GET"]}}],"collection":[{"href":"https:\/\/roveyayinevi.com.tr\/index.php\/wp-json\/wp\/v2\/product"}],"about":[{"href":"https:\/\/roveyayinevi.com.tr\/index.php\/wp-json\/wp\/v2\/types\/product"}],"wp:attachment":[{"href":"https:\/\/roveyayinevi.com.tr\/index.php\/wp-json\/wp\/v2\/media?parent=725603"}],"wp:term":[{"taxonomy":"product_brand","embeddable":true,"href":"https:\/\/roveyayinevi.com.tr\/index.php\/wp-json\/wp\/v2\/product_brand?post=725603"},{"taxonomy":"product_cat","embeddable":true,"href":"https:\/\/roveyayinevi.com.tr\/index.php\/wp-json\/wp\/v2\/product_cat?post=725603"},{"taxonomy":"product_tag","embeddable":true,"href":"https:\/\/roveyayinevi.com.tr\/index.php\/wp-json\/wp\/v2\/product_tag?post=725603"}],"curies":[{"name":"wp","href":"https:\/\/api.w.org\/{rel}","templated":true}]}}