{"id":725602,"date":"2025-08-27T19:52:53","date_gmt":"2025-08-27T16:52:53","guid":{"rendered":"https:\/\/roveyayinevi.com.tr\/index.php\/urun\/irade-egitimi\/"},"modified":"2026-04-16T02:33:33","modified_gmt":"2026-04-15T23:33:33","slug":"irade-egitimi","status":"publish","type":"product","link":"https:\/\/roveyayinevi.com.tr\/index.php\/urun\/irade-egitimi\/","title":{"rendered":"\u0130rade E\u011fitimi"},"content":{"rendered":"<p>Neredeyse b\u00fct\u00fcn ba\u015far\u0131s\u0131zl\u0131klar\u0131m\u0131z\u0131n ve neredeyse b\u00fct\u00fcn \u015fanss\u0131zl\u0131klar\u0131m\u0131z\u0131n sadece tek bir nedeni vard\u0131r. Bu da irademizin zay\u0131fl\u0131\u011f\u0131d\u0131r.\u201dE\u011fitimle birlikte bireye bilgi ve beceri kazand\u0131r\u0131lmas\u0131ndan ziyade bireyin iradesinin e\u011fitilmesi ideolojisini benimseyen Jules Payot, bireyin iradenin e\u011fitilmesiyle istek ve e\u011filimlerden ar\u0131n\u0131p kendisini geli\u015ftirmenin yolunu bulabilece\u011fini savunmu\u015ftur. Yazar \u0130rade E\u011fitimi\u2019nde \u00f6\u011frenci ve fikir i\u015f\u00e7ilerinde s\u0131kl\u0131kla g\u00f6r\u00fclen tembelli\u011fin ve bireyin yap\u0131s\u0131yla g\u00fc\u00e7l\u00fc arzular\u0131n\u0131n nas\u0131l kontrol alt\u0131na al\u0131nmas\u0131 gerekti\u011fini ba\u015fl\u0131klar alt\u0131nda detayl\u0131ca incelemi\u015ftir. \u201cDisiplin i\u00e7inde \u00e7al\u0131\u015fmay\u0131 bu kitaptan \u00f6\u011frendim,\u201d diyerek kitab\u0131n \u00fczerindeki etkisini ortaya koyan Cemil Meri\u00e7 gibi bir\u00e7ok yazar\u0131 derinden etkileyen eser okurlar\u0131n ufkunda b\u00fcy\u00fck bir geli\u015fme sa\u011flayacakt\u0131r.<\/p>\n","protected":false},"excerpt":{"rendered":"<p>Neredeyse b\u00fct\u00fcn ba\u015far\u0131s\u0131zl\u0131klar\u0131m\u0131z\u0131n ve neredeyse b\u00fct\u00fcn \u015fanss\u0131zl\u0131klar\u0131m\u0131z\u0131n sadece tek bir nedeni vard\u0131r. Bu da irademizin zay\u0131fl\u0131\u011f\u0131d\u0131r.\u201dE\u011fitimle birlikte bireye bilgi ve beceri kazand\u0131r\u0131lmas\u0131ndan ziyade bireyin iradesinin e\u011fitilmesi<span class=\"excerpt-hellip\"> [\u2026]<\/span><\/p>\n","protected":false},"featured_media":0,"template":"","meta":{"_monsterinsights_skip_tracking":false,"_monsterinsights_sitenote_active":false,"_monsterinsights_sitenote_note":"","_monsterinsights_sitenote_category":0},"product_brand":[],"product_cat":[12388],"product_tag":[],"class_list":{"0":"post-725602","1":"product","2":"type-product","3":"status-publish","5":"product_cat-felsefe","6":"pa_cilt-ciltsiz","7":"pa_tur-kitap","8":"pa_yayinevi-ren-kitap","9":"pa_yazar-jules-payot","11":"first","12":"instock","13":"sale","14":"shipping-taxable","15":"purchasable","16":"product-type-simple"},"_links":{"self":[{"href":"https:\/\/roveyayinevi.com.tr\/index.php\/wp-json\/wp\/v2\/product\/725602","targetHints":{"allow":["GET"]}}],"collection":[{"href":"https:\/\/roveyayinevi.com.tr\/index.php\/wp-json\/wp\/v2\/product"}],"about":[{"href":"https:\/\/roveyayinevi.com.tr\/index.php\/wp-json\/wp\/v2\/types\/product"}],"wp:attachment":[{"href":"https:\/\/roveyayinevi.com.tr\/index.php\/wp-json\/wp\/v2\/media?parent=725602"}],"wp:term":[{"taxonomy":"product_brand","embeddable":true,"href":"https:\/\/roveyayinevi.com.tr\/index.php\/wp-json\/wp\/v2\/product_brand?post=725602"},{"taxonomy":"product_cat","embeddable":true,"href":"https:\/\/roveyayinevi.com.tr\/index.php\/wp-json\/wp\/v2\/product_cat?post=725602"},{"taxonomy":"product_tag","embeddable":true,"href":"https:\/\/roveyayinevi.com.tr\/index.php\/wp-json\/wp\/v2\/product_tag?post=725602"}],"curies":[{"name":"wp","href":"https:\/\/api.w.org\/{rel}","templated":true}]}}