{"id":725601,"date":"2025-08-27T19:52:52","date_gmt":"2025-08-27T16:52:52","guid":{"rendered":"https:\/\/roveyayinevi.com.tr\/index.php\/urun\/genc-bir-doktorun-anilari-3\/"},"modified":"2026-04-16T02:33:33","modified_gmt":"2026-04-15T23:33:33","slug":"genc-bir-doktorun-anilari-3","status":"publish","type":"product","link":"https:\/\/roveyayinevi.com.tr\/index.php\/urun\/genc-bir-doktorun-anilari-3\/","title":{"rendered":"Gen\u00e7 Bir Doktorun An\u0131lar\u0131"},"content":{"rendered":"<p>Gen\u00e7 Bir Doktorun An\u0131lar\u0131Mihail Bulgakov\u201cK\u00f6yde muazzam bir deneyim kazanmak m\u00fcmk\u00fcn, diye d\u00fc\u015f\u00fcn\u00fcyordum uykuya dalarken; ama okumak gerek, \u00e7ok, daha \u00e7ok okumak&#8230;\u201dT\u0131p fak\u00fcltesinden yeni mezun Dr. Bomgard, Bol\u015fevik Devriminin ba\u015f\u0131nda \u00fcniversite s\u0131ralar\u0131ndan do\u011fruca \u00fccra bir k\u00f6ye tek doktor olarak atan\u0131r. Okul zaman\u0131 kitaplarda okudu\u011fu veya derslerde izledi\u011fi birbirinden zor acil vakalarla ilk kez kar\u015f\u0131la\u015fmas\u0131na, k\u00f6yl\u00fclerin bo\u015f inan\u0131\u015flar\u0131 y\u00fcz\u00fcnden sebep olduklar\u0131 yanl\u0131\u015f uygulamalara ve engellemelere, hayat\u0131 fel\u00e7 eden k\u00f6t\u00fc hava ko\u015fullar\u0131na ra\u011fmen yapt\u0131\u011f\u0131 m\u00fcdahalelerle k\u0131sa zamanda \u00e7al\u0131\u015ft\u0131\u011f\u0131 k\u00f6yde nam salar. Kitapta hem Bomgard\u2019\u0131n hem de arkada\u015flar\u0131n\u0131n ba\u015frol\u00fcnde oldu\u011fu birbirinden dokunakl\u0131, ayn\u0131 zamanda yazar\u0131n ustal\u0131kl\u0131 mizahi dili sayesinde trajikomik \u00f6yk\u00fcler yer almaktad\u0131r.Bu kitap kendisi de doktor olup \u00e7al\u0131\u015fma hayat\u0131n\u0131n ilk y\u0131llar\u0131n\u0131 k\u00f6y doktoru olarak ge\u00e7iren Bulgakov\u2019un hayat\u0131ndan otobiyografik izler de ta\u015f\u0131maktad\u0131r.<\/p>\n","protected":false},"excerpt":{"rendered":"<p>Gen\u00e7 Bir Doktorun An\u0131lar\u0131Mihail Bulgakov\u201cK\u00f6yde muazzam bir deneyim kazanmak m\u00fcmk\u00fcn, diye d\u00fc\u015f\u00fcn\u00fcyordum uykuya dalarken; ama okumak gerek, \u00e7ok, daha \u00e7ok okumak&#8230;\u201dT\u0131p fak\u00fcltesinden yeni mezun Dr. Bomgard,<span class=\"excerpt-hellip\"> [\u2026]<\/span><\/p>\n","protected":false},"featured_media":0,"template":"","meta":{"_monsterinsights_skip_tracking":false,"_monsterinsights_sitenote_active":false,"_monsterinsights_sitenote_note":"","_monsterinsights_sitenote_category":0},"product_brand":[],"product_cat":[12291,26797],"product_tag":[],"class_list":{"0":"post-725601","1":"product","2":"type-product","3":"status-publish","5":"product_cat-edebiyat","6":"product_cat-modern-klasikler","7":"pa_cilt-ciltsiz","8":"pa_tur-kitap","9":"pa_yayinevi-indigo-kitap","10":"pa_yazar-mihail-bulgakov","12":"first","13":"instock","14":"sale","15":"shipping-taxable","16":"purchasable","17":"product-type-simple"},"_links":{"self":[{"href":"https:\/\/roveyayinevi.com.tr\/index.php\/wp-json\/wp\/v2\/product\/725601","targetHints":{"allow":["GET"]}}],"collection":[{"href":"https:\/\/roveyayinevi.com.tr\/index.php\/wp-json\/wp\/v2\/product"}],"about":[{"href":"https:\/\/roveyayinevi.com.tr\/index.php\/wp-json\/wp\/v2\/types\/product"}],"wp:attachment":[{"href":"https:\/\/roveyayinevi.com.tr\/index.php\/wp-json\/wp\/v2\/media?parent=725601"}],"wp:term":[{"taxonomy":"product_brand","embeddable":true,"href":"https:\/\/roveyayinevi.com.tr\/index.php\/wp-json\/wp\/v2\/product_brand?post=725601"},{"taxonomy":"product_cat","embeddable":true,"href":"https:\/\/roveyayinevi.com.tr\/index.php\/wp-json\/wp\/v2\/product_cat?post=725601"},{"taxonomy":"product_tag","embeddable":true,"href":"https:\/\/roveyayinevi.com.tr\/index.php\/wp-json\/wp\/v2\/product_tag?post=725601"}],"curies":[{"name":"wp","href":"https:\/\/api.w.org\/{rel}","templated":true}]}}