{"id":725600,"date":"2025-08-27T19:52:52","date_gmt":"2025-08-27T16:52:52","guid":{"rendered":"https:\/\/roveyayinevi.com.tr\/index.php\/urun\/gorunmez-adam-5\/"},"modified":"2026-04-16T02:33:33","modified_gmt":"2026-04-15T23:33:33","slug":"gorunmez-adam-5","status":"publish","type":"product","link":"https:\/\/roveyayinevi.com.tr\/index.php\/urun\/gorunmez-adam-5\/","title":{"rendered":"G\u00f6r\u00fcnmez Adam"},"content":{"rendered":"<p>G\u00f6r\u00fcnmez AdamH.G. WellsZaman Makinesi ve D\u00fcnyalar Sava\u015f\u0131 gibi eserleriyle bilinen, d\u00fcnyaca \u00fcnl\u00fc \u0130ngiliz bilimkurgu yazar\u0131 H. G. Wells\u2019in \u00f6\u011frencilik y\u0131llar\u0131nda ya\u015fad\u0131klar\u0131ndan esinlenerek kaleme ald\u0131\u011f\u0131 G\u00f6r\u00fcnmez Adam, ilk defa 1897\u2019de bir dergide yay\u0131mlanmaya ba\u015flam\u0131\u015ft\u0131r. Ayn\u0131 y\u0131l kitap halinde bas\u0131lan bu bilimkurgu ba\u015fyap\u0131t\u0131, kendisini g\u00f6r\u00fcnmez k\u0131lmak i\u00e7in bir serum icat eden gen\u00e7 ara\u015ft\u0131rmac\u0131 Griffin\u2019in hik\u00e2yesini konu al\u0131r. G\u00f6r\u00fcnmezli\u011fini tersine \u00e7eviremedi\u011finde Griffin\u2019in ba\u015f\u0131 belaya girer; art\u0131k tepeden t\u0131rna\u011fa sarg\u0131l\u0131 bir \u015fekilde gezmek zorundad\u0131r. \u00c7ok ge\u00e7meden ziyaret etti\u011fi t\u00fcm kasabalarda \u015f\u00fcphe uyand\u0131ran G\u00f6r\u00fcnmez Adam, ne yaz\u0131k ki kar\u015f\u0131s\u0131na \u00e7\u0131kan herkese korku dolu bir Ter\u00f6r D\u00f6nemi ya\u015fat\u0131r.Gerilimle y\u00fckl\u00fc bu eser, yay\u0131mland\u0131\u011f\u0131 g\u00fcnden beri bilimkurgu hayranlar\u0131n\u0131 b\u00fcy\u00fclemeye devam ediyor.<\/p>\n","protected":false},"excerpt":{"rendered":"<p>G\u00f6r\u00fcnmez AdamH.G. WellsZaman Makinesi ve D\u00fcnyalar Sava\u015f\u0131 gibi eserleriyle bilinen, d\u00fcnyaca \u00fcnl\u00fc \u0130ngiliz bilimkurgu yazar\u0131 H. G. Wells\u2019in \u00f6\u011frencilik y\u0131llar\u0131nda ya\u015fad\u0131klar\u0131ndan esinlenerek kaleme ald\u0131\u011f\u0131 G\u00f6r\u00fcnmez Adam,<span class=\"excerpt-hellip\"> [\u2026]<\/span><\/p>\n","protected":false},"featured_media":0,"template":"","meta":{"_monsterinsights_skip_tracking":false,"_monsterinsights_sitenote_active":false,"_monsterinsights_sitenote_note":"","_monsterinsights_sitenote_category":0},"product_brand":[],"product_cat":[12291,26797],"product_tag":[],"class_list":{"0":"post-725600","1":"product","2":"type-product","3":"status-publish","5":"product_cat-edebiyat","6":"product_cat-modern-klasikler","7":"pa_cilt-ciltsiz","8":"pa_tur-kitap","9":"pa_yayinevi-indigo-kitap","10":"pa_yazar-h-g-wells","12":"first","13":"instock","14":"sale","15":"shipping-taxable","16":"purchasable","17":"product-type-simple"},"_links":{"self":[{"href":"https:\/\/roveyayinevi.com.tr\/index.php\/wp-json\/wp\/v2\/product\/725600","targetHints":{"allow":["GET"]}}],"collection":[{"href":"https:\/\/roveyayinevi.com.tr\/index.php\/wp-json\/wp\/v2\/product"}],"about":[{"href":"https:\/\/roveyayinevi.com.tr\/index.php\/wp-json\/wp\/v2\/types\/product"}],"wp:attachment":[{"href":"https:\/\/roveyayinevi.com.tr\/index.php\/wp-json\/wp\/v2\/media?parent=725600"}],"wp:term":[{"taxonomy":"product_brand","embeddable":true,"href":"https:\/\/roveyayinevi.com.tr\/index.php\/wp-json\/wp\/v2\/product_brand?post=725600"},{"taxonomy":"product_cat","embeddable":true,"href":"https:\/\/roveyayinevi.com.tr\/index.php\/wp-json\/wp\/v2\/product_cat?post=725600"},{"taxonomy":"product_tag","embeddable":true,"href":"https:\/\/roveyayinevi.com.tr\/index.php\/wp-json\/wp\/v2\/product_tag?post=725600"}],"curies":[{"name":"wp","href":"https:\/\/api.w.org\/{rel}","templated":true}]}}