{"id":725599,"date":"2025-08-27T19:52:51","date_gmt":"2025-08-27T16:52:51","guid":{"rendered":"https:\/\/roveyayinevi.com.tr\/index.php\/urun\/gereksizleri-cizin\/"},"modified":"2026-04-05T02:40:55","modified_gmt":"2026-04-04T23:40:55","slug":"gereksizleri-cizin","status":"publish","type":"product","link":"https:\/\/roveyayinevi.com.tr\/index.php\/urun\/gereksizleri-cizin\/","title":{"rendered":"Gereksizleri \u00c7izin"},"content":{"rendered":"<p>\u00d6mr\u00fcn\u00fcn b\u00fcy\u00fck k\u0131sm\u0131n\u0131 l\u00fcks ofislerde ve zengin insanlar\u0131n aras\u0131nda ge\u00e7iren Walmond Steinberg; kazanmaya, her \u015feyini kaybettikten sonra ba\u015flayaca\u011f\u0131n\u0131 fark etti\u011finde otuzunu ge\u00e7mi\u015fti. Gerekli sand\u0131\u011f\u0131 ya da \u00f6nemli g\u00f6rd\u00fc\u011f\u00fc \u015feylerin onu nas\u0131l dibe \u00e7ekti\u011fini de yine o y\u0131llarda \u00f6\u011frenmi\u015fti. Ya\u015fad\u0131\u011f\u0131 b\u00fcy\u00fck iflas\u0131n ard\u0131ndan her \u015feye s\u0131f\u0131rdan ba\u015flayan Steinberg, yeni hayat\u0131na \u201cGereksizlerin \u00dcst\u00fcn\u00fc \u00c7iz\u201d felsefesiyle \u201cMerhaba.\u201d deyince her \u015fey de\u011fi\u015fti. Walmond\u2019a g\u00f6re etraf\u0131nda \u00e7okbilmi\u015f, heyecans\u0131z, \u00f6fkeli, aceleci, taklit\u00e7i, vizyonsuz, yorucu, \u015fik\u00e2yet\u00e7i hi\u00e7 kimse kalmamal\u0131yd\u0131. Bilinenin aksine, insan\u0131 b\u00fcy\u00fctt\u00fc\u011f\u00fc d\u00fc\u015f\u00fcn\u00fclen kalabal\u0131k kavramlar yanl\u0131\u015ft\u0131 ve insan\u0131 b\u00fcy\u00fcten \u015fey, kesinlikle yaln\u0131zl\u0131kt\u0131.Sadeli\u011fin g\u00fcc\u00fcn\u00fc ke\u015ffettikten sonra s\u0131radan bir karavanda ya\u015famaya ba\u015flayan ve b\u00f6ylece \u201cKaravandaki Reklamc\u0131\u201d olarak tan\u0131nan Steinberg, hayat\u0131ndaki her \u015feyi sadele\u015ftirdi. Mutsuz olmas\u0131 beklenirken o, aksine fazlaca mutlu ve \u015fa\u015f\u0131rt\u0131c\u0131 seviyede zengin oldu.   S\u00f6z\u00fcn \u00f6z\u00fc, her c\u00fcmlesi ayr\u0131 bir zek\u00e2 par\u0131lt\u0131s\u0131 i\u00e7eren bu eser; okuyucusuna sadele\u015fmeyi teklif ediyor ya da ba\u015fka bir ifadeyle Walmond Steinberg, bizleri minimalist ya\u015fam\u0131n hafifli\u011fine s\u00fcr\u00fckl\u00fcyor. Lovely Book &amp; BookSayg\u0131lar\u0131m\u0131zla\u2026<\/p>\n","protected":false},"excerpt":{"rendered":"<p>\u00d6mr\u00fcn\u00fcn b\u00fcy\u00fck k\u0131sm\u0131n\u0131 l\u00fcks ofislerde ve zengin insanlar\u0131n aras\u0131nda ge\u00e7iren Walmond Steinberg; kazanmaya, her \u015feyini kaybettikten sonra ba\u015flayaca\u011f\u0131n\u0131 fark etti\u011finde otuzunu ge\u00e7mi\u015fti. Gerekli sand\u0131\u011f\u0131 ya da<span class=\"excerpt-hellip\"> [\u2026]<\/span><\/p>\n","protected":false},"featured_media":0,"template":"","meta":{"_monsterinsights_skip_tracking":false,"_monsterinsights_sitenote_active":false,"_monsterinsights_sitenote_note":"","_monsterinsights_sitenote_category":0},"product_brand":[],"product_cat":[12364,12376],"product_tag":[],"class_list":{"0":"post-725599","1":"product","2":"type-product","3":"status-publish","5":"product_cat-genel-konular","6":"product_cat-kisisel-gelisim","7":"pa_cilt-ciltsiz","8":"pa_tur-kitap","9":"pa_yayinevi-lovely-book-book","10":"pa_yazar-walmond-steinberg","12":"first","13":"instock","14":"sale","15":"shipping-taxable","16":"purchasable","17":"product-type-simple"},"_links":{"self":[{"href":"https:\/\/roveyayinevi.com.tr\/index.php\/wp-json\/wp\/v2\/product\/725599","targetHints":{"allow":["GET"]}}],"collection":[{"href":"https:\/\/roveyayinevi.com.tr\/index.php\/wp-json\/wp\/v2\/product"}],"about":[{"href":"https:\/\/roveyayinevi.com.tr\/index.php\/wp-json\/wp\/v2\/types\/product"}],"wp:attachment":[{"href":"https:\/\/roveyayinevi.com.tr\/index.php\/wp-json\/wp\/v2\/media?parent=725599"}],"wp:term":[{"taxonomy":"product_brand","embeddable":true,"href":"https:\/\/roveyayinevi.com.tr\/index.php\/wp-json\/wp\/v2\/product_brand?post=725599"},{"taxonomy":"product_cat","embeddable":true,"href":"https:\/\/roveyayinevi.com.tr\/index.php\/wp-json\/wp\/v2\/product_cat?post=725599"},{"taxonomy":"product_tag","embeddable":true,"href":"https:\/\/roveyayinevi.com.tr\/index.php\/wp-json\/wp\/v2\/product_tag?post=725599"}],"curies":[{"name":"wp","href":"https:\/\/api.w.org\/{rel}","templated":true}]}}