{"id":725596,"date":"2025-08-27T19:52:48","date_gmt":"2025-08-27T16:52:48","guid":{"rendered":"https:\/\/roveyayinevi.com.tr\/index.php\/urun\/babamin-defterleri\/"},"modified":"2026-04-16T02:33:33","modified_gmt":"2026-04-15T23:33:33","slug":"babamin-defterleri","status":"publish","type":"product","link":"https:\/\/roveyayinevi.com.tr\/index.php\/urun\/babamin-defterleri\/","title":{"rendered":"Babam\u0131n Defterleri"},"content":{"rendered":"<p>Tozlu raflar\u0131n aras\u0131nda bir defter, g\u00fcn\u00fcm\u00fcze kadar ula\u015fan fikirleriyle filozoflar ve merakl\u0131 bir gen\u00e7\u2026 Ege babas\u0131n\u0131n eski defterlerini buluyor ve \u00e7a\u011flar \u00f6ncesi bir yolculu\u011fa \u00e7\u0131karak akl\u0131na gelen sorular\u0131n pe\u015fine d\u00fc\u015f\u00fcyor.Antik felsefe d\u00f6neminden sekiz b\u00fcy\u00fck filozofla yap\u0131lan zaman d\u0131\u015f\u0131 s\u00f6yle\u015filerde Thales, Heraklit, Parmenides, Protagoras, Sokrates, Platon, Aristoteles ve Epikuros\u2019la tan\u0131\u015f\u0131yor ve hem o d\u00f6nemin hem de g\u00fcn\u00fcm\u00fcz\u00fcn sorular\u0131na yan\u0131t bulmaya \u00e7al\u0131\u015f\u0131yoruz.<\/p>\n","protected":false},"excerpt":{"rendered":"<p>Tozlu raflar\u0131n aras\u0131nda bir defter, g\u00fcn\u00fcm\u00fcze kadar ula\u015fan fikirleriyle filozoflar ve merakl\u0131 bir gen\u00e7\u2026 Ege babas\u0131n\u0131n eski defterlerini buluyor ve \u00e7a\u011flar \u00f6ncesi bir yolculu\u011fa \u00e7\u0131karak akl\u0131na<span class=\"excerpt-hellip\"> [\u2026]<\/span><\/p>\n","protected":false},"featured_media":0,"template":"","meta":{"_monsterinsights_skip_tracking":false,"_monsterinsights_sitenote_active":false,"_monsterinsights_sitenote_note":"","_monsterinsights_sitenote_category":0},"product_brand":[],"product_cat":[12291,12711],"product_tag":[],"class_list":{"0":"post-725596","1":"product","2":"type-product","3":"status-publish","5":"product_cat-edebiyat","6":"product_cat-roman-oyku","7":"pa_cilt-ciltsiz","8":"pa_tur-kitap","9":"pa_yayinevi-ayrinti-yayinlari","10":"pa_yazar-yilmaz-murat-bilican-nergis-seli","12":"first","13":"instock","14":"sale","15":"shipping-taxable","16":"purchasable","17":"product-type-simple"},"_links":{"self":[{"href":"https:\/\/roveyayinevi.com.tr\/index.php\/wp-json\/wp\/v2\/product\/725596","targetHints":{"allow":["GET"]}}],"collection":[{"href":"https:\/\/roveyayinevi.com.tr\/index.php\/wp-json\/wp\/v2\/product"}],"about":[{"href":"https:\/\/roveyayinevi.com.tr\/index.php\/wp-json\/wp\/v2\/types\/product"}],"wp:attachment":[{"href":"https:\/\/roveyayinevi.com.tr\/index.php\/wp-json\/wp\/v2\/media?parent=725596"}],"wp:term":[{"taxonomy":"product_brand","embeddable":true,"href":"https:\/\/roveyayinevi.com.tr\/index.php\/wp-json\/wp\/v2\/product_brand?post=725596"},{"taxonomy":"product_cat","embeddable":true,"href":"https:\/\/roveyayinevi.com.tr\/index.php\/wp-json\/wp\/v2\/product_cat?post=725596"},{"taxonomy":"product_tag","embeddable":true,"href":"https:\/\/roveyayinevi.com.tr\/index.php\/wp-json\/wp\/v2\/product_tag?post=725596"}],"curies":[{"name":"wp","href":"https:\/\/api.w.org\/{rel}","templated":true}]}}