{"id":725595,"date":"2025-08-27T19:52:47","date_gmt":"2025-08-27T16:52:47","guid":{"rendered":"https:\/\/roveyayinevi.com.tr\/index.php\/urun\/bir-sultan-masali\/"},"modified":"2026-04-16T02:33:32","modified_gmt":"2026-04-15T23:33:32","slug":"bir-sultan-masali","status":"publish","type":"product","link":"https:\/\/roveyayinevi.com.tr\/index.php\/urun\/bir-sultan-masali\/","title":{"rendered":"Bir Sultan Masal\u0131"},"content":{"rendered":"<p>\u201cNefesler tutulmu\u015ftu. Zehra\u2019n\u0131n heyecan\u0131 her ge\u00e7en dakika daha fazla art\u0131yordu. Zehra bu g\u00f6steride be\u015finci s\u0131rada sahneye \u00e7\u0131kacakt\u0131. \u0130lk g\u00f6steri olduk\u00e7a kalabal\u0131k bir ekipten olu\u015fuyordu. Hik\u00e2yesi de olduk\u00e7a ilgin\u00e7ti. Zehra, tek ba\u015f\u0131na acaba bu i\u015fin \u00fcstesinden gelebilecek miydi? Her g\u00f6steriden sonra salondan alk\u0131\u015flar y\u00fckseliyordu. Bazen \u00fcmidini kaybedecek gibi olsa da Zehra kendi kendine, \u201cBunu yapmal\u0131s\u0131n; annen i\u00e7in, \u00f6\u011fretmenin i\u00e7in ve en \u00f6nemlisi \u00fclken i\u00e7in yapmal\u0131s\u0131n,\u201d diyordu.\u201d   Bir Sultan Masal\u0131, sizleri Zehra\u2019n\u0131n ya\u015fam\u0131ndan ald\u0131\u011f\u0131 bir kesitle uzaklara, hem de \u00e7ok uzaklara, kahramanlar\u0131n\u0131n yeniden hayat buldu\u011fu zamanlara, g\u00fcn\u00fcm\u00fczden ge\u00e7mi\u015fe g\u00f6t\u00fcrmek ve bir \u2018Han\u0131m Sultan\u2019\u0131n d\u00fcnyas\u0131na \u0131\u015f\u0131k tutmak i\u00e7in bekliyor..<\/p>\n","protected":false},"excerpt":{"rendered":"<p>\u201cNefesler tutulmu\u015ftu. Zehra\u2019n\u0131n heyecan\u0131 her ge\u00e7en dakika daha fazla art\u0131yordu. Zehra bu g\u00f6steride be\u015finci s\u0131rada sahneye \u00e7\u0131kacakt\u0131. \u0130lk g\u00f6steri olduk\u00e7a kalabal\u0131k bir ekipten olu\u015fuyordu. Hik\u00e2yesi de<span class=\"excerpt-hellip\"> [\u2026]<\/span><\/p>\n","protected":false},"featured_media":0,"template":"","meta":{"_monsterinsights_skip_tracking":false,"_monsterinsights_sitenote_active":false,"_monsterinsights_sitenote_note":"","_monsterinsights_sitenote_category":0},"product_brand":[],"product_cat":[12274,12523],"product_tag":[],"class_list":{"0":"post-725595","1":"product","2":"type-product","3":"status-publish","5":"product_cat-cocuk-ve-genclik-kitaplari","6":"product_cat-masallar","7":"pa_cilt-ciltsiz","8":"pa_tur-kitap","9":"pa_yayinevi-ozyurek-yayinlari","10":"pa_yazar-zeynep-gunay","12":"first","13":"instock","14":"sale","15":"shipping-taxable","16":"purchasable","17":"product-type-simple"},"_links":{"self":[{"href":"https:\/\/roveyayinevi.com.tr\/index.php\/wp-json\/wp\/v2\/product\/725595","targetHints":{"allow":["GET"]}}],"collection":[{"href":"https:\/\/roveyayinevi.com.tr\/index.php\/wp-json\/wp\/v2\/product"}],"about":[{"href":"https:\/\/roveyayinevi.com.tr\/index.php\/wp-json\/wp\/v2\/types\/product"}],"wp:attachment":[{"href":"https:\/\/roveyayinevi.com.tr\/index.php\/wp-json\/wp\/v2\/media?parent=725595"}],"wp:term":[{"taxonomy":"product_brand","embeddable":true,"href":"https:\/\/roveyayinevi.com.tr\/index.php\/wp-json\/wp\/v2\/product_brand?post=725595"},{"taxonomy":"product_cat","embeddable":true,"href":"https:\/\/roveyayinevi.com.tr\/index.php\/wp-json\/wp\/v2\/product_cat?post=725595"},{"taxonomy":"product_tag","embeddable":true,"href":"https:\/\/roveyayinevi.com.tr\/index.php\/wp-json\/wp\/v2\/product_tag?post=725595"}],"curies":[{"name":"wp","href":"https:\/\/api.w.org\/{rel}","templated":true}]}}