{"id":725594,"date":"2025-08-27T19:52:46","date_gmt":"2025-08-27T16:52:46","guid":{"rendered":"https:\/\/roveyayinevi.com.tr\/index.php\/urun\/golgem-nereye-gitti\/"},"modified":"2026-04-16T02:33:32","modified_gmt":"2026-04-15T23:33:32","slug":"golgem-nereye-gitti","status":"publish","type":"product","link":"https:\/\/roveyayinevi.com.tr\/index.php\/urun\/golgem-nereye-gitti\/","title":{"rendered":"G\u00f6lgem Nereye Gitti?"},"content":{"rendered":"<p>Herkes gibi Yasemin\u2019in de bir g\u00f6lgesi var fakat di\u011fer g\u00f6lgelerden biraz farkl\u0131. S\u00f6z dinlemeyen, Yasemin\u2019i herkesin i\u00e7inde utand\u0131ran,kendine ait tarz\u0131 olan bir g\u00f6lge\u2026 Yasemin, g\u00f6lgesine ve onun \u00f6zg\u00fcvenine hayran olmas\u0131na ra\u011fmen bir t\u00fcrl\u00fc cesur davranamaz.Annesi ve babas\u0131 yeni bir g\u00f6lge almak isterken Yasemin g\u00f6lgesinden vazge\u00e7mek istemez. \u00c7\u00fcnk\u00fc insan\u0131n g\u00f6lgesi kendisidir!\u00d6zg\u00fcvenli olmay\u0131, cesur davranmay\u0131 anlatan s\u0131cac\u0131k bir hik\u00e2ye\u2026<\/p>\n","protected":false},"excerpt":{"rendered":"<p>Herkes gibi Yasemin\u2019in de bir g\u00f6lgesi var fakat di\u011fer g\u00f6lgelerden biraz farkl\u0131. S\u00f6z dinlemeyen, Yasemin\u2019i herkesin i\u00e7inde utand\u0131ran,kendine ait tarz\u0131 olan bir g\u00f6lge\u2026 Yasemin, g\u00f6lgesine ve<span class=\"excerpt-hellip\"> [\u2026]<\/span><\/p>\n","protected":false},"featured_media":0,"template":"","meta":{"_monsterinsights_skip_tracking":false,"_monsterinsights_sitenote_active":false,"_monsterinsights_sitenote_note":"","_monsterinsights_sitenote_category":0},"product_brand":[],"product_cat":[12274,12523],"product_tag":[],"class_list":{"0":"post-725594","1":"product","2":"type-product","3":"status-publish","5":"product_cat-cocuk-ve-genclik-kitaplari","6":"product_cat-masallar","7":"pa_cilt-ciltsiz","8":"pa_tur-kitap","9":"pa_yayinevi-timas-cocuk","10":"pa_yazar-esin-bacaci-taner","12":"first","13":"instock","14":"sale","15":"shipping-taxable","16":"purchasable","17":"product-type-simple"},"_links":{"self":[{"href":"https:\/\/roveyayinevi.com.tr\/index.php\/wp-json\/wp\/v2\/product\/725594","targetHints":{"allow":["GET"]}}],"collection":[{"href":"https:\/\/roveyayinevi.com.tr\/index.php\/wp-json\/wp\/v2\/product"}],"about":[{"href":"https:\/\/roveyayinevi.com.tr\/index.php\/wp-json\/wp\/v2\/types\/product"}],"wp:attachment":[{"href":"https:\/\/roveyayinevi.com.tr\/index.php\/wp-json\/wp\/v2\/media?parent=725594"}],"wp:term":[{"taxonomy":"product_brand","embeddable":true,"href":"https:\/\/roveyayinevi.com.tr\/index.php\/wp-json\/wp\/v2\/product_brand?post=725594"},{"taxonomy":"product_cat","embeddable":true,"href":"https:\/\/roveyayinevi.com.tr\/index.php\/wp-json\/wp\/v2\/product_cat?post=725594"},{"taxonomy":"product_tag","embeddable":true,"href":"https:\/\/roveyayinevi.com.tr\/index.php\/wp-json\/wp\/v2\/product_tag?post=725594"}],"curies":[{"name":"wp","href":"https:\/\/api.w.org\/{rel}","templated":true}]}}