{"id":725592,"date":"2025-08-27T19:52:44","date_gmt":"2025-08-27T16:52:44","guid":{"rendered":"https:\/\/roveyayinevi.com.tr\/index.php\/urun\/koleje-hos-geldin\/"},"modified":"2026-04-16T02:33:32","modified_gmt":"2026-04-15T23:33:32","slug":"koleje-hos-geldin","status":"publish","type":"product","link":"https:\/\/roveyayinevi.com.tr\/index.php\/urun\/koleje-hos-geldin\/","title":{"rendered":"Koleje Ho\u015f Geldin"},"content":{"rendered":"<p>Ben Hazal \u00d6zberk; Bo\u015f \u0130\u015fler M\u00fcd\u00fcr\u00fc, t\u00fcm yiyeceklerin belal\u0131s\u0131, ba\u015fta unicorn olmak \u00fczere b\u00fct\u00fcn pofuduk oyuncaklar\u0131n en yak\u0131n arkada\u015f\u0131 ve maalesef bu y\u0131lki \u00d6SYS ma\u011fdurlar\u0131ndan biriyim.Hayat\u0131m s\u0131radan bir \u015fekilde, anne terli\u011finden ka\u00e7arakilerliyorken birdenbire de\u011fi\u015fti.Gitti\u011fim okulun sahibinin o\u011flundan \u00f6nce nefret ettim, sonra birbirimizle epeyce u\u011fra\u015ft\u0131k. B\u00fct\u00fcn bu tuhaf yolculuk boyunca birbirimizi ke\u015ffederek a\u015fka do\u011fru ilerledik.Dahil oldu\u011fum arkada\u015f grubu sayesinde hayat\u0131m lunaparkta ge\u00e7iyordu sanki. Bazen heyecanl\u0131 bazen korku dolu ama her daim hareketli&#8230;<\/p>\n","protected":false},"excerpt":{"rendered":"<p>Ben Hazal \u00d6zberk; Bo\u015f \u0130\u015fler M\u00fcd\u00fcr\u00fc, t\u00fcm yiyeceklerin belal\u0131s\u0131, ba\u015fta unicorn olmak \u00fczere b\u00fct\u00fcn pofuduk oyuncaklar\u0131n en yak\u0131n arkada\u015f\u0131 ve maalesef bu y\u0131lki \u00d6SYS ma\u011fdurlar\u0131ndan biriyim.Hayat\u0131m<span class=\"excerpt-hellip\"> [\u2026]<\/span><\/p>\n","protected":false},"featured_media":0,"template":"","meta":{"_monsterinsights_skip_tracking":false,"_monsterinsights_sitenote_active":false,"_monsterinsights_sitenote_note":"","_monsterinsights_sitenote_category":0},"product_brand":[],"product_cat":[12291,12711],"product_tag":[],"class_list":{"0":"post-725592","1":"product","2":"type-product","3":"status-publish","5":"product_cat-edebiyat","6":"product_cat-roman-oyku","7":"pa_cilt-ciltsiz","8":"pa_tur-kitap","9":"pa_yayinevi-epsilon-yayinlari","10":"pa_yazar-aleyna-temur","12":"first","13":"instock","14":"sale","15":"shipping-taxable","16":"purchasable","17":"product-type-simple"},"_links":{"self":[{"href":"https:\/\/roveyayinevi.com.tr\/index.php\/wp-json\/wp\/v2\/product\/725592","targetHints":{"allow":["GET"]}}],"collection":[{"href":"https:\/\/roveyayinevi.com.tr\/index.php\/wp-json\/wp\/v2\/product"}],"about":[{"href":"https:\/\/roveyayinevi.com.tr\/index.php\/wp-json\/wp\/v2\/types\/product"}],"wp:attachment":[{"href":"https:\/\/roveyayinevi.com.tr\/index.php\/wp-json\/wp\/v2\/media?parent=725592"}],"wp:term":[{"taxonomy":"product_brand","embeddable":true,"href":"https:\/\/roveyayinevi.com.tr\/index.php\/wp-json\/wp\/v2\/product_brand?post=725592"},{"taxonomy":"product_cat","embeddable":true,"href":"https:\/\/roveyayinevi.com.tr\/index.php\/wp-json\/wp\/v2\/product_cat?post=725592"},{"taxonomy":"product_tag","embeddable":true,"href":"https:\/\/roveyayinevi.com.tr\/index.php\/wp-json\/wp\/v2\/product_tag?post=725592"}],"curies":[{"name":"wp","href":"https:\/\/api.w.org\/{rel}","templated":true}]}}