{"id":725589,"date":"2025-08-27T19:52:43","date_gmt":"2025-08-27T16:52:43","guid":{"rendered":"https:\/\/roveyayinevi.com.tr\/index.php\/urun\/sporda-ayrimcilik\/"},"modified":"2026-04-16T02:33:32","modified_gmt":"2026-04-15T23:33:32","slug":"sporda-ayrimcilik","status":"publish","type":"product","link":"https:\/\/roveyayinevi.com.tr\/index.php\/urun\/sporda-ayrimcilik\/","title":{"rendered":"Sporda Ayr\u0131mc\u0131l\u0131k"},"content":{"rendered":"<p>I.B\u00d6L\u00dcMMilliyet\u00e7ilik Ve Irk\u00e7\u0131l\u0131k Kavramlar\u0131na K\u0131sa Bir Bak\u0131\u015fII.B\u00d6L\u00dcM Politik Y\u00f6netimler Ve SporIII.B\u00d6L\u00dcM\u00c7e\u015fitli \u00dclkelerde Sporda Ayr\u0131mc\u0131l\u0131kIV.B\u00d6L\u00dcM Sporda Toplumsal Cinsiyet Ayr\u0131mc\u0131l\u0131\u011f\u0131V.B\u00d6L\u00dcMSporda Ayr\u0131mc\u0131l\u0131\u011fa Kar\u015f\u0131 Bir D\u00fc\u015f\u00fcnce: Fair Play<\/p>\n","protected":false},"excerpt":{"rendered":"<p>I.B\u00d6L\u00dcMMilliyet\u00e7ilik Ve Irk\u00e7\u0131l\u0131k Kavramlar\u0131na K\u0131sa Bir Bak\u0131\u015fII.B\u00d6L\u00dcM Politik Y\u00f6netimler Ve SporIII.B\u00d6L\u00dcM\u00c7e\u015fitli \u00dclkelerde Sporda Ayr\u0131mc\u0131l\u0131kIV.B\u00d6L\u00dcM Sporda Toplumsal Cinsiyet Ayr\u0131mc\u0131l\u0131\u011f\u0131V.B\u00d6L\u00dcMSporda Ayr\u0131mc\u0131l\u0131\u011fa Kar\u015f\u0131 Bir D\u00fc\u015f\u00fcnce: Fair Play<\/p>\n","protected":false},"featured_media":0,"template":"","meta":{"_monsterinsights_skip_tracking":false,"_monsterinsights_sitenote_active":false,"_monsterinsights_sitenote_note":"","_monsterinsights_sitenote_category":0},"product_brand":[],"product_cat":[12325,12324],"product_tag":[],"class_list":{"0":"post-725589","1":"product","2":"type-product","3":"status-publish","5":"product_cat-diger-sosyoloji","6":"product_cat-sosyoloji","7":"pa_cilt-ciltsiz","8":"pa_tur-kitap","9":"pa_yayinevi-gazi-kitabevi","10":"pa_yazar-ayhan-dever","12":"first","13":"instock","14":"sale","15":"shipping-taxable","16":"purchasable","17":"product-type-simple"},"_links":{"self":[{"href":"https:\/\/roveyayinevi.com.tr\/index.php\/wp-json\/wp\/v2\/product\/725589","targetHints":{"allow":["GET"]}}],"collection":[{"href":"https:\/\/roveyayinevi.com.tr\/index.php\/wp-json\/wp\/v2\/product"}],"about":[{"href":"https:\/\/roveyayinevi.com.tr\/index.php\/wp-json\/wp\/v2\/types\/product"}],"wp:attachment":[{"href":"https:\/\/roveyayinevi.com.tr\/index.php\/wp-json\/wp\/v2\/media?parent=725589"}],"wp:term":[{"taxonomy":"product_brand","embeddable":true,"href":"https:\/\/roveyayinevi.com.tr\/index.php\/wp-json\/wp\/v2\/product_brand?post=725589"},{"taxonomy":"product_cat","embeddable":true,"href":"https:\/\/roveyayinevi.com.tr\/index.php\/wp-json\/wp\/v2\/product_cat?post=725589"},{"taxonomy":"product_tag","embeddable":true,"href":"https:\/\/roveyayinevi.com.tr\/index.php\/wp-json\/wp\/v2\/product_tag?post=725589"}],"curies":[{"name":"wp","href":"https:\/\/api.w.org\/{rel}","templated":true}]}}