{"id":725588,"date":"2025-08-27T19:52:42","date_gmt":"2025-08-27T16:52:42","guid":{"rendered":"https:\/\/roveyayinevi.com.tr\/index.php\/urun\/senin-adin-yedi-olsun\/"},"modified":"2026-04-14T02:43:15","modified_gmt":"2026-04-13T23:43:15","slug":"senin-adin-yedi-olsun","status":"publish","type":"product","link":"https:\/\/roveyayinevi.com.tr\/index.php\/urun\/senin-adin-yedi-olsun\/","title":{"rendered":"Senin Ad\u0131n Yedi Olsun"},"content":{"rendered":"<p>Kalbim senin izlerinle dolu benimKimse bilmez senin \u00f6tendeki ba\u015fka seniBe\u015f d\u00f6n\u00fcm lavanta tarlas\u0131 s\u0131\u011fm\u0131\u015ft\u0131r sa\u00e7lar\u0131na ben bilirimYedi deniz iki g\u00f6z\u00fcndedir\u2026Cennet vard\u0131r ellerindeAydan sonra en \u00e7ok g\u00fcne\u015f \u0131\u015f\u0131\u011f\u0131 sendedirGece ile sabah kavga eder senin i\u00e7inUykular, uyanmalar senin d\u00f6n\u00fc\u015f\u00fcm\u00fcndeSen \u00e7o\u011fu zaman kar\u015f\u0131l\u0131ks\u0131zl\u0131kBana kar\u0131\u015f\u0131kl\u0131ks\u0131nEn derin a\u015fks\u0131n Sevginle mutlu ediyor, sevginle \u00fcz\u00fcyorsunT\u00fcm d\u00fcnya ile \u00e7eli\u015fiyorsun Ad\u0131n\u0131 hak,BeniHelak ediyorsun\u2026A\u015fk\u0131n zamans\u0131z ve mekans\u0131z safl\u0131\u011f\u0131, zaferi ve ma\u011flubiyeti, sadeli\u011five ihti\u015fam\u0131, Engin\u2019in \u0130zmir\u2019den Marake\u015f\u2019e, g\u00fcn\u00fcm\u00fczdenantik \u00e7a\u011flara uzanan dizelerine ustaca yans\u0131yor. Senin Ad\u0131n VIIOlsun \u015fiir sevenleri, zihinlerinde canlanacak an\u0131lara ve renklikelimelerin e\u015flik etti\u011fi sevgi dolu bir yolculu\u011fa davet ediyor.\u015eairin s\u00fcrprizleri, okurun hayalleri ile dolu keyifli bir yolculu\u011fa&#8230;-\u00d6zlem \u00d6ZG\u00d6RKEY ADALIA\u015fk dolu, hayat dolu, ya\u015fanm\u0131\u015fl\u0131k ve umut dolu \u015fiirler&#8230; Bu sat\u0131rlardaa\u015fk\u0131 a\u015fk yapan duygular\u0131n kutsan\u0131\u015flar\u0131 var. Her \u015feyera\u011fmen a\u015fk ile hayata yeniden sar\u0131lmak var. Bu kitaba s\u0131\u011fam\u0131yorve okuyana do\u011fru ta\u015f\u0131yor a\u015fk\u2026-Golshid MOHAMMADYARYAN<\/p>\n","protected":false},"excerpt":{"rendered":"<p>Kalbim senin izlerinle dolu benimKimse bilmez senin \u00f6tendeki ba\u015fka seniBe\u015f d\u00f6n\u00fcm lavanta tarlas\u0131 s\u0131\u011fm\u0131\u015ft\u0131r sa\u00e7lar\u0131na ben bilirimYedi deniz iki g\u00f6z\u00fcndedir\u2026Cennet vard\u0131r ellerindeAydan sonra en \u00e7ok g\u00fcne\u015f<span class=\"excerpt-hellip\"> [\u2026]<\/span><\/p>\n","protected":false},"featured_media":0,"template":"","meta":{"_monsterinsights_skip_tracking":false,"_monsterinsights_sitenote_active":false,"_monsterinsights_sitenote_note":"","_monsterinsights_sitenote_category":0},"product_brand":[],"product_cat":[12291,12509],"product_tag":[],"class_list":{"0":"post-725588","1":"product","2":"type-product","3":"status-publish","5":"product_cat-edebiyat","6":"product_cat-siir","7":"pa_cilt-ciltsiz","8":"pa_tur-kitap","9":"pa_yayinevi-luna-yayinlari","10":"pa_yazar-engin-bel","12":"first","13":"instock","14":"sale","15":"shipping-taxable","16":"purchasable","17":"product-type-simple"},"_links":{"self":[{"href":"https:\/\/roveyayinevi.com.tr\/index.php\/wp-json\/wp\/v2\/product\/725588","targetHints":{"allow":["GET"]}}],"collection":[{"href":"https:\/\/roveyayinevi.com.tr\/index.php\/wp-json\/wp\/v2\/product"}],"about":[{"href":"https:\/\/roveyayinevi.com.tr\/index.php\/wp-json\/wp\/v2\/types\/product"}],"wp:attachment":[{"href":"https:\/\/roveyayinevi.com.tr\/index.php\/wp-json\/wp\/v2\/media?parent=725588"}],"wp:term":[{"taxonomy":"product_brand","embeddable":true,"href":"https:\/\/roveyayinevi.com.tr\/index.php\/wp-json\/wp\/v2\/product_brand?post=725588"},{"taxonomy":"product_cat","embeddable":true,"href":"https:\/\/roveyayinevi.com.tr\/index.php\/wp-json\/wp\/v2\/product_cat?post=725588"},{"taxonomy":"product_tag","embeddable":true,"href":"https:\/\/roveyayinevi.com.tr\/index.php\/wp-json\/wp\/v2\/product_tag?post=725588"}],"curies":[{"name":"wp","href":"https:\/\/api.w.org\/{rel}","templated":true}]}}