{"id":725587,"date":"2025-08-27T19:52:41","date_gmt":"2025-08-27T16:52:41","guid":{"rendered":"https:\/\/roveyayinevi.com.tr\/index.php\/urun\/guvercin-golgeligi\/"},"modified":"2026-04-16T02:33:32","modified_gmt":"2026-04-15T23:33:32","slug":"guvercin-golgeligi","status":"publish","type":"product","link":"https:\/\/roveyayinevi.com.tr\/index.php\/urun\/guvercin-golgeligi\/","title":{"rendered":"G\u00fcvercin G\u00f6lgeli\u011fi"},"content":{"rendered":"<p>Birbirinin Mevsimine ve G\u00f6\u011f\u00fcne Tutunamayan Ku\u015flar\u2019\u2026Yine de bulu\u015ftuklar\u0131 ve bir olduklar\u0131 bir an vard\u0131 bu karart\u0131ve beyazl\u0131\u011f\u0131n. Lakin keskin ba\u015fkal\u0131klar\u0131 sebebiyle ayr\u0131lmalar\u0131gerekti. Pa\u00e7al\u0131, ebabile tutunmak, onu sar\u0131p sarmalamakistedi; ebabil de Pa\u00e7al\u0131\u2019y\u0131 denizlere ve okyanuslara u\u00e7urmak\u2026Pa\u00e7al\u0131, mevsimlerin pe\u015finden s\u00fcr\u00fcklenemezdi, ebabilde yava\u015flay\u0131p bir peri bacas\u0131 kovu\u011funa sokulup ya\u015fayamaz,k\u0131\u015f\u0131 kald\u0131ramazd\u0131. Yapamad\u0131lar. Vakit geldi\u011finde o b\u00fcy\u00fcl\u00fckarart\u0131 nevbahar\u0131n ard\u0131 s\u0131ra gitti, Pa\u00e7al\u0131 g\u00fczle ve h\u00fczn\u00fcylegeride kald\u0131.G\u00fcn do\u011fumlar\u0131 ve g\u00fcn bat\u0131mlar\u0131, i\u00e7inde sanc\u0131 oldu Pa\u00e7al\u0131\u2019n\u0131n.Ebabilin d\u00f6nece\u011fi umudunu b\u0131rakmaktan \u00f6lesiye korkuyordu.S\u0131k\u0131 s\u0131k\u0131 sar\u0131lm\u0131\u015ft\u0131 \u00f6mr\u00fc t\u00fckenenlere, \u00e7\u00fcr\u00fcyenlere. Diretiyordu.\u00d6l\u00fcmc\u00fcl geliyordu ona ebabili unuttu\u011fu her an, soluksuzkalacakm\u0131\u015f gibi bir a\u011f\u0131rl\u0131k \u00e7\u00f6km\u00fc\u015ft\u00fc. Dayanamay\u0131p,kald\u0131ramad\u0131 ebabile olan hasretini ve onu b\u0131rakt\u0131 en nihayetinde.Kapadokya\u2019n\u0131n b\u00fcy\u00fcleyici atmosferinde yolculu\u011fa \u00e7\u0131kmakisteyenlere gen\u00e7 yazar Leyla Yal\u00e7\u0131n a\u015fk, sevgi ve \u00fcmit vadediyor.Edebi lezzete hasret kalanlara zengin tatlar sunuyor<\/p>\n","protected":false},"excerpt":{"rendered":"<p>Birbirinin Mevsimine ve G\u00f6\u011f\u00fcne Tutunamayan Ku\u015flar\u2019\u2026Yine de bulu\u015ftuklar\u0131 ve bir olduklar\u0131 bir an vard\u0131 bu karart\u0131ve beyazl\u0131\u011f\u0131n. Lakin keskin ba\u015fkal\u0131klar\u0131 sebebiyle ayr\u0131lmalar\u0131gerekti. Pa\u00e7al\u0131, ebabile tutunmak, onu<span class=\"excerpt-hellip\"> [\u2026]<\/span><\/p>\n","protected":false},"featured_media":0,"template":"","meta":{"_monsterinsights_skip_tracking":false,"_monsterinsights_sitenote_active":false,"_monsterinsights_sitenote_note":"","_monsterinsights_sitenote_category":0},"product_brand":[],"product_cat":[12291,12711],"product_tag":[],"class_list":{"0":"post-725587","1":"product","2":"type-product","3":"status-publish","5":"product_cat-edebiyat","6":"product_cat-roman-oyku","7":"pa_cilt-ciltsiz","8":"pa_tur-kitap","9":"pa_yayinevi-luna-yayinlari","10":"pa_yazar-leyla-yalcin","12":"first","13":"instock","14":"sale","15":"shipping-taxable","16":"purchasable","17":"product-type-simple"},"_links":{"self":[{"href":"https:\/\/roveyayinevi.com.tr\/index.php\/wp-json\/wp\/v2\/product\/725587","targetHints":{"allow":["GET"]}}],"collection":[{"href":"https:\/\/roveyayinevi.com.tr\/index.php\/wp-json\/wp\/v2\/product"}],"about":[{"href":"https:\/\/roveyayinevi.com.tr\/index.php\/wp-json\/wp\/v2\/types\/product"}],"wp:attachment":[{"href":"https:\/\/roveyayinevi.com.tr\/index.php\/wp-json\/wp\/v2\/media?parent=725587"}],"wp:term":[{"taxonomy":"product_brand","embeddable":true,"href":"https:\/\/roveyayinevi.com.tr\/index.php\/wp-json\/wp\/v2\/product_brand?post=725587"},{"taxonomy":"product_cat","embeddable":true,"href":"https:\/\/roveyayinevi.com.tr\/index.php\/wp-json\/wp\/v2\/product_cat?post=725587"},{"taxonomy":"product_tag","embeddable":true,"href":"https:\/\/roveyayinevi.com.tr\/index.php\/wp-json\/wp\/v2\/product_tag?post=725587"}],"curies":[{"name":"wp","href":"https:\/\/api.w.org\/{rel}","templated":true}]}}