{"id":725584,"date":"2025-08-27T19:52:38","date_gmt":"2025-08-27T16:52:38","guid":{"rendered":"https:\/\/roveyayinevi.com.tr\/index.php\/urun\/ferdi-ve-surekasi\/"},"modified":"2026-04-16T02:33:32","modified_gmt":"2026-04-15T23:33:32","slug":"ferdi-ve-surekasi","status":"publish","type":"product","link":"https:\/\/roveyayinevi.com.tr\/index.php\/urun\/ferdi-ve-surekasi\/","title":{"rendered":"Ferdi ve \u015e\u00fcrekas\u0131"},"content":{"rendered":"<p>\u201cHayata tutunamayan, hayat kar\u015f\u0131s\u0131nda genellikle hayal k\u0131r\u0131kl\u0131klar\u0131na u\u011frayan insanlar\u0131n dram\u0131n\u0131 vermi\u015ftir Halit Ziya.\u201d O\u011fuz AtayKitap olarak 1895\u2019te yay\u0131nlanan Ferdi ve \u015e\u00fcrek\u00e2s\u0131, modern T\u00fcrk roman\u0131n\u0131n \u00f6nc\u00fc ismi Halid Ziya U\u015fakl\u0131gil\u2019in, varl\u0131k-yokluk \u00e7at\u0131\u015fmas\u0131 \u00fczerinden insan ili\u015fkilerini anlatt\u0131\u011f\u0131 ilk d\u00f6nem romanlar\u0131ndand\u0131r. Halid Ziya, roman\u0131n ge\u00e7ti\u011fi 19. y\u00fczy\u0131l T\u00fcrkiyesi\u2019nin d\u0131\u015fa kapal\u0131 atmosferini Ferdi ve \u015e\u00fcrek\u00e2s\u0131 Ticaretg\u00e2h\u0131 ile simgele\u015ftirerek i\u015f\u00e7i s\u0131n\u0131f ve kentsoylu s\u0131n\u0131f\u0131n emellerini, kayg\u0131lar\u0131n\u0131, kalp k\u0131r\u0131kl\u0131klar\u0131n\u0131 uyumsuz bir evlilik \u00fczerinden anlat\u0131r.<\/p>\n","protected":false},"excerpt":{"rendered":"<p>\u201cHayata tutunamayan, hayat kar\u015f\u0131s\u0131nda genellikle hayal k\u0131r\u0131kl\u0131klar\u0131na u\u011frayan insanlar\u0131n dram\u0131n\u0131 vermi\u015ftir Halit Ziya.\u201d O\u011fuz AtayKitap olarak 1895\u2019te yay\u0131nlanan Ferdi ve \u015e\u00fcrek\u00e2s\u0131, modern T\u00fcrk roman\u0131n\u0131n \u00f6nc\u00fc ismi<span class=\"excerpt-hellip\"> [\u2026]<\/span><\/p>\n","protected":false},"featured_media":0,"template":"","meta":{"_monsterinsights_skip_tracking":false,"_monsterinsights_sitenote_active":false,"_monsterinsights_sitenote_note":"","_monsterinsights_sitenote_category":0},"product_brand":[],"product_cat":[12291,12711],"product_tag":[],"class_list":{"0":"post-725584","1":"product","2":"type-product","3":"status-publish","5":"product_cat-edebiyat","6":"product_cat-roman-oyku","7":"pa_cilt-ciltsiz","8":"pa_tur-kitap","9":"pa_yayinevi-inkilap-kitabevi","10":"pa_yazar-halid-ziya-usakligil","12":"first","13":"instock","14":"sale","15":"shipping-taxable","16":"purchasable","17":"product-type-simple"},"_links":{"self":[{"href":"https:\/\/roveyayinevi.com.tr\/index.php\/wp-json\/wp\/v2\/product\/725584","targetHints":{"allow":["GET"]}}],"collection":[{"href":"https:\/\/roveyayinevi.com.tr\/index.php\/wp-json\/wp\/v2\/product"}],"about":[{"href":"https:\/\/roveyayinevi.com.tr\/index.php\/wp-json\/wp\/v2\/types\/product"}],"wp:attachment":[{"href":"https:\/\/roveyayinevi.com.tr\/index.php\/wp-json\/wp\/v2\/media?parent=725584"}],"wp:term":[{"taxonomy":"product_brand","embeddable":true,"href":"https:\/\/roveyayinevi.com.tr\/index.php\/wp-json\/wp\/v2\/product_brand?post=725584"},{"taxonomy":"product_cat","embeddable":true,"href":"https:\/\/roveyayinevi.com.tr\/index.php\/wp-json\/wp\/v2\/product_cat?post=725584"},{"taxonomy":"product_tag","embeddable":true,"href":"https:\/\/roveyayinevi.com.tr\/index.php\/wp-json\/wp\/v2\/product_tag?post=725584"}],"curies":[{"name":"wp","href":"https:\/\/api.w.org\/{rel}","templated":true}]}}