{"id":725583,"date":"2025-08-27T19:52:37","date_gmt":"2025-08-27T16:52:37","guid":{"rendered":"https:\/\/roveyayinevi.com.tr\/index.php\/urun\/melek-sanmistim-seytani\/"},"modified":"2026-04-16T02:33:32","modified_gmt":"2026-04-15T23:33:32","slug":"melek-sanmistim-seytani","status":"publish","type":"product","link":"https:\/\/roveyayinevi.com.tr\/index.php\/urun\/melek-sanmistim-seytani\/","title":{"rendered":"Melek Sanm\u0131\u015ft\u0131m \u015eeytan\u0131"},"content":{"rendered":"<p>H\u00fcseyin Rahmi G\u00fcrp\u0131nar\u2019\u0131n en b\u00fcy\u00fck hususiyeti, soka\u011fa yak\u0131n diliyle, meddah\u00e7a resmetti\u011fi hik\u00e2yelerde toplumsal meselelere dokunmas\u0131d\u0131r.Melek Sanm\u0131\u015ft\u0131m \u015eeytan\u0131, d\u00f6nemin \u0130stanbul kent ya\u015fam\u0131n\u0131n mahalle aralar\u0131n\u0131 anlatan bir hik\u00e2ye derlemesidir. T\u0131pk\u0131 di\u011fer eserleri gibi, sadece muzip\u00e7e ele al\u0131namayacak bu hik\u00e2yeler, dini istismarlar\u0131, kad\u0131n-erkek ili\u015fkisini, metala\u015ft\u0131r\u0131lm\u0131\u015f kad\u0131n\u0131 anlat\u0131r. Bu y\u00f6n\u00fcyle yazar\u0131n ruh d\u00fcnyas\u0131n\u0131n da b\u00fcy\u00fck bir yans\u0131mas\u0131d\u0131r. <\/p>\n","protected":false},"excerpt":{"rendered":"<p>H\u00fcseyin Rahmi G\u00fcrp\u0131nar\u2019\u0131n en b\u00fcy\u00fck hususiyeti, soka\u011fa yak\u0131n diliyle, meddah\u00e7a resmetti\u011fi hik\u00e2yelerde toplumsal meselelere dokunmas\u0131d\u0131r.Melek Sanm\u0131\u015ft\u0131m \u015eeytan\u0131, d\u00f6nemin \u0130stanbul kent ya\u015fam\u0131n\u0131n mahalle aralar\u0131n\u0131 anlatan bir hik\u00e2ye<span class=\"excerpt-hellip\"> [\u2026]<\/span><\/p>\n","protected":false},"featured_media":0,"template":"","meta":{"_monsterinsights_skip_tracking":false,"_monsterinsights_sitenote_active":false,"_monsterinsights_sitenote_note":"","_monsterinsights_sitenote_category":0},"product_brand":[],"product_cat":[12291,12711],"product_tag":[],"class_list":{"0":"post-725583","1":"product","2":"type-product","3":"status-publish","5":"product_cat-edebiyat","6":"product_cat-roman-oyku","7":"pa_cilt-ciltsiz","8":"pa_tur-kitap","9":"pa_yayinevi-inkilap-kitabevi","10":"pa_yazar-huseyin-rahmi-gurpinar","12":"first","13":"instock","14":"sale","15":"shipping-taxable","16":"purchasable","17":"product-type-simple"},"_links":{"self":[{"href":"https:\/\/roveyayinevi.com.tr\/index.php\/wp-json\/wp\/v2\/product\/725583","targetHints":{"allow":["GET"]}}],"collection":[{"href":"https:\/\/roveyayinevi.com.tr\/index.php\/wp-json\/wp\/v2\/product"}],"about":[{"href":"https:\/\/roveyayinevi.com.tr\/index.php\/wp-json\/wp\/v2\/types\/product"}],"wp:attachment":[{"href":"https:\/\/roveyayinevi.com.tr\/index.php\/wp-json\/wp\/v2\/media?parent=725583"}],"wp:term":[{"taxonomy":"product_brand","embeddable":true,"href":"https:\/\/roveyayinevi.com.tr\/index.php\/wp-json\/wp\/v2\/product_brand?post=725583"},{"taxonomy":"product_cat","embeddable":true,"href":"https:\/\/roveyayinevi.com.tr\/index.php\/wp-json\/wp\/v2\/product_cat?post=725583"},{"taxonomy":"product_tag","embeddable":true,"href":"https:\/\/roveyayinevi.com.tr\/index.php\/wp-json\/wp\/v2\/product_tag?post=725583"}],"curies":[{"name":"wp","href":"https:\/\/api.w.org\/{rel}","templated":true}]}}