{"id":725582,"date":"2025-08-27T19:52:36","date_gmt":"2025-08-27T16:52:36","guid":{"rendered":"https:\/\/roveyayinevi.com.tr\/index.php\/urun\/gonul-ticareti\/"},"modified":"2026-04-16T02:33:32","modified_gmt":"2026-04-15T23:33:32","slug":"gonul-ticareti","status":"publish","type":"product","link":"https:\/\/roveyayinevi.com.tr\/index.php\/urun\/gonul-ticareti\/","title":{"rendered":"G\u00f6n\u00fcl Ticareti"},"content":{"rendered":"<p>\u201cBu ejderin \u00f6ld\u00fcr\u00fcc\u00fc di\u015flerine kar\u015f\u0131 koymak i\u00e7in ne yapmal\u0131y\u0131z? Yava\u015f yava\u015f v\u00fccutlar\u0131n\u0131 en \u00f6ld\u00fcr\u00fcc\u00fc zehirlere al\u0131\u015ft\u0131ranlar yok mu? Koleradan kurtulmak i\u00e7in koleraya, tifodan kurtulmak i\u00e7in tifoya, kuduzdan kurtulmak i\u00e7in kuduza a\u015f\u0131lananlar yok mu? \u0130\u015fte ben mikrobik a\u015fk hastal\u0131\u011f\u0131n\u0131n bu serumunu buldum. A\u015f\u0131land\u0131m. Onun kurbanlar\u0131 s\u00fcr\u00fc s\u00fcr\u00fc ahmaklar gibi ben bu dertten \u00f6lmeyece\u011fim. Ve kimseyi \u00f6ld\u00fcrmeyece\u011fim.\u201d\u201cHangi fiilimizi tabiat kanunlar\u0131yla tartarak i\u015fliyoruz ki bu davada da hak ve adil se\u00e7ebilelim. Bize eza veren hakikati ger\u00e7ek saymay\u0131z. B\u00fct\u00fcn \u0131st\u0131raplar\u0131 hasm\u0131m\u0131za y\u00fckleterek dava \u00f6n\u00fcnden zarars\u0131z s\u0131v\u0131\u015fmak isteriz. Bu macerada \u00e7ok azap \u00e7ektim. Fakat kar\u015f\u0131l\u0131k olarak \u015e\u00fckran\u2019\u0131n \u00e7ektiklerini de ni\u00e7in onun boynuna s\u0131rf g\u00fcnah kaydedelim.\u201dG\u00f6n\u00fcl Ticareti, ilk olarak 1939\u2019da yay\u0131mland\u0131. T\u0131pk\u0131 romanlar\u0131nda oldu\u011fu gibi \u00f6yk\u00fclerinde de unutulmaz karakterler yaratmay\u0131 ba\u015faran H\u00fcseyin Rahmi G\u00fcrp\u0131nar, \u0130stanbul kent ya\u015fam\u0131n\u0131n anlat\u0131lmayan hik\u00e2yelerini anlatm\u0131\u015ft\u0131r. G\u00f6zlemleyip kendi fikriyat\u0131yla s\u00fcsledi\u011fi karakterlerden sa\u011fduyulu insan hik\u00e2yeleri sunmu\u015ftur.  <\/p>\n","protected":false},"excerpt":{"rendered":"<p>\u201cBu ejderin \u00f6ld\u00fcr\u00fcc\u00fc di\u015flerine kar\u015f\u0131 koymak i\u00e7in ne yapmal\u0131y\u0131z? Yava\u015f yava\u015f v\u00fccutlar\u0131n\u0131 en \u00f6ld\u00fcr\u00fcc\u00fc zehirlere al\u0131\u015ft\u0131ranlar yok mu? Koleradan kurtulmak i\u00e7in koleraya, tifodan kurtulmak i\u00e7in tifoya,<span class=\"excerpt-hellip\"> [\u2026]<\/span><\/p>\n","protected":false},"featured_media":0,"template":"","meta":{"_monsterinsights_skip_tracking":false,"_monsterinsights_sitenote_active":false,"_monsterinsights_sitenote_note":"","_monsterinsights_sitenote_category":0},"product_brand":[],"product_cat":[12291,12711],"product_tag":[],"class_list":{"0":"post-725582","1":"product","2":"type-product","3":"status-publish","5":"product_cat-edebiyat","6":"product_cat-roman-oyku","7":"pa_cilt-ciltsiz","8":"pa_tur-kitap","9":"pa_yayinevi-inkilap-kitabevi","10":"pa_yazar-huseyin-rahmi-gurpinar","12":"first","13":"instock","14":"sale","15":"shipping-taxable","16":"purchasable","17":"product-type-simple"},"_links":{"self":[{"href":"https:\/\/roveyayinevi.com.tr\/index.php\/wp-json\/wp\/v2\/product\/725582","targetHints":{"allow":["GET"]}}],"collection":[{"href":"https:\/\/roveyayinevi.com.tr\/index.php\/wp-json\/wp\/v2\/product"}],"about":[{"href":"https:\/\/roveyayinevi.com.tr\/index.php\/wp-json\/wp\/v2\/types\/product"}],"wp:attachment":[{"href":"https:\/\/roveyayinevi.com.tr\/index.php\/wp-json\/wp\/v2\/media?parent=725582"}],"wp:term":[{"taxonomy":"product_brand","embeddable":true,"href":"https:\/\/roveyayinevi.com.tr\/index.php\/wp-json\/wp\/v2\/product_brand?post=725582"},{"taxonomy":"product_cat","embeddable":true,"href":"https:\/\/roveyayinevi.com.tr\/index.php\/wp-json\/wp\/v2\/product_cat?post=725582"},{"taxonomy":"product_tag","embeddable":true,"href":"https:\/\/roveyayinevi.com.tr\/index.php\/wp-json\/wp\/v2\/product_tag?post=725582"}],"curies":[{"name":"wp","href":"https:\/\/api.w.org\/{rel}","templated":true}]}}