{"id":725581,"date":"2025-08-27T19:52:35","date_gmt":"2025-08-27T16:52:35","guid":{"rendered":"https:\/\/roveyayinevi.com.tr\/index.php\/urun\/calisma-ekonomisi-ve-endustri-iliskileri-konu-anlatimi\/"},"modified":"2026-04-16T02:33:32","modified_gmt":"2026-04-15T23:33:32","slug":"calisma-ekonomisi-ve-endustri-iliskileri-konu-anlatimi","status":"publish","type":"product","link":"https:\/\/roveyayinevi.com.tr\/index.php\/urun\/calisma-ekonomisi-ve-endustri-iliskileri-konu-anlatimi\/","title":{"rendered":"\u00c7al\u0131\u015fma Ekonomisi ve End\u00fcstri \u0130li\u015fkileri Konu Anlat\u0131m\u0131"},"content":{"rendered":"<p>1-\u0130\u015f Hukuku ve Teorisi2-Sosyal G\u00fcvenlik Hukuku ve Teorisi3-\u00c7al\u0131\u015fma Ekonomisi4-Sosyal Politika5-\u00c7al\u0131\u015fma Sosyolojisi6-\u00c7al\u0131\u015fma Psikolojisi<\/p>\n","protected":false},"excerpt":{"rendered":"<p>1-\u0130\u015f Hukuku ve Teorisi2-Sosyal G\u00fcvenlik Hukuku ve Teorisi3-\u00c7al\u0131\u015fma Ekonomisi4-Sosyal Politika5-\u00c7al\u0131\u015fma Sosyolojisi6-\u00c7al\u0131\u015fma Psikolojisi<\/p>\n","protected":false},"featured_media":0,"template":"","meta":{"_monsterinsights_skip_tracking":false,"_monsterinsights_sitenote_active":false,"_monsterinsights_sitenote_note":"","_monsterinsights_sitenote_category":0},"product_brand":[],"product_cat":[12566,13473],"product_tag":[],"class_list":{"0":"post-725581","1":"product","2":"type-product","3":"status-publish","5":"product_cat-egitim","6":"product_cat-sinavlara-hazirlik-okula-yardimci-kaynaklar","7":"pa_cilt-ciltsiz","8":"pa_tur-kitap","9":"pa_yayinevi-gazi-kitabevi","10":"pa_yazar-adem-kaya-yasin-kulaksiz","12":"first","13":"instock","14":"sale","15":"shipping-taxable","16":"purchasable","17":"product-type-simple"},"_links":{"self":[{"href":"https:\/\/roveyayinevi.com.tr\/index.php\/wp-json\/wp\/v2\/product\/725581","targetHints":{"allow":["GET"]}}],"collection":[{"href":"https:\/\/roveyayinevi.com.tr\/index.php\/wp-json\/wp\/v2\/product"}],"about":[{"href":"https:\/\/roveyayinevi.com.tr\/index.php\/wp-json\/wp\/v2\/types\/product"}],"wp:attachment":[{"href":"https:\/\/roveyayinevi.com.tr\/index.php\/wp-json\/wp\/v2\/media?parent=725581"}],"wp:term":[{"taxonomy":"product_brand","embeddable":true,"href":"https:\/\/roveyayinevi.com.tr\/index.php\/wp-json\/wp\/v2\/product_brand?post=725581"},{"taxonomy":"product_cat","embeddable":true,"href":"https:\/\/roveyayinevi.com.tr\/index.php\/wp-json\/wp\/v2\/product_cat?post=725581"},{"taxonomy":"product_tag","embeddable":true,"href":"https:\/\/roveyayinevi.com.tr\/index.php\/wp-json\/wp\/v2\/product_tag?post=725581"}],"curies":[{"name":"wp","href":"https:\/\/api.w.org\/{rel}","templated":true}]}}