{"id":725577,"date":"2025-08-27T19:52:31","date_gmt":"2025-08-27T16:52:31","guid":{"rendered":"https:\/\/roveyayinevi.com.tr\/index.php\/urun\/22-gun-22-gece-sakarya\/"},"modified":"2026-04-16T02:33:32","modified_gmt":"2026-04-15T23:33:32","slug":"22-gun-22-gece-sakarya","status":"publish","type":"product","link":"https:\/\/roveyayinevi.com.tr\/index.php\/urun\/22-gun-22-gece-sakarya\/","title":{"rendered":"22 G\u00fcn 22 Gece Sakarya"},"content":{"rendered":"<p>Sakarya Meydan Muharebesi, 22 g\u00fcn 22 gece s\u00fcrer. Sava\u015f tarihinin en uzun ve en kanl\u0131 meydan muharebesi\u202622 g\u00fcnde, yakla\u015f\u0131k 15 bin asker \u015fehit d\u00fc\u015ft\u00fc. Toplam zayiat, 40 bin civar\u0131nda. G\u00fcnde 700 kahraman, vatan\u0131 ye\u015fertmek i\u00e7in kan\u0131n\u0131 verdi\u2026 Mustafa Kemal Pa\u015fa\u2019n\u0131n deyimiyle, \u201cB\u00fcy\u00fck Kanl\u0131 Sava\u015f\u2026\u201dOsmanl\u0131 Devleti\u2019nde 1683 y\u0131l\u0131nda, Viyana ile ba\u015flayan T\u00fcrk toprak kayb\u0131 ve \u00e7ekilmesi 238 y\u0131l s\u00fcrer\u2026 238 y\u0131ll\u0131k \u00e7ekilmeyi Sakarya\u2019da durduran komutan\u2026 Sava\u015f tarihine, ad\u0131n\u0131 alt\u0131n harflerle yazd\u0131ran Ba\u015fkomutan Mustafa Kemal Pa\u015fa\u2026Yokluk, k\u0131tl\u0131k ve milletin kalan son at\u0131ml\u0131k cephanesi\u2026Yaral\u0131 bir Ba\u015fkomutan\u2019\u0131n, sava\u015f meydan\u0131nda hayk\u0131r\u0131\u015f\u0131\u2026Kanl\u0131 Sava\u015f Meydan\u0131\u2019nda d\u00fc\u015fmanlarla sava\u015f\u0131rken, Padi\u015fah Vahdettin\u2019le, Enver Pa\u015fa\u2019yla m\u00fccadelesi\u2026Hannibal, B\u00fcy\u00fck \u0130skender, Sezar ve Napolyon\u2019u k\u0131skand\u0131racak sava\u015f ustal\u0131\u011f\u0131\u2026Mustafa Kemal Pa\u015fa\u2019n\u0131n muharebede ya\u015fad\u0131\u011f\u0131 duygusal anlar\u2026 Pa\u015fa\u2019ya sevdal\u0131 Fikriye\u2026Bu belgesel-anlat\u0131, siz, \u00e7ocuklar\u0131n\u0131z, torunlar\u0131n\u0131z\u2026 Ve gelecek ku\u015faklar i\u00e7in yaz\u0131lm\u0131\u015ft\u0131r\u2026Bir g\u00f6revi yerine getirmenin sorumlulu\u011fuyla\u2026 <\/p>\n","protected":false},"excerpt":{"rendered":"<p>Sakarya Meydan Muharebesi, 22 g\u00fcn 22 gece s\u00fcrer. Sava\u015f tarihinin en uzun ve en kanl\u0131 meydan muharebesi\u202622 g\u00fcnde, yakla\u015f\u0131k 15 bin asker \u015fehit d\u00fc\u015ft\u00fc. Toplam zayiat,<span class=\"excerpt-hellip\"> [\u2026]<\/span><\/p>\n","protected":false},"featured_media":0,"template":"","meta":{"_monsterinsights_skip_tracking":false,"_monsterinsights_sitenote_active":false,"_monsterinsights_sitenote_note":"","_monsterinsights_sitenote_category":0},"product_brand":[],"product_cat":[18545,12291],"product_tag":[],"class_list":{"0":"post-725577","1":"product","2":"type-product","3":"status-publish","5":"product_cat-anlati","6":"product_cat-edebiyat","7":"pa_cilt-ciltsiz","8":"pa_tur-kitap","9":"pa_yayinevi-inkilap-kitabevi","10":"pa_yazar-naim-baburoglu","12":"first","13":"instock","14":"sale","15":"shipping-taxable","16":"purchasable","17":"product-type-simple"},"_links":{"self":[{"href":"https:\/\/roveyayinevi.com.tr\/index.php\/wp-json\/wp\/v2\/product\/725577","targetHints":{"allow":["GET"]}}],"collection":[{"href":"https:\/\/roveyayinevi.com.tr\/index.php\/wp-json\/wp\/v2\/product"}],"about":[{"href":"https:\/\/roveyayinevi.com.tr\/index.php\/wp-json\/wp\/v2\/types\/product"}],"wp:attachment":[{"href":"https:\/\/roveyayinevi.com.tr\/index.php\/wp-json\/wp\/v2\/media?parent=725577"}],"wp:term":[{"taxonomy":"product_brand","embeddable":true,"href":"https:\/\/roveyayinevi.com.tr\/index.php\/wp-json\/wp\/v2\/product_brand?post=725577"},{"taxonomy":"product_cat","embeddable":true,"href":"https:\/\/roveyayinevi.com.tr\/index.php\/wp-json\/wp\/v2\/product_cat?post=725577"},{"taxonomy":"product_tag","embeddable":true,"href":"https:\/\/roveyayinevi.com.tr\/index.php\/wp-json\/wp\/v2\/product_tag?post=725577"}],"curies":[{"name":"wp","href":"https:\/\/api.w.org\/{rel}","templated":true}]}}