{"id":725576,"date":"2025-08-27T19:52:31","date_gmt":"2025-08-27T16:52:31","guid":{"rendered":"https:\/\/roveyayinevi.com.tr\/index.php\/urun\/gozunu-kaciran-kurtuldu\/"},"modified":"2026-04-07T02:42:22","modified_gmt":"2026-04-06T23:42:22","slug":"gozunu-kaciran-kurtuldu","status":"publish","type":"product","link":"https:\/\/roveyayinevi.com.tr\/index.php\/urun\/gozunu-kaciran-kurtuldu\/","title":{"rendered":"G\u00f6z\u00fcn\u00fc Ka\u00e7\u0131ran Kurtuldu"},"content":{"rendered":"<p>G\u00d6Z\u00dcN\u00dc KA\u00c7IRAN KURTULDUBu kitap\u00e7\u0131\u011f\u0131n din felsefesi y\u00f6n\u00fc olmas\u0131na kar\u015f\u0131n, okuyucunun s\u0131k\u0131lmadan ve hayat felsefesi y\u00f6n\u00fcyle de birle\u015ftirilip okunmas\u0131n\u0131 sa\u011flamak i\u00e7in, g\u00fcncel ve bilimsel \u00f6rneklerden vermeyi uygun buldum. Sadece karma\u015f\u0131k, etkili ve korkutucu bilgi y\u0131\u011f\u0131n\u0131 ile konuya girmek ve bu \u015fekilde bitirmek, okuyucunun pozitif elektri\u011fini alabilir. B\u00f6yle d\u00fc\u015f\u00fcnd\u00fc\u011f\u00fcm i\u00e7in de, konuyla ilgili ve ili\u015fkili (\u00e7ok\u00e7a) \u00f6rnekler vermekten \u00e7ekinmedim.Daha \u00f6nceki yazm\u0131\u015f oldu\u011fum kitaplar\u0131mda da ayn\u0131 y\u00f6ntemi uygulad\u0131\u011f\u0131mdan dolay\u0131, olumlu d\u00f6n\u00fc\u015fler ald\u0131\u011f\u0131m\u0131 biliyorum. Yine bu \u00e7al\u0131\u015fmada, farkl\u0131 gibi g\u00f6z\u00fckebilecek, bir \u00e7\u00f6z\u00fcmleyici (analitik) yol izlemi\u015f bulunmaktay\u0131m. Bu y\u00f6ntemde b\u00f6l\u00fcm i\u00e7lerinde \u00f6zetler \u00e7\u0131kartarak, konuyu toparlamak gere\u011fi duydum. Ayet ve hadislerin a\u00e7\u0131klanmalar\u0131nda ise, kendi yorumlar\u0131m\u0131, parantez i\u00e7erisinde vermi\u015f oldum.S\u0131k\u0131lmadan  okuyaca\u011f\u0131n\u0131z\u0131 \u00fcmit ediyorum\u2026<\/p>\n","protected":false},"excerpt":{"rendered":"<p>G\u00d6Z\u00dcN\u00dc KA\u00c7IRAN KURTULDUBu kitap\u00e7\u0131\u011f\u0131n din felsefesi y\u00f6n\u00fc olmas\u0131na kar\u015f\u0131n, okuyucunun s\u0131k\u0131lmadan ve hayat felsefesi y\u00f6n\u00fcyle de birle\u015ftirilip okunmas\u0131n\u0131 sa\u011flamak i\u00e7in, g\u00fcncel ve bilimsel \u00f6rneklerden vermeyi uygun<span class=\"excerpt-hellip\"> [\u2026]<\/span><\/p>\n","protected":false},"featured_media":0,"template":"","meta":{"_monsterinsights_skip_tracking":false,"_monsterinsights_sitenote_active":false,"_monsterinsights_sitenote_note":"","_monsterinsights_sitenote_category":0},"product_brand":[],"product_cat":[12364,12376],"product_tag":[],"class_list":{"0":"post-725576","1":"product","2":"type-product","3":"status-publish","5":"product_cat-genel-konular","6":"product_cat-kisisel-gelisim","7":"pa_cilt-ciltsiz","8":"pa_tur-kitap","9":"pa_yayinevi-gulnar-yayinlari","10":"pa_yazar-sedat-sadioglu","12":"first","13":"instock","14":"sale","15":"shipping-taxable","16":"purchasable","17":"product-type-simple"},"_links":{"self":[{"href":"https:\/\/roveyayinevi.com.tr\/index.php\/wp-json\/wp\/v2\/product\/725576","targetHints":{"allow":["GET"]}}],"collection":[{"href":"https:\/\/roveyayinevi.com.tr\/index.php\/wp-json\/wp\/v2\/product"}],"about":[{"href":"https:\/\/roveyayinevi.com.tr\/index.php\/wp-json\/wp\/v2\/types\/product"}],"wp:attachment":[{"href":"https:\/\/roveyayinevi.com.tr\/index.php\/wp-json\/wp\/v2\/media?parent=725576"}],"wp:term":[{"taxonomy":"product_brand","embeddable":true,"href":"https:\/\/roveyayinevi.com.tr\/index.php\/wp-json\/wp\/v2\/product_brand?post=725576"},{"taxonomy":"product_cat","embeddable":true,"href":"https:\/\/roveyayinevi.com.tr\/index.php\/wp-json\/wp\/v2\/product_cat?post=725576"},{"taxonomy":"product_tag","embeddable":true,"href":"https:\/\/roveyayinevi.com.tr\/index.php\/wp-json\/wp\/v2\/product_tag?post=725576"}],"curies":[{"name":"wp","href":"https:\/\/api.w.org\/{rel}","templated":true}]}}