{"id":725574,"date":"2025-08-27T19:52:29","date_gmt":"2025-08-27T16:52:29","guid":{"rendered":"https:\/\/roveyayinevi.com.tr\/index.php\/urun\/proust-bir-sinirbilimciydi\/"},"modified":"2026-04-16T02:33:32","modified_gmt":"2026-04-15T23:33:32","slug":"proust-bir-sinirbilimciydi","status":"publish","type":"product","link":"https:\/\/roveyayinevi.com.tr\/index.php\/urun\/proust-bir-sinirbilimciydi\/","title":{"rendered":"Proust Bir Sinirbilimciydi"},"content":{"rendered":"<p>Marcel Proust t\u00fcm g\u00fcn\u00fcn\u00fc yatakta ge\u00e7irir, eski g\u00fcnleri d\u00fc\u015f\u00fcn\u00fcrd\u00fc. Paul C\u00e9zanne saatler boyu \u00f6ylece bir elmaya bakard\u0131. Auguste Escoffier sadece m\u00fc\u015fterilerini memnun etmeye \u00e7al\u0131\u015f\u0131rd\u0131. \u0130gor Stravinski m\u00fc\u015fterilerini memnun etmemeye \u00e7al\u0131\u015f\u0131rd\u0131. Gertrude Stein ise s\u00f6zc\u00fcklerle oynamay\u0131 severdi. Fakat aralar\u0131ndaki teknik farklara ra\u011fmen, bu sanat\u00e7\u0131lar\u0131n hepsi de insan deneyimine sonu gelmez bir ilgi duyuyordu. Yaratt\u0131klar\u0131 eserler ke\u015fif edimleriydi, anlayamad\u0131klar\u0131 gizemlerle bu \u015fekilde bo\u011fu\u015fuyorlard\u0131. Daha \u00f6nce iki kitab\u0131n\u0131 yay\u0131mlad\u0131\u011f\u0131m\u0131z Jonah Lehrer Proust Bir Sinirbilimciydi\u2019de kendi alanlar\u0131na damga vurmu\u015f sekiz isim \u00fczerinden, sanat\u00e7\u0131lar\u0131n bilim alan\u0131nda kan\u0131tlanm\u0131\u015f olgular\u0131 bilimcilerden \u00f6nce sezgileriyle \u00f6ng\u00f6rd\u00fcklerini herkes\u00e7e anla\u015f\u0131l\u0131r bir dille anlat\u0131yor. Bunu yaparken duygularla d\u00fc\u015f\u00fcnceler aras\u0131ndaki ayr\u0131ma oldu\u011fu gibi, sanatla bilim aras\u0131ndaki kat\u0131 i\u015fb\u00f6l\u00fcm\u00fcne de kar\u015f\u0131 \u00e7\u0131k\u0131yor ve yeni bir yol, \u201cd\u00f6rd\u00fcnc\u00fc k\u00fclt\u00fcr\u201d yolunu \u00f6neriyor. Fakat d\u00f6rd\u00fcnc\u00fc bir k\u00fclt\u00fcre ula\u015fabilmemiz i\u00e7in \u00f6ncelikle sahip oldu\u011fumuz iki k\u00fclt\u00fcr\u00fcn al\u0131\u015fkanl\u0131klar\u0131n\u0131 de\u011fi\u015ftirmesi gerekir. Hepsinden \u00f6nce, be\u015feri bilimler samimi bir ad\u0131mla pozitif bilimlerle ba\u011f kurmal\u0131d\u0131r. Proust Bir Sinirbilimciydi bu yolda at\u0131lm\u0131\u015f \u00f6nemli bir ad\u0131m. JONAH LEHRER1981\u2019de Amerika\u2019da do\u011fdu. Columbia \u00dcniversitesi\u2019nde sinirbilim okudu. Sinirbilim alan\u0131nda yaz\u0131lar ve kitaplar kaleme ald\u0131. The New Yorker, Nature, Seed, The Washington Post gibi mecralara d\u00fczenli olarak yaz\u0131lar yazmaktad\u0131r. <\/p>\n","protected":false},"excerpt":{"rendered":"<p>Marcel Proust t\u00fcm g\u00fcn\u00fcn\u00fc yatakta ge\u00e7irir, eski g\u00fcnleri d\u00fc\u015f\u00fcn\u00fcrd\u00fc. Paul C\u00e9zanne saatler boyu \u00f6ylece bir elmaya bakard\u0131. Auguste Escoffier sadece m\u00fc\u015fterilerini memnun etmeye \u00e7al\u0131\u015f\u0131rd\u0131. \u0130gor Stravinski<span class=\"excerpt-hellip\"> [\u2026]<\/span><\/p>\n","protected":false},"featured_media":0,"template":"","meta":{"_monsterinsights_skip_tracking":false,"_monsterinsights_sitenote_active":false,"_monsterinsights_sitenote_note":"","_monsterinsights_sitenote_category":0},"product_brand":[],"product_cat":[13005,37328],"product_tag":[],"class_list":{"0":"post-725574","1":"product","2":"type-product","3":"status-publish","5":"product_cat-bilim-muhendislik","6":"product_cat-diger-bilim-muhendislik","7":"pa_cilt-ciltsiz","8":"pa_tur-kitap","9":"pa_yayinevi-ayrinti-yayinlari","10":"pa_yazar-jonah-lehrer","12":"first","13":"instock","14":"sale","15":"shipping-taxable","16":"purchasable","17":"product-type-simple"},"_links":{"self":[{"href":"https:\/\/roveyayinevi.com.tr\/index.php\/wp-json\/wp\/v2\/product\/725574","targetHints":{"allow":["GET"]}}],"collection":[{"href":"https:\/\/roveyayinevi.com.tr\/index.php\/wp-json\/wp\/v2\/product"}],"about":[{"href":"https:\/\/roveyayinevi.com.tr\/index.php\/wp-json\/wp\/v2\/types\/product"}],"wp:attachment":[{"href":"https:\/\/roveyayinevi.com.tr\/index.php\/wp-json\/wp\/v2\/media?parent=725574"}],"wp:term":[{"taxonomy":"product_brand","embeddable":true,"href":"https:\/\/roveyayinevi.com.tr\/index.php\/wp-json\/wp\/v2\/product_brand?post=725574"},{"taxonomy":"product_cat","embeddable":true,"href":"https:\/\/roveyayinevi.com.tr\/index.php\/wp-json\/wp\/v2\/product_cat?post=725574"},{"taxonomy":"product_tag","embeddable":true,"href":"https:\/\/roveyayinevi.com.tr\/index.php\/wp-json\/wp\/v2\/product_tag?post=725574"}],"curies":[{"name":"wp","href":"https:\/\/api.w.org\/{rel}","templated":true}]}}