{"id":725570,"date":"2025-08-27T19:52:26","date_gmt":"2025-08-27T16:52:26","guid":{"rendered":"https:\/\/roveyayinevi.com.tr\/index.php\/urun\/kutu\/"},"modified":"2026-04-16T02:33:32","modified_gmt":"2026-04-15T23:33:32","slug":"kutu","status":"publish","type":"product","link":"https:\/\/roveyayinevi.com.tr\/index.php\/urun\/kutu\/","title":{"rendered":"Kutu"},"content":{"rendered":"<p>Hi\u00e7li\u011fe ve zamans\u0131zl\u0131\u011fa do\u011fru \u00fcrpertici bir ko\u015fu\u2026Zaman\u0131n ak\u0131\u015f\u0131n\u0131 ger\u00e7ekten tersine \u00e7evirebilir miyiz? Bedenimizin ve belle\u011fimizin yitirdi\u011fi birmutlulu\u011fun par\u00e7alar\u0131n\u0131 yeniden birle\u015ftirebilir miyiz? \u00c7a\u011fda\u015f Frans\u0131z edebiyat\u0131n\u0131n g\u00fc\u00e7l\u00fc kalemlerindenNathalie Le Gendre, belle\u011fin \u00e7\u00fcr\u00fcy\u00fc\u015f\u00fcne ve zamana meydan okuyan bir anlat\u0131 sunuyor.Gen\u00e7lik a\u015f\u0131layacak deney u\u011fruna hem ge\u00e7mi\u015fini hem gelece\u011fini yitiren bir bilimkurgu yazar\u0131. Hayat\u0131tersten ya\u015famay\u0131 se\u00e7ti\u011fi i\u00e7in sevdi\u011fi herkesten ve her \u015feyden ayr\u0131 d\u00fc\u015fen, t\u00fcm ya\u015fam\u0131n\u0131 bir deftere vekutuya hapseden kad\u0131n\u0131n zamanla ve ger\u00e7eklikle k\u0131yas\u0131ya \u00e7at\u0131\u015fmas\u0131. New York sokaklar\u0131nda sal\u0131nacaksonsuz gen\u00e7lik ve g\u00fczellik hayalinden, klini\u011fin so\u011fuk ve yaln\u0131z duvarlar\u0131na\u2026 Zaman\u0131n girdab\u0131nakap\u0131lanlar\u0131n cesaret, umut, sevgi ve hayal k\u0131r\u0131kl\u0131\u011f\u0131yla dolu \u00f6yk\u00fcs\u00fc\u2026Ge\u00e7mi\u015fin bug\u00fcnle i\u00e7 i\u00e7e ge\u00e7ti\u011fi, hazm\u0131 zor, \u00e7okkatmanl\u0131 bir gelecek zaman klasi\u011fi!Sayfay\u0131 y\u0131rtt\u0131, a\u011fz\u0131na t\u0131kt\u0131, uzun uzun \u00e7i\u011fnedi ve o i\u011fren\u00e7 k\u00e2\u011f\u0131t hamurunu, sanki nihai ger\u00e7e\u011fiortadan kald\u0131r\u0131yormu\u015f gibi bir seferde yuttu. Ans\u0131z\u0131n, uzun y\u0131llar boyunca onu sarsan b\u00fct\u00fcnolaylar\u0131 hat\u0131rlad\u0131; yeniden Myrtille\u2019i d\u00fc\u015f\u00fcnd\u00fc ve kalbinin ac\u0131dan patlayaca\u011f\u0131n\u0131 sand\u0131.\u201cYok olmak istemiyorum! Hen\u00fcz de\u011fil!\u201dKomodinin \u00e7ekmecesini kar\u0131\u015ft\u0131r\u0131p bir kalem \u00e7\u0131kard\u0131.Benim ad\u0131m Shanel Kay ve ben yok olmamal\u0131y\u0131m.C\u00fcmle, ak\u0131l defterinin son bo\u015f sayfas\u0131n\u0131 dolduruyordu. <\/p>\n","protected":false},"excerpt":{"rendered":"<p>Hi\u00e7li\u011fe ve zamans\u0131zl\u0131\u011fa do\u011fru \u00fcrpertici bir ko\u015fu\u2026Zaman\u0131n ak\u0131\u015f\u0131n\u0131 ger\u00e7ekten tersine \u00e7evirebilir miyiz? Bedenimizin ve belle\u011fimizin yitirdi\u011fi birmutlulu\u011fun par\u00e7alar\u0131n\u0131 yeniden birle\u015ftirebilir miyiz? \u00c7a\u011fda\u015f Frans\u0131z edebiyat\u0131n\u0131n g\u00fc\u00e7l\u00fc kalemlerindenNathalie<span class=\"excerpt-hellip\"> [\u2026]<\/span><\/p>\n","protected":false},"featured_media":0,"template":"","meta":{"_monsterinsights_skip_tracking":false,"_monsterinsights_sitenote_active":false,"_monsterinsights_sitenote_note":"","_monsterinsights_sitenote_category":0},"product_brand":[],"product_cat":[12291,12711],"product_tag":[],"class_list":{"0":"post-725570","1":"product","2":"type-product","3":"status-publish","5":"product_cat-edebiyat","6":"product_cat-roman-oyku","7":"pa_cilt-ciltsiz","8":"pa_tur-kitap","9":"pa_yayinevi-on8-kitap","10":"pa_yazar-nathalie-le-gendre","12":"first","13":"instock","14":"sale","15":"shipping-taxable","16":"purchasable","17":"product-type-simple"},"_links":{"self":[{"href":"https:\/\/roveyayinevi.com.tr\/index.php\/wp-json\/wp\/v2\/product\/725570","targetHints":{"allow":["GET"]}}],"collection":[{"href":"https:\/\/roveyayinevi.com.tr\/index.php\/wp-json\/wp\/v2\/product"}],"about":[{"href":"https:\/\/roveyayinevi.com.tr\/index.php\/wp-json\/wp\/v2\/types\/product"}],"wp:attachment":[{"href":"https:\/\/roveyayinevi.com.tr\/index.php\/wp-json\/wp\/v2\/media?parent=725570"}],"wp:term":[{"taxonomy":"product_brand","embeddable":true,"href":"https:\/\/roveyayinevi.com.tr\/index.php\/wp-json\/wp\/v2\/product_brand?post=725570"},{"taxonomy":"product_cat","embeddable":true,"href":"https:\/\/roveyayinevi.com.tr\/index.php\/wp-json\/wp\/v2\/product_cat?post=725570"},{"taxonomy":"product_tag","embeddable":true,"href":"https:\/\/roveyayinevi.com.tr\/index.php\/wp-json\/wp\/v2\/product_tag?post=725570"}],"curies":[{"name":"wp","href":"https:\/\/api.w.org\/{rel}","templated":true}]}}