{"id":725569,"date":"2025-08-27T19:52:25","date_gmt":"2025-08-27T16:52:25","guid":{"rendered":"https:\/\/roveyayinevi.com.tr\/index.php\/urun\/aska-ovgu\/"},"modified":"2026-04-16T02:33:32","modified_gmt":"2026-04-15T23:33:32","slug":"aska-ovgu","status":"publish","type":"product","link":"https:\/\/roveyayinevi.com.tr\/index.php\/urun\/aska-ovgu\/","title":{"rendered":"A\u015fka \u00d6vg\u00fc"},"content":{"rendered":"<p>Eski zamanlarda hik\u00e2yelere, destanlara, \u015fiirlere, t\u00fcrk\u00fclere ve \u015fark\u0131lara konu olan a\u015fk, maalesef son y\u0131llarda bir anlam kaymas\u0131yla de\u011fer kayb\u0131na u\u011fram\u0131\u015f g\u00f6r\u00fcnmektedir. Ge\u00e7mi\u015fte y\u00fcksek bir duygu olan a\u015fk, evrenin var olu\u015f sebebi olarak de\u011ferlendirilip ilah\u00ee bir boyut kazanm\u0131\u015fken, g\u00fcn\u00fcm\u00fczde baya\u011f\u0131la\u015ft\u0131r\u0131lmaya ve \u00e2deta yaln\u0131zca cinsellikle bir arada telaffuz edilmeye \u00e7al\u0131\u015f\u0131lmaktad\u0131r. Bunda a\u015fk\u0131n, \u00f6zellikle ileti\u015fim vas\u0131talar\u0131nda pespaye bir kullan\u0131mla ele al\u0131n\u0131p duygusal ve manevi anlam\u0131ndan uzakla\u015ft\u0131r\u0131lmas\u0131n\u0131n \u00f6nemli pay\u0131 oldu\u011funu s\u00f6yleyebiliriz. Duygudan yoksun cinsel ili\u015fkilerin ad\u0131na a\u015fk denilmesi, kavram ba\u011flam\u0131ndan uzakla\u015ft\u0131r\u0131larak alelade bir terim h\u00e2line getirilmesi ve buna ba\u011fl\u0131 olarak kar\u015f\u0131 cinslerin birbirlerine ulu orta \u2018a\u015fk\u0131m\u2019 diye hitap etmeleri, a\u015fk\u0131n y\u00fcceli\u011fini ortadan kald\u0131rmaya y\u00f6nelik \u00e7abalar olarak g\u00f6r\u00fclmektedir.Oysaki a\u015fk, her \u015feyden \u00f6nce samimiyet ihtiva eden saf ve temiz bir duygudur. Elinizdeki bu kitap, harf ve hece say\u0131s\u0131 bak\u0131m\u0131ndan sat\u0131rlarda fazla yer kaplamasa bile, g\u00f6n\u00fcllerde \u00e7ok engin bir yere sahip olan a\u015fk\u0131n, a\u015fk\u0131n (y\u00fcce) bir duygu oldu\u011funun yeniden hat\u0131rlat\u0131lmas\u0131 gerekti\u011finden hareketle ve a\u015fk ile olu\u015fturulmaya \u00e7al\u0131\u015f\u0131ld\u0131. Safl\u0131\u011f\u0131n, sadeli\u011fin, samimiyetin ve y\u00fcksek duygular\u0131n ifadesi olan a\u015fk, yeniden eski temizli\u011fine ve y\u00fcceli\u011fine kavu\u015fturulabilirse, d\u00fcnyam\u0131z da belki \u00e7irkinliklerden ve baya\u011f\u0131l\u0131klardan uzakla\u015f\u0131p yeniden ya\u015fanabilir bir yer h\u00e2lini alabilir. Bunu ba\u015farabilmek ad\u0131na, a\u015fka sahip \u00e7\u0131k\u0131p kirletmeyelim. O hep temiz kals\u0131n ki insanl\u0131k da yeniden de\u011fer kazans\u0131n.<\/p>\n","protected":false},"excerpt":{"rendered":"<p>Eski zamanlarda hik\u00e2yelere, destanlara, \u015fiirlere, t\u00fcrk\u00fclere ve \u015fark\u0131lara konu olan a\u015fk, maalesef son y\u0131llarda bir anlam kaymas\u0131yla de\u011fer kayb\u0131na u\u011fram\u0131\u015f g\u00f6r\u00fcnmektedir. Ge\u00e7mi\u015fte y\u00fcksek bir duygu olan<span class=\"excerpt-hellip\"> [\u2026]<\/span><\/p>\n","protected":false},"featured_media":0,"template":"","meta":{"_monsterinsights_skip_tracking":false,"_monsterinsights_sitenote_active":false,"_monsterinsights_sitenote_note":"","_monsterinsights_sitenote_category":0},"product_brand":[],"product_cat":[12389,12388],"product_tag":[],"class_list":{"0":"post-725569","1":"product","2":"type-product","3":"status-publish","5":"product_cat-diger-felsefe","6":"product_cat-felsefe","7":"pa_cilt-ciltsiz","8":"pa_tur-kitap","9":"pa_yayinevi-bilge-kultur-sanat","10":"pa_yazar-h-omer-ozden","12":"first","13":"instock","14":"sale","15":"shipping-taxable","16":"purchasable","17":"product-type-simple"},"_links":{"self":[{"href":"https:\/\/roveyayinevi.com.tr\/index.php\/wp-json\/wp\/v2\/product\/725569","targetHints":{"allow":["GET"]}}],"collection":[{"href":"https:\/\/roveyayinevi.com.tr\/index.php\/wp-json\/wp\/v2\/product"}],"about":[{"href":"https:\/\/roveyayinevi.com.tr\/index.php\/wp-json\/wp\/v2\/types\/product"}],"wp:attachment":[{"href":"https:\/\/roveyayinevi.com.tr\/index.php\/wp-json\/wp\/v2\/media?parent=725569"}],"wp:term":[{"taxonomy":"product_brand","embeddable":true,"href":"https:\/\/roveyayinevi.com.tr\/index.php\/wp-json\/wp\/v2\/product_brand?post=725569"},{"taxonomy":"product_cat","embeddable":true,"href":"https:\/\/roveyayinevi.com.tr\/index.php\/wp-json\/wp\/v2\/product_cat?post=725569"},{"taxonomy":"product_tag","embeddable":true,"href":"https:\/\/roveyayinevi.com.tr\/index.php\/wp-json\/wp\/v2\/product_tag?post=725569"}],"curies":[{"name":"wp","href":"https:\/\/api.w.org\/{rel}","templated":true}]}}