{"id":725567,"date":"2025-08-27T19:52:24","date_gmt":"2025-08-27T16:52:24","guid":{"rendered":"https:\/\/roveyayinevi.com.tr\/index.php\/urun\/yeni-turk-devletinin-onculeri\/"},"modified":"2026-04-08T02:41:55","modified_gmt":"2026-04-07T23:41:55","slug":"yeni-turk-devletinin-onculeri","status":"publish","type":"product","link":"https:\/\/roveyayinevi.com.tr\/index.php\/urun\/yeni-turk-devletinin-onculeri\/","title":{"rendered":"Yeni T\u00fcrk Devletinin \u00d6nc\u00fcleri"},"content":{"rendered":"<p>B\u00fcy\u00fck T\u00fcrk milliyet\u00e7isi Yusuf Ak\u00e7ura\u2019n\u0131n T\u00fcrk Y\u0131l\u0131 dergisinde yay\u0131mlanan bir makalesinden kitapla\u015ft\u0131r\u0131lan bu eser, T\u00fcrkiye Cumhuriyeti\u2019nin temel yap\u0131s\u0131n\u0131 olu\u015fturan \u201cT\u00fcrk\u00e7\u00fcl\u00fck\u201d d\u00fc\u015f\u00fcncesinin derli toplu bir tarihidir ve bu d\u00fc\u015f\u00fcnceye hizmet eden T\u00fcrk\u00e7\u00fclerin \u00e7al\u0131\u015fmalar\u0131 ve eserleri hakk\u0131nda \u00f6nemli bilgiler i\u00e7ermektedir. T\u00fcrklerin tarifinden, milliyet fikrinin T\u00fcrkler aras\u0131nda yay\u0131lmas\u0131na; Bat\u0131 T\u00fcrklerinin Avrupa ile m\u00fcnasebetlerinden, Bat\u0131 T\u00fcrklerinde T\u00fcrk\u00e7\u00fcl\u00fc\u011f\u00fcn devrelerine; siyas\u00ee T\u00fcrk\u00e7\u00fclerden, T\u00fcrk\u00e7\u00fcl\u00fckte te\u015fkilatlanma devresine ve T\u00fcrkiye Cumhuriyeti\u2019ne dair de\u011ferlendirmeleriyle bu eser, T\u00fcrkiye Cumhuriyeti\u2019nin kurulu\u015funa \u00f6nc\u00fcl\u00fck eden d\u00fc\u015f\u00fcn\u00fcr, yazar ve \u015fairler hakk\u0131nda bilgi edinmek isteyen herkes i\u00e7in, \u00f6zellikle de gen\u00e7ler i\u00e7in, \u00f6nemli bir kaynak niteli\u011fi ta\u015f\u0131maktad\u0131r<\/p>\n","protected":false},"excerpt":{"rendered":"<p>B\u00fcy\u00fck T\u00fcrk milliyet\u00e7isi Yusuf Ak\u00e7ura\u2019n\u0131n T\u00fcrk Y\u0131l\u0131 dergisinde yay\u0131mlanan bir makalesinden kitapla\u015ft\u0131r\u0131lan bu eser, T\u00fcrkiye Cumhuriyeti\u2019nin temel yap\u0131s\u0131n\u0131 olu\u015fturan \u201cT\u00fcrk\u00e7\u00fcl\u00fck\u201d d\u00fc\u015f\u00fcncesinin derli toplu bir tarihidir ve<span class=\"excerpt-hellip\"> [\u2026]<\/span><\/p>\n","protected":false},"featured_media":0,"template":"","meta":{"_monsterinsights_skip_tracking":false,"_monsterinsights_sitenote_active":false,"_monsterinsights_sitenote_note":"","_monsterinsights_sitenote_category":0},"product_brand":[],"product_cat":[12325,12324],"product_tag":[],"class_list":{"0":"post-725567","1":"product","2":"type-product","3":"status-publish","5":"product_cat-diger-sosyoloji","6":"product_cat-sosyoloji","7":"pa_cilt-ciltsiz","8":"pa_tur-kitap","9":"pa_yayinevi-bilge-kultur-sanat","10":"pa_yazar-yusuf-akcura","12":"first","13":"instock","14":"sale","15":"shipping-taxable","16":"purchasable","17":"product-type-simple"},"_links":{"self":[{"href":"https:\/\/roveyayinevi.com.tr\/index.php\/wp-json\/wp\/v2\/product\/725567","targetHints":{"allow":["GET"]}}],"collection":[{"href":"https:\/\/roveyayinevi.com.tr\/index.php\/wp-json\/wp\/v2\/product"}],"about":[{"href":"https:\/\/roveyayinevi.com.tr\/index.php\/wp-json\/wp\/v2\/types\/product"}],"wp:attachment":[{"href":"https:\/\/roveyayinevi.com.tr\/index.php\/wp-json\/wp\/v2\/media?parent=725567"}],"wp:term":[{"taxonomy":"product_brand","embeddable":true,"href":"https:\/\/roveyayinevi.com.tr\/index.php\/wp-json\/wp\/v2\/product_brand?post=725567"},{"taxonomy":"product_cat","embeddable":true,"href":"https:\/\/roveyayinevi.com.tr\/index.php\/wp-json\/wp\/v2\/product_cat?post=725567"},{"taxonomy":"product_tag","embeddable":true,"href":"https:\/\/roveyayinevi.com.tr\/index.php\/wp-json\/wp\/v2\/product_tag?post=725567"}],"curies":[{"name":"wp","href":"https:\/\/api.w.org\/{rel}","templated":true}]}}