{"id":725561,"date":"2025-08-27T19:52:18","date_gmt":"2025-08-27T16:52:18","guid":{"rendered":"https:\/\/roveyayinevi.com.tr\/index.php\/urun\/otoriter-neoliberalizmin-golgesinde\/"},"modified":"2026-04-16T02:33:32","modified_gmt":"2026-04-15T23:33:32","slug":"otoriter-neoliberalizmin-golgesinde","status":"publish","type":"product","link":"https:\/\/roveyayinevi.com.tr\/index.php\/urun\/otoriter-neoliberalizmin-golgesinde\/","title":{"rendered":"Otoriter Neoliberalizmin G\u00f6lgesinde"},"content":{"rendered":"<p>2008-2009 krizini izleyen d\u00f6nemde k\u00fcresel \u00e7apta y\u00fckselen isyanlar, hem d\u00fcnyada hem T\u00fcrkiye&#8217;de yakla\u015f\u0131k yar\u0131m y\u00fczy\u0131ll\u0131k neoliberalle\u015fme s\u00fcrecinde devletin ge\u00e7irmi\u015f oldu\u011fu de\u011fi\u015fimi \u00e7arp\u0131c\u0131 bir \u015fekilde g\u00f6zler \u00f6n\u00fcne serdi. Art\u0131k kar\u015f\u0131m\u0131zda &#8216;ba\u015fka t\u00fcrl\u00fc bir devlet&#8217; vard\u0131. Bu, ya\u015fam alanlar\u0131n\u0131n sistematik olarak s\u00f6m\u00fcrgele\u015ftirilmesine ve toplumsal koordinasyon mekanizmalar\u0131n\u0131n yerini finansal kaynak ve siyasi g\u00fc\u00e7 biriktirme mekanizmalar\u0131n\u0131n almas\u0131na hizmet eden, gerekti\u011finde mevcut yasalar\u0131 ihlal etmekten \u00e7ekinmeyen, devlet prati\u011finde illegalle\u015fmeyi ve enformalle\u015fmeyi kurumsalla\u015ft\u0131ran; evini, mahallesini, park\u0131n\u0131, orman\u0131n\u0131, k\u0131sacas\u0131 ya\u015fam alanlar\u0131n\u0131 ve m\u00fc\u015ftereklerini korumaya \u00e7al\u0131\u015fan &#8216;halk&#8217;a kar\u015f\u0131 r\u00f6van\u015fist siyasalar\u0131, hatta g\u00fcvenlik g\u00fc\u00e7lerini kullanmaktan ka\u00e7\u0131nmayan bir devletti.Bu, otoriter neoliberalizmin devletiydi! Otoriter Neoliberalizmin G\u00f6lgesinde: Kent, Mek\u00e2n, \u0130nsan, her ge\u00e7en g\u00fcn daha fazla otoriterle\u015fen neoliberal politikalar\u0131n T\u00fcrkiye kentlerindeki izlerini s\u00fcren makalelerden olu\u015fuyor. Yazarlar, kentsel toplumsal-mek\u00e2nsal ili\u015fkilerde piyasala\u015fman\u0131n yan\u0131 s\u0131ra, derin k\u00fclt\u00fcrel\/ideolojik d\u00f6n\u00fc\u015f\u00fcmleri de ama\u00e7layan bu yeni ekonomi-politi\u011fin kent siyasalar\u0131n\u0131, farkl\u0131 alanlar ve \u00f6l\u00e7ekler aras\u0131nda dola\u015farak inceliyorlar.Etnografik bak\u0131\u015f a\u00e7\u0131s\u0131n\u0131 merkeze koyan zengin saha ara\u015ft\u0131rmas\u0131 verilerinden yola \u00e7\u0131karak, sermaye birikim s\u00fcre\u00e7leriyle birlikte siyasetin, mek\u00e2n\u0131n, toplumsall\u0131\u011f\u0131n ve \u00f6znelli\u011fin ili\u015fkisel d\u00f6n\u00fc\u015f\u00fcmlerini de mercek alt\u0131na al\u0131yorlar.<br \/>Yazarlar: Deniz Ay, Ula\u015f Bayraktar, Ay\u015fe \u00c7avdar, Didem Dan\u0131\u015f, Neslihan Demirta\u015f-Milz, \u015eerife Geni\u015f, Esra Kaya Erdo\u011fan, Tuna Kuyucu, Faranak Miraftab, Mehmet Penpecio\u011flu, Tuna Ta\u015fan-Kok, Candan T\u00fcrkkan<\/p>\n","protected":false},"excerpt":{"rendered":"<p>2008-2009 krizini izleyen d\u00f6nemde k\u00fcresel \u00e7apta y\u00fckselen isyanlar, hem d\u00fcnyada hem T\u00fcrkiye&#8217;de yakla\u015f\u0131k yar\u0131m y\u00fczy\u0131ll\u0131k neoliberalle\u015fme s\u00fcrecinde devletin ge\u00e7irmi\u015f oldu\u011fu de\u011fi\u015fimi \u00e7arp\u0131c\u0131 bir \u015fekilde g\u00f6zler \u00f6n\u00fcne<span class=\"excerpt-hellip\"> [\u2026]<\/span><\/p>\n","protected":false},"featured_media":0,"template":"","meta":{"_monsterinsights_skip_tracking":false,"_monsterinsights_sitenote_active":false,"_monsterinsights_sitenote_note":"","_monsterinsights_sitenote_category":0},"product_brand":[],"product_cat":[12325,12324],"product_tag":[],"class_list":{"0":"post-725561","1":"product","2":"type-product","3":"status-publish","5":"product_cat-diger-sosyoloji","6":"product_cat-sosyoloji","7":"pa_cilt-ciltsiz","8":"pa_tur-kitap","9":"pa_yayinevi-nika-yayinevi","10":"pa_yazar-nika-kolektif","12":"first","13":"instock","14":"sale","15":"shipping-taxable","16":"purchasable","17":"product-type-simple"},"_links":{"self":[{"href":"https:\/\/roveyayinevi.com.tr\/index.php\/wp-json\/wp\/v2\/product\/725561","targetHints":{"allow":["GET"]}}],"collection":[{"href":"https:\/\/roveyayinevi.com.tr\/index.php\/wp-json\/wp\/v2\/product"}],"about":[{"href":"https:\/\/roveyayinevi.com.tr\/index.php\/wp-json\/wp\/v2\/types\/product"}],"wp:attachment":[{"href":"https:\/\/roveyayinevi.com.tr\/index.php\/wp-json\/wp\/v2\/media?parent=725561"}],"wp:term":[{"taxonomy":"product_brand","embeddable":true,"href":"https:\/\/roveyayinevi.com.tr\/index.php\/wp-json\/wp\/v2\/product_brand?post=725561"},{"taxonomy":"product_cat","embeddable":true,"href":"https:\/\/roveyayinevi.com.tr\/index.php\/wp-json\/wp\/v2\/product_cat?post=725561"},{"taxonomy":"product_tag","embeddable":true,"href":"https:\/\/roveyayinevi.com.tr\/index.php\/wp-json\/wp\/v2\/product_tag?post=725561"}],"curies":[{"name":"wp","href":"https:\/\/api.w.org\/{rel}","templated":true}]}}