{"id":725560,"date":"2025-08-27T19:52:17","date_gmt":"2025-08-27T16:52:17","guid":{"rendered":"https:\/\/roveyayinevi.com.tr\/index.php\/urun\/mavi-kolye\/"},"modified":"2026-04-16T02:33:32","modified_gmt":"2026-04-15T23:33:32","slug":"mavi-kolye","status":"publish","type":"product","link":"https:\/\/roveyayinevi.com.tr\/index.php\/urun\/mavi-kolye\/","title":{"rendered":"Mavi Kolye"},"content":{"rendered":"<p>Gencoy S\u00fcmer&#8217;den klasik polisiye tad\u0131nda, yepyeni bir dedektif roman\u0131&#8230;Feneryolu Cinayetleri roman\u0131ndan tan\u0131d\u0131\u011f\u0131m\u0131z, \u00dclk\u00fc Lokantas\u0131n\u0131n sahibi, \u00fcnl\u00fc a\u015f\u00e7\u0131 Kerim \u00dclk\u00fc yine i\u015f ba\u015f\u0131nda&#8230;Dedektif Kerim \u00dclk\u00fc dizisinin ikinci kitab\u0131 Mavi Kolye ile macera devam ediyor&#8230;Zonguldak&#8217;la sahil beldelerinden birinde gizemli bir cinayet i\u015flenmi\u015ftir. O s\u0131rada tamamen farkl\u0131 nedenlerle y\u00f6rede bulunan \u00f6zel dedektif Kerim \u00dclk\u00fc, t\u00fcm kasabay\u0131 derinden sarsan bu korkun\u00e7 olaya kay\u0131ts\u0131z kalamaz ve katili yakalamak i\u00e7in kollar\u0131 s\u0131var. Ancak bu kez, cinayeti \u00dclk\u00fc Lokantas\u0131&#8217;n\u0131n \u00fcst\u00fcndeki \u00f6zel odas\u0131ndan de\u011fil, bizzat olay yerinde ve katille adet\u00e2 k\u00f6\u015fe kapmaca oynayarak \u00e7\u00f6zmesi gerekmekte&#8217; dir.Kerim \u00dclk\u00fc Dedektif Romanlar\u0131 dizisinin bu ikinci kitab\u0131nda Gencoy S\u00fcmer, yine kapal\u0131 oda cinayetine benzer bir gizemle \u00e7\u0131k\u0131yor kar\u015f\u0131m\u0131za. Cinayet sonras\u0131 ya\u015fananlar\u0131 t\u00fcm y\u00f6nleriyle ele al\u0131rken okurlardan hi\u00e7bir ipucunu gizlemiyor, onlar\u0131 da soru\u015fturmaya d\u00e2hil ediyor.Mavi Kolye, zekice \u00f6r\u00fclm\u00fc\u015f kurgusu, i\u00e7erdi\u011fi ak\u0131l oyunlar\u0131 ve s\u00fcrpriz finaliyle ilk sat\u0131r\u0131ndan itibaren sizi i\u00e7ine \u00e7ekecek bir polisiye roman&#8230;Klasik polisiye edebiyat\u0131n alt\u0131n \u00e7a\u011f\u0131na ve ustalar\u0131na Gencoy S\u00fcmer&#8217;den yeni bir sayg\u0131 duru\u015fu&#8230;Bir solukta okuyacaks\u0131n\u0131z.<\/p>\n","protected":false},"excerpt":{"rendered":"<p>Gencoy S\u00fcmer&#8217;den klasik polisiye tad\u0131nda, yepyeni bir dedektif roman\u0131&#8230;Feneryolu Cinayetleri roman\u0131ndan tan\u0131d\u0131\u011f\u0131m\u0131z, \u00dclk\u00fc Lokantas\u0131n\u0131n sahibi, \u00fcnl\u00fc a\u015f\u00e7\u0131 Kerim \u00dclk\u00fc yine i\u015f ba\u015f\u0131nda&#8230;Dedektif Kerim \u00dclk\u00fc dizisinin ikinci<span class=\"excerpt-hellip\"> [\u2026]<\/span><\/p>\n","protected":false},"featured_media":0,"template":"","meta":{"_monsterinsights_skip_tracking":false,"_monsterinsights_sitenote_active":false,"_monsterinsights_sitenote_note":"","_monsterinsights_sitenote_category":0},"product_brand":[],"product_cat":[12291,12711],"product_tag":[],"class_list":{"0":"post-725560","1":"product","2":"type-product","3":"status-publish","5":"product_cat-edebiyat","6":"product_cat-roman-oyku","7":"pa_cilt-ciltsiz","8":"pa_tur-kitap","9":"pa_yayinevi-herdem-kitap","10":"pa_yazar-gencoy-sumer","12":"first","13":"instock","14":"sale","15":"shipping-taxable","16":"purchasable","17":"product-type-simple"},"_links":{"self":[{"href":"https:\/\/roveyayinevi.com.tr\/index.php\/wp-json\/wp\/v2\/product\/725560","targetHints":{"allow":["GET"]}}],"collection":[{"href":"https:\/\/roveyayinevi.com.tr\/index.php\/wp-json\/wp\/v2\/product"}],"about":[{"href":"https:\/\/roveyayinevi.com.tr\/index.php\/wp-json\/wp\/v2\/types\/product"}],"wp:attachment":[{"href":"https:\/\/roveyayinevi.com.tr\/index.php\/wp-json\/wp\/v2\/media?parent=725560"}],"wp:term":[{"taxonomy":"product_brand","embeddable":true,"href":"https:\/\/roveyayinevi.com.tr\/index.php\/wp-json\/wp\/v2\/product_brand?post=725560"},{"taxonomy":"product_cat","embeddable":true,"href":"https:\/\/roveyayinevi.com.tr\/index.php\/wp-json\/wp\/v2\/product_cat?post=725560"},{"taxonomy":"product_tag","embeddable":true,"href":"https:\/\/roveyayinevi.com.tr\/index.php\/wp-json\/wp\/v2\/product_tag?post=725560"}],"curies":[{"name":"wp","href":"https:\/\/api.w.org\/{rel}","templated":true}]}}