{"id":725559,"date":"2025-08-27T19:52:16","date_gmt":"2025-08-27T16:52:16","guid":{"rendered":"https:\/\/roveyayinevi.com.tr\/index.php\/urun\/madam-bovary-6\/"},"modified":"2026-04-16T02:33:32","modified_gmt":"2026-04-15T23:33:32","slug":"madam-bovary-6","status":"publish","type":"product","link":"https:\/\/roveyayinevi.com.tr\/index.php\/urun\/madam-bovary-6\/","title":{"rendered":"Madam Bovary"},"content":{"rendered":"<p>\u2018Ayn\u0131 anda hem hareketsiz hem de b\u00fck\u00fclgen olan kad\u0131n\u0131n kar\u015f\u0131s\u0131nda, bedeninin gev\u015fekli\u011fi ve yasalar\u0131n ba\u011fl\u0131l\u0131klar\u0131 vard\u0131. Kad\u0131n\u0131n iste\u011fi, \u015fapkas\u0131na bir iple tutturulmu\u015f ince bir t\u00fcl gibi her r\u00fczg\u00e2rda titrerdi; her zaman s\u00fcr\u00fcklenen arzular\u0131 ve her \u015feye engel olan uyumlu olma \u00e7abas\u0131 vard\u0131.\u2019A\u015fk\u0131n, sevmenin, sevilmenin en b\u00fcy\u00fck ihtiraslar\u0131n pe\u015finden ko\u015fan gen\u00e7 bir kad\u0131n. 19.y\u00fczy\u0131l Avrupas\u0131nda ge\u00e7en ve burjuva s\u0131n\u0131f\u0131na ait Madame Bovary\u2019nin hikayesiyle d\u00f6nemin ahlaki yap\u0131s\u0131n\u0131n, kad\u0131n-erkek ili\u015fkilerinin anlat\u0131ld\u0131\u011f\u0131 m\u00fcthi\u015f bir hikaye\u2026Hayal k\u0131r\u0131kl\u0131klar\u0131 ve bir o kadar da ihtirasla dolu MadamBovary, hissettikleri ve ya\u015fad\u0131klar\u0131 ile kad\u0131n ruhununun \u00e7ekti\u011fi \u0131zd\u0131rab\u0131n simgesi.B\u00fcy\u00fck hayalleri, beklentileri olan ama evlendikten sonra k\u00fc\u00e7\u00fcc\u00fck bir d\u00fcnyaya hapsedilen Madame Bovary\u2026 Bir kad\u0131n\u0131n i\u00e7 d\u00fcnyas\u0131 nas\u0131l bu kadar g\u00fczel anlat\u0131labilir \u015fa\u015f\u0131r\u0131yor insan.<\/p>\n","protected":false},"excerpt":{"rendered":"<p>\u2018Ayn\u0131 anda hem hareketsiz hem de b\u00fck\u00fclgen olan kad\u0131n\u0131n kar\u015f\u0131s\u0131nda, bedeninin gev\u015fekli\u011fi ve yasalar\u0131n ba\u011fl\u0131l\u0131klar\u0131 vard\u0131. Kad\u0131n\u0131n iste\u011fi, \u015fapkas\u0131na bir iple tutturulmu\u015f ince bir t\u00fcl gibi<span class=\"excerpt-hellip\"> [\u2026]<\/span><\/p>\n","protected":false},"featured_media":0,"template":"","meta":{"_monsterinsights_skip_tracking":false,"_monsterinsights_sitenote_active":false,"_monsterinsights_sitenote_note":"","_monsterinsights_sitenote_category":0},"product_brand":[],"product_cat":[12291,12711],"product_tag":[],"class_list":{"0":"post-725559","1":"product","2":"type-product","3":"status-publish","5":"product_cat-edebiyat","6":"product_cat-roman-oyku","7":"pa_cilt-ciltsiz","8":"pa_tur-kitap","9":"pa_yayinevi-sms-yayinlari","10":"pa_yazar-gustave-flaubert","12":"first","13":"instock","14":"sale","15":"shipping-taxable","16":"purchasable","17":"product-type-simple"},"_links":{"self":[{"href":"https:\/\/roveyayinevi.com.tr\/index.php\/wp-json\/wp\/v2\/product\/725559","targetHints":{"allow":["GET"]}}],"collection":[{"href":"https:\/\/roveyayinevi.com.tr\/index.php\/wp-json\/wp\/v2\/product"}],"about":[{"href":"https:\/\/roveyayinevi.com.tr\/index.php\/wp-json\/wp\/v2\/types\/product"}],"wp:attachment":[{"href":"https:\/\/roveyayinevi.com.tr\/index.php\/wp-json\/wp\/v2\/media?parent=725559"}],"wp:term":[{"taxonomy":"product_brand","embeddable":true,"href":"https:\/\/roveyayinevi.com.tr\/index.php\/wp-json\/wp\/v2\/product_brand?post=725559"},{"taxonomy":"product_cat","embeddable":true,"href":"https:\/\/roveyayinevi.com.tr\/index.php\/wp-json\/wp\/v2\/product_cat?post=725559"},{"taxonomy":"product_tag","embeddable":true,"href":"https:\/\/roveyayinevi.com.tr\/index.php\/wp-json\/wp\/v2\/product_tag?post=725559"}],"curies":[{"name":"wp","href":"https:\/\/api.w.org\/{rel}","templated":true}]}}