{"id":725558,"date":"2025-08-27T19:52:15","date_gmt":"2025-08-27T16:52:15","guid":{"rendered":"https:\/\/roveyayinevi.com.tr\/index.php\/urun\/dede-korkutun-gunbed-yazmasi-uzerine\/"},"modified":"2026-04-16T02:33:32","modified_gmt":"2026-04-15T23:33:32","slug":"dede-korkutun-gunbed-yazmasi-uzerine","status":"publish","type":"product","link":"https:\/\/roveyayinevi.com.tr\/index.php\/urun\/dede-korkutun-gunbed-yazmasi-uzerine\/","title":{"rendered":"Dede Korkut\u2019un G\u00fcnbed Yazmas\u0131 \u00dczerine"},"content":{"rendered":"<p>\u0130ki y\u0131l \u00f6ncesine kadar Dede Korkut Kitab\u0131\u2019n\u0131n 6 hik\u00e2yeyi i\u00e7eren harekeli Vatikan yazmas\u0131 ile 12 hik\u00e2yeyi i\u00e7eren harekesiz Dresden yazmas\u0131 biliniyordu. Aral\u0131k 2018\u2019de \u0130ran\u2019da \u00fc\u00e7\u00fcnc\u00fc bir Dede Korkut yazmas\u0131 olan G\u00fcnbed n\u00fcshas\u0131 bulundu. G\u00fcnbed yazmas\u0131 27 soylama ile iki yeni boy (boylama) ihtiva etmektedir. G\u00fcnbed yazmas\u0131 bug\u00fcne dek \u00fc\u00e7 kez T\u00fcrkiye\u2019de, \u00fc\u00e7 kez Azerbaycan\u2019da ve iki kez de \u0130ran\u2019da yay\u0131mlanm\u0131\u015ft\u0131r.Dede Korkut\u2019un G\u00fcnbed Yazmas\u0131 \u00dczerine Ara\u015ft\u0131rmalar ve \u0130ncelemeler adl\u0131 bu kitapta G\u00fcnbed yazmas\u0131 \u00fczerine 10 ara\u015ft\u0131rma ve inceleme yer almaktad\u0131r.\u0130lk yaz\u0131 11 Haziran 2019\u2019da Facebook\u2019da \u201cDede Korkut\u2019un \u00fc\u00e7\u00fcnc\u00fc elyazmas\u0131 (Soylamalar ve iki yeni boy ile T\u00fcrkmen Sahra n\u00fcshas\u0131)\u201d ba\u015fl\u0131\u011f\u0131n\u0131 ta\u015f\u0131maktad\u0131r.\u0130kinci yaz\u0131 G\u00fcnbed yazmas\u0131n\u0131n Yusuf Azmun taraf\u0131ndan yap\u0131lan ilk yay\u0131m\u0131n\u0131n Journal of Old Turkic Studies (3\/2, 2019: s. 637-646)\u2019te \u201cAzmun, Y. Dede Korkut\u2019un \u00dc\u00e7\u00fcnc\u00fc Elyazmas\u0131, Yeni Soylamalar ve Boylar (Hik\u00e2yeler) ile T\u00fcrkmen Sahra N\u00fcshas\u0131. Giri\u015f-Metin-\u00c7eviri-S\u00f6zl\u00fck-T\u0131pk\u0131bas\u0131m, Kutlu Yay\u0131nevi, \u0130stanbul, 2019, 176 s.\u201d ba\u015fl\u0131kl\u0131 tan\u0131tmas\u0131d\u0131r. \u00dc\u00e7\u00fcnc\u00fc yaz\u0131 \u201cDede Korkut\u2019un G\u00fcnbed yazmas\u0131n\u0131n Azmun ile Ekici yay\u0131mlar\u0131nda d\u00fczeltmeler ve tamamlamalar\u201d ba\u015fl\u0131\u011f\u0131n\u0131 ta\u015f\u0131maktad\u0131r.Dr. H\u00fclya Uzunta\u015f ile birlikte haz\u0131rlanan d\u00f6rd\u00fcnc\u00fc yaz\u0131 \u201cG\u00fcnbed yazmas\u0131n\u0131n \u00f6nceki Dede Korkut yazmalar\u0131ndaki baz\u0131 okumalar\u0131 d\u00fczeltmesi\u201d ba\u015fl\u0131\u011f\u0131n\u0131 ta\u015f\u0131maktad\u0131r. G\u00fcnbed yazmas\u0131n\u0131n n\u00e2\u015firleri metinde ge\u00e7en Mo\u011folca kelimeleri tavsif edememi\u015flerdir. \u201cDede Korkut\u2019un G\u00fcnbed yazmas\u0131nda ge\u00e7en 50 Mo\u011folca kelime\u201d ba\u015fl\u0131kl\u0131 be\u015finci yaz\u0131 metindeki Mo\u011folca kelimelere ve unsurlara a\u00e7\u0131kl\u0131k getirmektedir. 19 Ekim 2019\u2019da Facebook\u2019da yay\u0131mlanan alt\u0131nc\u0131 yaz\u0131 Azerbaycan\u2019da Prof. Dr. Ramiz Asker\u2019in yay\u0131mlad\u0131\u011f\u0131 eseri tan\u0131tan \u201cDede Korkut Yay\u0131n\u0131 \u00dczerine\u201d ba\u015fl\u0131kl\u0131 yaz\u0131d\u0131r. Dede Korkut \u201cgay\u0131bdan d\u00fcrl\u00fc haber s\u00f6yler\u201d miydi? ba\u015fl\u0131kl\u0131 yedinci yaz\u0131 Dede Qorqud, Azerbaycan Milli Elmler Akademiyas\u0131 Folklor \u0130nstitutu dergisinde yay\u0131mlanmaktad\u0131r.Sekizinci yaz\u0131 \u201cDede Korkut Kitab\u0131\u2019n\u0131n ka\u00e7 yazma n\u00fcshas\u0131 var?\u201d ba\u015fl\u0131\u011f\u0131n\u0131 ta\u015f\u0131makta olup Azerbaycan\u2019da Dede Qorqud, Azerbaycan Milli Elmler Akademiyas\u0131 Folklor \u0130nstitutu, (2019\/3, s. 21-27;) T\u00fcrkologiya, (2019\/3, s. 86-93) dergilerinde yay\u0131mlanm\u0131\u015ft\u0131r.Dokuzuncu yaz\u0131 Dr. H\u00fclya Uzunta\u015f taraf\u0131ndan haz\u0131rlanan \u201cG\u00fcnbed yazmas\u0131nda Fauna\u201d ba\u015fl\u0131kl\u0131 yaz\u0131d\u0131r. Yazmada ge\u00e7en 90\u2019dan fazla hayvan\u0131n isimlerinin etimolojileri verilmektedir.Dede Korkut Kitab\u0131\u2019n\u0131n G\u00fcnbed yazmas\u0131nda ka\u00e7 tane boy (veya boylama) var? ba\u015fl\u0131kl\u0131 son yaz\u0131 ise ilk boy (boylama) n\u0131n \u00f6zelliklerini ortaya koymaktad\u0131r.Okuyucu bu kitapta G\u00fcnbed yazmas\u0131 hakk\u0131nda yay\u0131mlanan on yaz\u0131 ile bilgisini art\u0131racak, Dede Korkut Kitab\u0131\u2019n\u0131n \u00fc\u00e7\u00fcnc\u00fc yazmas\u0131 hakk\u0131nda bir\u00e7ok yeni bilgilere eri\u015fmi\u015f olacakt\u0131r. <\/p>\n","protected":false},"excerpt":{"rendered":"<p>\u0130ki y\u0131l \u00f6ncesine kadar Dede Korkut Kitab\u0131\u2019n\u0131n 6 hik\u00e2yeyi i\u00e7eren harekeli Vatikan yazmas\u0131 ile 12 hik\u00e2yeyi i\u00e7eren harekesiz Dresden yazmas\u0131 biliniyordu. Aral\u0131k 2018\u2019de \u0130ran\u2019da \u00fc\u00e7\u00fcnc\u00fc bir<span class=\"excerpt-hellip\"> [\u2026]<\/span><\/p>\n","protected":false},"featured_media":0,"template":"","meta":{"_monsterinsights_skip_tracking":false,"_monsterinsights_sitenote_active":false,"_monsterinsights_sitenote_note":"","_monsterinsights_sitenote_category":0},"product_brand":[],"product_cat":[20225,12291],"product_tag":[],"class_list":{"0":"post-725558","1":"product","2":"type-product","3":"status-publish","5":"product_cat-dil-bilim","6":"product_cat-edebiyat","7":"pa_cilt-ciltsiz","8":"pa_tur-kitap","9":"pa_yayinevi-bilge-kultur-sanat","10":"pa_yazar-osman-fikri-sertkaya-hulya-uzuntas","12":"first","13":"instock","14":"sale","15":"shipping-taxable","16":"purchasable","17":"product-type-simple"},"_links":{"self":[{"href":"https:\/\/roveyayinevi.com.tr\/index.php\/wp-json\/wp\/v2\/product\/725558","targetHints":{"allow":["GET"]}}],"collection":[{"href":"https:\/\/roveyayinevi.com.tr\/index.php\/wp-json\/wp\/v2\/product"}],"about":[{"href":"https:\/\/roveyayinevi.com.tr\/index.php\/wp-json\/wp\/v2\/types\/product"}],"wp:attachment":[{"href":"https:\/\/roveyayinevi.com.tr\/index.php\/wp-json\/wp\/v2\/media?parent=725558"}],"wp:term":[{"taxonomy":"product_brand","embeddable":true,"href":"https:\/\/roveyayinevi.com.tr\/index.php\/wp-json\/wp\/v2\/product_brand?post=725558"},{"taxonomy":"product_cat","embeddable":true,"href":"https:\/\/roveyayinevi.com.tr\/index.php\/wp-json\/wp\/v2\/product_cat?post=725558"},{"taxonomy":"product_tag","embeddable":true,"href":"https:\/\/roveyayinevi.com.tr\/index.php\/wp-json\/wp\/v2\/product_tag?post=725558"}],"curies":[{"name":"wp","href":"https:\/\/api.w.org\/{rel}","templated":true}]}}