{"id":725556,"date":"2025-08-27T19:52:13","date_gmt":"2025-08-27T16:52:13","guid":{"rendered":"https:\/\/roveyayinevi.com.tr\/index.php\/urun\/edebiyat-dostlari\/"},"modified":"2026-04-13T02:41:29","modified_gmt":"2026-04-12T23:41:29","slug":"edebiyat-dostlari","status":"publish","type":"product","link":"https:\/\/roveyayinevi.com.tr\/index.php\/urun\/edebiyat-dostlari\/","title":{"rendered":"Edebiyat Dostlar\u0131"},"content":{"rendered":"<p>Usta i\u015fi roman ve \u00f6yk\u00fclerinin yan\u0131nda deneme, ele\u015ftiri, r\u00f6portaj, biyografi t\u00fcrlerinde de eser veren edebiyat\u0131m\u0131z\u0131n \u00fcretken adlar\u0131ndan Mehmet Seyda\u2019n\u0131n imzas\u0131n\u0131 ta\u015f\u0131yan Edebiyat Dostlar\u0131, e\u015fine az rastlan\u0131r kitaplardan. Mehmet Seyda bu kitab\u0131nda, T\u00fcrk edebiyat\u0131na ele\u015ftiri, deneme, inceleme ve ara\u015ft\u0131rmalar\u0131yla katk\u0131da bulunan 26 ismi bir araya getiriyor. S\u0131ras\u0131yla Oktay Akbal, Tahir Alangu, Burhan Arpad, Hayati As\u0131lyaz\u0131c\u0131, As\u0131m Bezirci, Adnan Binyazar, H\u00fcsamettin Bozok, Hasan Ali Ediz, Konur Ertop, Sabahattin Ey\u00fcbo\u011flu, Hasan \u0130zzettin Dinamo, Vedat G\u00fcnyol, Rasih G\u00fcran, Do\u011fan H\u0131zlan, Selahattin Hilav, Attil\u00e2 \u0130lhan, Muhtar K\u00f6r\u00fck\u00e7\u00fc, Fethi Naci, Nermin Menemencio\u011flu, Rauf Mutluay, Ya\u015far Nabi Nay\u0131r, Fahir Onger, Sezer Tansu\u011f, Muzaffer Uyguner, Nermi Uygur ve Suut Kemal Yetkin\u2019in \u201cbir ele\u015ftirmen olarak\u201d portrelerini ortaya koyuyor. Yani, her okurun kitapl\u0131\u011f\u0131nda bulunmas\u0131 gereken bir kitaptan s\u00f6z ediyoruz\u2026Edebiyat\u0131m\u0131z\u0131n en \u00f6zg\u00fcn ve \u00f6nemli portre kitaplar\u0131ndan Edebiyat Dostlar\u0131, bu yeni bask\u0131s\u0131nda Semih Poroy\u2019un \u00e7izgileriyle daha da \u201c\u00f6zel\u201d.<span>Ta<\/p>\n","protected":false},"excerpt":{"rendered":"<p>Usta i\u015fi roman ve \u00f6yk\u00fclerinin yan\u0131nda deneme, ele\u015ftiri, r\u00f6portaj, biyografi t\u00fcrlerinde de eser veren edebiyat\u0131m\u0131z\u0131n \u00fcretken adlar\u0131ndan Mehmet Seyda\u2019n\u0131n imzas\u0131n\u0131 ta\u015f\u0131yan Edebiyat Dostlar\u0131, e\u015fine az rastlan\u0131r<span class=\"excerpt-hellip\"> [\u2026]<\/span><\/p>\n","protected":false},"featured_media":0,"template":"","meta":{"_monsterinsights_skip_tracking":false,"_monsterinsights_sitenote_active":false,"_monsterinsights_sitenote_note":"","_monsterinsights_sitenote_category":0},"product_brand":[],"product_cat":[12291,12711],"product_tag":[],"class_list":{"0":"post-725556","1":"product","2":"type-product","3":"status-publish","5":"product_cat-edebiyat","6":"product_cat-roman-oyku","7":"pa_cilt-ciltsiz","8":"pa_tur-kitap","9":"pa_yayinevi-kirmizi-kedi-yayinevi","10":"pa_yazar-mehmet-seyda","12":"first","13":"instock","14":"sale","15":"shipping-taxable","16":"purchasable","17":"product-type-simple"},"_links":{"self":[{"href":"https:\/\/roveyayinevi.com.tr\/index.php\/wp-json\/wp\/v2\/product\/725556","targetHints":{"allow":["GET"]}}],"collection":[{"href":"https:\/\/roveyayinevi.com.tr\/index.php\/wp-json\/wp\/v2\/product"}],"about":[{"href":"https:\/\/roveyayinevi.com.tr\/index.php\/wp-json\/wp\/v2\/types\/product"}],"wp:attachment":[{"href":"https:\/\/roveyayinevi.com.tr\/index.php\/wp-json\/wp\/v2\/media?parent=725556"}],"wp:term":[{"taxonomy":"product_brand","embeddable":true,"href":"https:\/\/roveyayinevi.com.tr\/index.php\/wp-json\/wp\/v2\/product_brand?post=725556"},{"taxonomy":"product_cat","embeddable":true,"href":"https:\/\/roveyayinevi.com.tr\/index.php\/wp-json\/wp\/v2\/product_cat?post=725556"},{"taxonomy":"product_tag","embeddable":true,"href":"https:\/\/roveyayinevi.com.tr\/index.php\/wp-json\/wp\/v2\/product_tag?post=725556"}],"curies":[{"name":"wp","href":"https:\/\/api.w.org\/{rel}","templated":true}]}}