{"id":725553,"date":"2025-08-27T19:52:11","date_gmt":"2025-08-27T16:52:11","guid":{"rendered":"https:\/\/roveyayinevi.com.tr\/index.php\/urun\/tanri-vermis-pirasa-hic-yenir-mi-yarasa\/"},"modified":"2026-04-16T02:33:32","modified_gmt":"2026-04-15T23:33:32","slug":"tanri-vermis-pirasa-hic-yenir-mi-yarasa","status":"publish","type":"product","link":"https:\/\/roveyayinevi.com.tr\/index.php\/urun\/tanri-vermis-pirasa-hic-yenir-mi-yarasa\/","title":{"rendered":"Tanr\u0131 Vermi\u015f P\u0131rasa, Hi\u00e7 Yenir Mi Yarasa !?"},"content":{"rendered":"<p>Bir g\u00fcn co*rona geldi ve hi\u00e7bir \u015fey eskisi gibi olmad\u0131.\u00d6l\u00fcmler, yo\u011fun bak\u0131mlar, maske ve eldivenler, sosyal mesafeler\u2026 Nedenini ara\u015ft\u0131ran herkes g\u00f6z\u00fcn\u00fc \u00c7in\u2019e dikmi\u015f ayn\u0131 merakla soruyordu\u2026Yarat\u0131c\u0131 T\u00fcrk zek\u00e2s\u0131 tek c\u00fcmlede neden sonu\u00e7 ili\u015fkisini bir pazar esnaf\u0131n\u0131n g\u00f6z\u00fcnden tek c\u00fcmlede \u00f6zetleyiveriyordu: Tanr\u0131 vermi\u015f p\u0131rasa, hi\u00e7 yenir mi yarasa?Metin Uca, \u015fahs\u0131na m\u00fcnhas\u0131r muzip ve ele\u015ftirel \u00fcslubuyla, de\u011fi\u015fen hayatlar\u0131m\u0131z, al\u0131\u015fkanl\u0131klar\u0131m\u0131z ve nedeni konusunda inan\u0131lmaz komplo iddialar\u0131 ve cevap san\u0131lan cevaplar\u0131 yani co*rona T\u00fcrkiye yolculu\u011funu anlat\u0131yor.Tanr\u0131 vermi\u015f p\u0131rasa, hi\u00e7 yenir mi yarasa? T\u00fcrkiye\u2019deki sa\u011fl\u0131k sistemine ve kriz y\u00f6netimine dair hasar tespit raporu niteli\u011finde.Soka\u011fa \u00e7\u0131kmak kimlere, ne zaman, ne kadar yasak? co*rona hafta sonlar\u0131 daha m\u0131 \u00e7ok bula\u015f\u0131yor? U\u00e7ak yolculu\u011funda zarars\u0131z olan co*rona, k\u00fclt\u00fcr etkinliklerinde niye sald\u0131rganla\u015f\u0131yor?Ev i\u00e7lerinden tarihin derinliklerine, sanattaki co*rona ve salg\u0131n izlerinden ge\u00e7mi\u015f g\u00fcnlerin a\u011fz\u0131m\u0131z\u0131 birka\u00e7 kar\u0131\u015f a\u00e7\u0131k b\u0131rakacak tedavi y\u00f6ntemlerine, Co*ronaTurca renklerinden salg\u0131n\u0131n hi\u00e7 bilinmeyen y\u00f6nlerine, bu k\u00fc\u00e7\u00fcc\u00fck vir\u00fcs\u00fcn \u00f6yk\u00fcs\u00fcn\u00fc okumak isterseniz maskelerinizi tak\u0131n, sosyal mesafenizi al\u0131n ve kendinizi sayfalara b\u0131rak\u0131n.<\/p>\n","protected":false},"excerpt":{"rendered":"<p>Bir g\u00fcn co*rona geldi ve hi\u00e7bir \u015fey eskisi gibi olmad\u0131.\u00d6l\u00fcmler, yo\u011fun bak\u0131mlar, maske ve eldivenler, sosyal mesafeler\u2026 Nedenini ara\u015ft\u0131ran herkes g\u00f6z\u00fcn\u00fc \u00c7in\u2019e dikmi\u015f ayn\u0131 merakla soruyordu\u2026Yarat\u0131c\u0131<span class=\"excerpt-hellip\"> [\u2026]<\/span><\/p>\n","protected":false},"featured_media":0,"template":"","meta":{"_monsterinsights_skip_tracking":false,"_monsterinsights_sitenote_active":false,"_monsterinsights_sitenote_note":"","_monsterinsights_sitenote_category":0},"product_brand":[],"product_cat":[12291,14825],"product_tag":[],"class_list":{"0":"post-725553","1":"product","2":"type-product","3":"status-publish","5":"product_cat-edebiyat","6":"product_cat-mizah","7":"pa_cilt-ciltsiz","8":"pa_tur-kitap","9":"pa_yayinevi-inkilap-kitabevi","10":"pa_yazar-metin-uca","12":"first","13":"instock","14":"sale","15":"shipping-taxable","16":"purchasable","17":"product-type-simple"},"_links":{"self":[{"href":"https:\/\/roveyayinevi.com.tr\/index.php\/wp-json\/wp\/v2\/product\/725553","targetHints":{"allow":["GET"]}}],"collection":[{"href":"https:\/\/roveyayinevi.com.tr\/index.php\/wp-json\/wp\/v2\/product"}],"about":[{"href":"https:\/\/roveyayinevi.com.tr\/index.php\/wp-json\/wp\/v2\/types\/product"}],"wp:attachment":[{"href":"https:\/\/roveyayinevi.com.tr\/index.php\/wp-json\/wp\/v2\/media?parent=725553"}],"wp:term":[{"taxonomy":"product_brand","embeddable":true,"href":"https:\/\/roveyayinevi.com.tr\/index.php\/wp-json\/wp\/v2\/product_brand?post=725553"},{"taxonomy":"product_cat","embeddable":true,"href":"https:\/\/roveyayinevi.com.tr\/index.php\/wp-json\/wp\/v2\/product_cat?post=725553"},{"taxonomy":"product_tag","embeddable":true,"href":"https:\/\/roveyayinevi.com.tr\/index.php\/wp-json\/wp\/v2\/product_tag?post=725553"}],"curies":[{"name":"wp","href":"https:\/\/api.w.org\/{rel}","templated":true}]}}