{"id":725551,"date":"2025-08-27T19:52:09","date_gmt":"2025-08-27T16:52:09","guid":{"rendered":"https:\/\/roveyayinevi.com.tr\/index.php\/urun\/dede-korkut-kitabi-2\/"},"modified":"2026-04-16T02:33:32","modified_gmt":"2026-04-15T23:33:32","slug":"dede-korkut-kitabi-2","status":"publish","type":"product","link":"https:\/\/roveyayinevi.com.tr\/index.php\/urun\/dede-korkut-kitabi-2\/","title":{"rendered":"Dede Korkut Kitab\u0131"},"content":{"rendered":"<p>T\u00fcrk edebiyat\u0131n\u0131n \u201cilk\u201d metinlerinden, Dede Korkut Hik\u00e2yeleri, as\u0131rlarca s\u00f6zl\u00fc gelenekte a\u011f\u0131zdan a\u011f\u0131za varl\u0131\u011f\u0131n\u0131 s\u00fcrd\u00fcr\u00fcp nihayet yaz\u0131ya ge\u00e7irilmi\u015fse de hik\u00e2yelerin tam olarak ge\u00e7ti\u011fi d\u00f6nem, ne zaman vekim taraf\u0131ndan yaz\u0131ya aktar\u0131ld\u0131\u011f\u0131 bilinmemektedir. Dede Korkut\u2019un (di\u011fer ad\u0131yla Korkut Ata\u2019n\u0131n) kim oldu\u011fu da tam bilinmemektedir. Kitab\u0131n giri\u015finde belirtildi\u011fi \u00fczere \u201cbilge bir ki\u015fi\u201d olup \u0130slamiyet\u2019in ilk y\u0131llar\u0131nda ya\u015fad\u0131\u011f\u0131 tahmin edilmektedir. \u0130slamiyet \u00f6ncesi ve sonras\u0131 T\u00fcrk k\u00fclt\u00fcr\u00fcnde de benzerlerine rastlanan Dede Korkut ister \u015faman ister \u015feyh, ister bilge ki\u015fi ister evliya olsun; anlatt\u0131\u011f\u0131 hik\u00e2yelere bakarak onun T\u00fcrk Homeros\u2019u oldu\u011funu s\u00f6ylemek m\u00fcmk\u00fcn. Zira edebiyat\u0131m\u0131z\u0131n bilinen \u201canlat\u0131c\u0131\u201dlar\u0131 aras\u0131nda en ba\u015fta gelir.Dede Korkut Kitab\u0131\u2019n\u0131n bu bask\u0131s\u0131n\u0131 Dresden veVatikan yazmalar\u0131ndan aktar\u0131mla sadele\u015ftirerek ve kimi mevcut kitaplardaki hatalardan ar\u0131nd\u0131rarak haz\u0131rlad\u0131k. Y\u00fczy\u0131llard\u0131r eskimeyen Dede Korkut\u2019un anlatt\u0131klar\u0131, h\u00e2l\u00e2 ke\u015ffedilecek bir\u00e7ok \u015fey bar\u0131nd\u0131r\u0131yor\u2026<\/p>\n","protected":false},"excerpt":{"rendered":"<p>T\u00fcrk edebiyat\u0131n\u0131n \u201cilk\u201d metinlerinden, Dede Korkut Hik\u00e2yeleri, as\u0131rlarca s\u00f6zl\u00fc gelenekte a\u011f\u0131zdan a\u011f\u0131za varl\u0131\u011f\u0131n\u0131 s\u00fcrd\u00fcr\u00fcp nihayet yaz\u0131ya ge\u00e7irilmi\u015fse de hik\u00e2yelerin tam olarak ge\u00e7ti\u011fi d\u00f6nem, ne zaman vekim<span class=\"excerpt-hellip\"> [\u2026]<\/span><\/p>\n","protected":false},"featured_media":0,"template":"","meta":{"_monsterinsights_skip_tracking":false,"_monsterinsights_sitenote_active":false,"_monsterinsights_sitenote_note":"","_monsterinsights_sitenote_category":0},"product_brand":[],"product_cat":[12291,13872],"product_tag":[],"class_list":{"0":"post-725551","1":"product","2":"type-product","3":"status-publish","5":"product_cat-edebiyat","6":"product_cat-klasikler","7":"pa_cilt-ciltsiz","8":"pa_tur-kitap","9":"pa_yayinevi-kirmizi-kedi-yayinevi","10":"pa_yazar-dede-korkut","12":"first","13":"instock","14":"sale","15":"shipping-taxable","16":"purchasable","17":"product-type-simple"},"_links":{"self":[{"href":"https:\/\/roveyayinevi.com.tr\/index.php\/wp-json\/wp\/v2\/product\/725551","targetHints":{"allow":["GET"]}}],"collection":[{"href":"https:\/\/roveyayinevi.com.tr\/index.php\/wp-json\/wp\/v2\/product"}],"about":[{"href":"https:\/\/roveyayinevi.com.tr\/index.php\/wp-json\/wp\/v2\/types\/product"}],"wp:attachment":[{"href":"https:\/\/roveyayinevi.com.tr\/index.php\/wp-json\/wp\/v2\/media?parent=725551"}],"wp:term":[{"taxonomy":"product_brand","embeddable":true,"href":"https:\/\/roveyayinevi.com.tr\/index.php\/wp-json\/wp\/v2\/product_brand?post=725551"},{"taxonomy":"product_cat","embeddable":true,"href":"https:\/\/roveyayinevi.com.tr\/index.php\/wp-json\/wp\/v2\/product_cat?post=725551"},{"taxonomy":"product_tag","embeddable":true,"href":"https:\/\/roveyayinevi.com.tr\/index.php\/wp-json\/wp\/v2\/product_tag?post=725551"}],"curies":[{"name":"wp","href":"https:\/\/api.w.org\/{rel}","templated":true}]}}