{"id":725546,"date":"2025-08-27T19:52:05","date_gmt":"2025-08-27T16:52:05","guid":{"rendered":"https:\/\/roveyayinevi.com.tr\/index.php\/urun\/tek-parti-doneminde-istanbul-basininda-burokrasi-algisi\/"},"modified":"2025-11-21T06:12:00","modified_gmt":"2025-11-21T03:12:00","slug":"tek-parti-doneminde-istanbul-basininda-burokrasi-algisi","status":"publish","type":"product","link":"https:\/\/roveyayinevi.com.tr\/index.php\/urun\/tek-parti-doneminde-istanbul-basininda-burokrasi-algisi\/","title":{"rendered":"Tek Parti D\u00f6neminde \u0130stanbul Bas\u0131n\u0131nda B\u00fcrokrasi Alg\u0131s\u0131"},"content":{"rendered":"<p>A.B\u00fcrokrasi Kavram\u0131 1.B\u00fcrokrasinin Do\u011fu\u015fu ve Tarihsel Geli\u015fimine K\u0131sa Bir Bak\u0131\u015f 2.Modernle\u015fme \u2013 Ulus Devlet ve B\u00fcrokrasi  3.Klasik B\u00fcrokrasi Kavramlar\u0131B.Osmanl\u0131 \u0130mparatorlu\u011fu D\u00f6neminde B\u00fcrokrasisiC.Tek Parti D\u00f6nemi B\u00fcrokrasisiD.Tek Parti D\u00f6neminde \u0130stanbul Bas\u0131n\u0131nda B\u00fcrokras\u0131 Alg\u0131s\u0131 1.Osmanl\u0131\u2019dan Cumhuriyet\u2019in \u0130lk D\u00f6nemine T\u00fcrkiye\u2019de Bas\u0131n\u0131n Geli\u015fimi 2.Tek Parti D\u00f6neminde \u0130stanbul Bas\u0131n\u0131nda B\u00fcrokrasi Alg\u0131s\u0131SONU\u00c7KAYNAK\u00c7A<\/p>\n","protected":false},"excerpt":{"rendered":"<p>A.B\u00fcrokrasi Kavram\u0131 1.B\u00fcrokrasinin Do\u011fu\u015fu ve Tarihsel Geli\u015fimine K\u0131sa Bir Bak\u0131\u015f 2.Modernle\u015fme \u2013 Ulus Devlet ve B\u00fcrokrasi 3.Klasik B\u00fcrokrasi Kavramlar\u0131B.Osmanl\u0131 \u0130mparatorlu\u011fu D\u00f6neminde B\u00fcrokrasisiC.Tek Parti D\u00f6nemi B\u00fcrokrasisiD.Tek Parti<span class=\"excerpt-hellip\"> [\u2026]<\/span><\/p>\n","protected":false},"featured_media":0,"template":"","meta":{"_monsterinsights_skip_tracking":false,"_monsterinsights_sitenote_active":false,"_monsterinsights_sitenote_note":"","_monsterinsights_sitenote_category":0},"product_brand":[],"product_cat":[13043,19008],"product_tag":[],"class_list":{"0":"post-725546","1":"product","2":"type-product","3":"status-publish","5":"product_cat-ekonomi","6":"product_cat-yonetim","7":"pa_cilt-ciltsiz","8":"pa_tur-kitap","9":"pa_yayinevi-gazi-kitabevi","10":"pa_yazar-cemile-burcu-kartal","12":"first","13":"instock","14":"sale","15":"shipping-taxable","16":"purchasable","17":"product-type-simple"},"_links":{"self":[{"href":"https:\/\/roveyayinevi.com.tr\/index.php\/wp-json\/wp\/v2\/product\/725546","targetHints":{"allow":["GET"]}}],"collection":[{"href":"https:\/\/roveyayinevi.com.tr\/index.php\/wp-json\/wp\/v2\/product"}],"about":[{"href":"https:\/\/roveyayinevi.com.tr\/index.php\/wp-json\/wp\/v2\/types\/product"}],"wp:attachment":[{"href":"https:\/\/roveyayinevi.com.tr\/index.php\/wp-json\/wp\/v2\/media?parent=725546"}],"wp:term":[{"taxonomy":"product_brand","embeddable":true,"href":"https:\/\/roveyayinevi.com.tr\/index.php\/wp-json\/wp\/v2\/product_brand?post=725546"},{"taxonomy":"product_cat","embeddable":true,"href":"https:\/\/roveyayinevi.com.tr\/index.php\/wp-json\/wp\/v2\/product_cat?post=725546"},{"taxonomy":"product_tag","embeddable":true,"href":"https:\/\/roveyayinevi.com.tr\/index.php\/wp-json\/wp\/v2\/product_tag?post=725546"}],"curies":[{"name":"wp","href":"https:\/\/api.w.org\/{rel}","templated":true}]}}