{"id":725545,"date":"2025-08-27T19:52:04","date_gmt":"2025-08-27T16:52:04","guid":{"rendered":"https:\/\/roveyayinevi.com.tr\/index.php\/urun\/kurosawanin-rasomonu\/"},"modified":"2026-04-16T02:33:31","modified_gmt":"2026-04-15T23:33:31","slug":"kurosawanin-rasomonu","status":"publish","type":"product","link":"https:\/\/roveyayinevi.com.tr\/index.php\/urun\/kurosawanin-rasomonu\/","title":{"rendered":"Kurosawa&#8217;n\u0131n Ra\u015fomon&#8217;u"},"content":{"rendered":"<p>D\u00fcnya \u00e7ap\u0131nda bir ikon stat\u00fcs\u00fcne eri\u015fmi\u015f olmas\u0131na kar\u015f\u0131n Kurosawa\u2019n\u0131n hayat hik\u00e2yesi h\u00e2l\u00e2 bilinmezli\u011fini korur. Bu a\u00e7\u0131dan bir t\u00fcr Ra\u015fomon etkisiyle hayat\u0131n sanat\u0131 taklit etti\u011fi s\u00f6ylenebilir. Bu kitap \u00f6nce gen\u00e7 bir sosyalist ve bir ressam olarak Kurosawa portresini, ard\u0131ndan \u015fiddetli \u00e7at\u0131\u015fmalar ya\u015fayan, s\u0131ra d\u0131\u015f\u0131 bir duyarl\u0131\u011fa sahip a\u011fabeyi Heigo\u2019nun hayat\u0131ndaki rol\u00fcn\u00fc, son olarak da k\u00f6kl\u00fc k\u00fclt\u00fcrel de\u011fi\u015fimlerin ya\u015fand\u0131\u011f\u0131 yirminci y\u00fczy\u0131l Japonya\u2019s\u0131n\u0131n y\u00fckseli\u015f ve \u00e7\u00f6k\u00fc\u015f \u00f6yk\u00fcs\u00fcn\u00fc anlat\u0131yor&#8230;Zira Kurosawa\u2019n\u0131n ikonik filmi Ra\u015fomon, d\u00fcnya sinemas\u0131nda bir d\u00f6n\u00fcm noktas\u0131n\u0131 imlemekle birlikte, \u00e7arp\u0131c\u0131 bir aile dram\u0131n\u0131 ve d\u00f6neme has k\u00fclt\u00fcrel ve sosyal \u00e7at\u0131\u015fmalar\u0131 da yans\u0131tmaktad\u0131r.Kurosawa\u2019n\u0131n ger\u00e7ek y\u00fcz\u00fcn\u00fc ke\u015ffetmek i\u00e7in Paul Anderer sava\u015f sonras\u0131 y\u0131k\u0131nt\u0131lar i\u00e7indeki bir \u00fclkeyi ve bir ailenin ya\u015fad\u0131\u011f\u0131 trajediyi g\u00f6zler \u00f6n\u00fcne seriyor. Bu yolla trajik \u00f6l\u00fcm\u00fcnden \u00f6nce renkli ve isyank\u00e2r bir hayat s\u00fcren ve sessiz film end\u00fcstrisinin y\u0131ld\u0131zlar\u0131ndan biri olan Kurosawa\u2019n\u0131n a\u011fabeyi Heigo\u2019nun izini s\u00fcr\u00fcyor. B\u00f6ylece Kurosawa\u2019n\u0131n geli\u015fim d\u00f6nemini g\u00f6zler \u00f6n\u00fcne seren Anderer, b\u00fcy\u00fck y\u00f6netmenin etraf\u0131ndaki sis perdesini aral\u0131yor. Kurosawa\u2019n\u0131n Ra\u015fomon\u2019u, sinema sanat\u0131n\u0131n ba\u015fyap\u0131t\u0131na, onun b\u00fcy\u00fck y\u00f6netmenine ve etraf\u0131ndaki ilgi \u00e7ekici ve renkli d\u00fcnyaya yepyeni bir bak\u0131\u015f a\u00e7\u0131s\u0131 getiriyor.\u201cBir sanat\u00e7\u0131y\u0131 i\u015faret etmek i\u00e7in \u2018dev\u2019 tabiri \u00e7ok s\u0131k kullan\u0131l\u0131r oldu. Ancak istisnai olarak Akira Kurosawa\u2019n\u0131n durumunda bu tabir kesinlikle yerine oturuyor.\u201d-Martin Scorsese<\/p>\n","protected":false},"excerpt":{"rendered":"<p>D\u00fcnya \u00e7ap\u0131nda bir ikon stat\u00fcs\u00fcne eri\u015fmi\u015f olmas\u0131na kar\u015f\u0131n Kurosawa\u2019n\u0131n hayat hik\u00e2yesi h\u00e2l\u00e2 bilinmezli\u011fini korur. Bu a\u00e7\u0131dan bir t\u00fcr Ra\u015fomon etkisiyle hayat\u0131n sanat\u0131 taklit etti\u011fi s\u00f6ylenebilir. Bu<span class=\"excerpt-hellip\"> [\u2026]<\/span><\/p>\n","protected":false},"featured_media":0,"template":"","meta":{"_monsterinsights_skip_tracking":false,"_monsterinsights_sitenote_active":false,"_monsterinsights_sitenote_note":"","_monsterinsights_sitenote_category":0},"product_brand":[],"product_cat":[13661,12291],"product_tag":[],"class_list":{"0":"post-725545","1":"product","2":"type-product","3":"status-publish","5":"product_cat-diger-ulke-edebiyatlari","6":"product_cat-edebiyat","7":"pa_cilt-ciltsiz","8":"pa_tur-kitap","9":"pa_yayinevi-can-yayinlari","10":"pa_yazar-paul-anderer","12":"first","13":"instock","14":"sale","15":"shipping-taxable","16":"purchasable","17":"product-type-simple"},"_links":{"self":[{"href":"https:\/\/roveyayinevi.com.tr\/index.php\/wp-json\/wp\/v2\/product\/725545","targetHints":{"allow":["GET"]}}],"collection":[{"href":"https:\/\/roveyayinevi.com.tr\/index.php\/wp-json\/wp\/v2\/product"}],"about":[{"href":"https:\/\/roveyayinevi.com.tr\/index.php\/wp-json\/wp\/v2\/types\/product"}],"wp:attachment":[{"href":"https:\/\/roveyayinevi.com.tr\/index.php\/wp-json\/wp\/v2\/media?parent=725545"}],"wp:term":[{"taxonomy":"product_brand","embeddable":true,"href":"https:\/\/roveyayinevi.com.tr\/index.php\/wp-json\/wp\/v2\/product_brand?post=725545"},{"taxonomy":"product_cat","embeddable":true,"href":"https:\/\/roveyayinevi.com.tr\/index.php\/wp-json\/wp\/v2\/product_cat?post=725545"},{"taxonomy":"product_tag","embeddable":true,"href":"https:\/\/roveyayinevi.com.tr\/index.php\/wp-json\/wp\/v2\/product_tag?post=725545"}],"curies":[{"name":"wp","href":"https:\/\/api.w.org\/{rel}","templated":true}]}}