{"id":725543,"date":"2025-08-27T19:52:02","date_gmt":"2025-08-27T16:52:02","guid":{"rendered":"https:\/\/roveyayinevi.com.tr\/index.php\/urun\/burc-hikayeleri\/"},"modified":"2026-04-16T02:33:31","modified_gmt":"2026-04-15T23:33:31","slug":"burc-hikayeleri","status":"publish","type":"product","link":"https:\/\/roveyayinevi.com.tr\/index.php\/urun\/burc-hikayeleri\/","title":{"rendered":"Bur\u00e7 Hikayeleri"},"content":{"rendered":"<p>\u201cBir \u00e7oklu koro, bir zengin orkestra gibidir bu kitaptan ta\u015fanlar. Ta\u015fan bir kitap bu. Katlanan, kanatlanan, a\u015fk\u0131n, deli\u015fmen, yo\u011fun, par\u00e7al\u0131, tekrarl\u0131, \u015fiddetli, pervas\u0131z, i\u015ftahl\u0131 bir kitap. K\u0131\u015fk\u0131rt\u0131c\u0131, denetimsiz, cesur, dobra, kalabal\u0131k, g\u00fcr\u00fclt\u00fcc\u00fc, arzulu bir dil bu. Esinleyici, bula\u015f\u0131c\u0131, a\u015f\u0131r\u0131, riskli, ironik, kara bir s\u00f6ylem. Samimiyetin, c\u00fcretin, \u015fefkatin, itiraz\u0131n, isyan\u0131n kitab\u0131 bu. Bizden al\u0131p bize veriyor b\u00fcy\u00fctt\u00fc\u011f\u00fcn\u00fc de \u00f6ld\u00fcrd\u00fc\u011f\u00fcn\u00fc de, d\u00fc\u015f\u00fcnd\u00fc\u011f\u00fcn\u00fc ve d\u00fc\u015fledi\u011fini de, \u00e2\u015f\u0131k olup yenildi\u011fini de, kar\u015f\u0131 \u00e7\u0131kt\u0131\u011f\u0131n\u0131 da, aldand\u0131\u011f\u0131n\u0131 ve aldatt\u0131\u011f\u0131n\u0131 da. Bu d\u00fcnyadan ben ge\u00e7tim, ben bu d\u00fcnyadan b\u00f6yle ge\u00e7tim demenin kitab\u0131 bu. Bir lades kemi\u011fi gibi k\u0131r\u0131lman\u0131n, t\u00fcm iktidarlara kafa tutman\u0131n kitab\u0131 bu. S\u00f6zc\u00fcklerin arzulu ve \u015fiddetli ve kanl\u0131 bir dansa kalkt\u0131\u011f\u0131 bir kitap bu.\u201d-Gonca \u00d6zmen<\/p>\n","protected":false},"excerpt":{"rendered":"<p>\u201cBir \u00e7oklu koro, bir zengin orkestra gibidir bu kitaptan ta\u015fanlar. Ta\u015fan bir kitap bu. Katlanan, kanatlanan, a\u015fk\u0131n, deli\u015fmen, yo\u011fun, par\u00e7al\u0131, tekrarl\u0131, \u015fiddetli, pervas\u0131z, i\u015ftahl\u0131 bir kitap.<span class=\"excerpt-hellip\"> [\u2026]<\/span><\/p>\n","protected":false},"featured_media":0,"template":"","meta":{"_monsterinsights_skip_tracking":false,"_monsterinsights_sitenote_active":false,"_monsterinsights_sitenote_note":"","_monsterinsights_sitenote_category":0},"product_brand":[],"product_cat":[12291,12509],"product_tag":[],"class_list":{"0":"post-725543","1":"product","2":"type-product","3":"status-publish","5":"product_cat-edebiyat","6":"product_cat-siir","7":"pa_cilt-ciltsiz","8":"pa_tur-kitap","9":"pa_yayinevi-can-yayinlari","10":"pa_yazar-kucuk-iskender","12":"first","13":"instock","14":"sale","15":"shipping-taxable","16":"purchasable","17":"product-type-simple"},"_links":{"self":[{"href":"https:\/\/roveyayinevi.com.tr\/index.php\/wp-json\/wp\/v2\/product\/725543","targetHints":{"allow":["GET"]}}],"collection":[{"href":"https:\/\/roveyayinevi.com.tr\/index.php\/wp-json\/wp\/v2\/product"}],"about":[{"href":"https:\/\/roveyayinevi.com.tr\/index.php\/wp-json\/wp\/v2\/types\/product"}],"wp:attachment":[{"href":"https:\/\/roveyayinevi.com.tr\/index.php\/wp-json\/wp\/v2\/media?parent=725543"}],"wp:term":[{"taxonomy":"product_brand","embeddable":true,"href":"https:\/\/roveyayinevi.com.tr\/index.php\/wp-json\/wp\/v2\/product_brand?post=725543"},{"taxonomy":"product_cat","embeddable":true,"href":"https:\/\/roveyayinevi.com.tr\/index.php\/wp-json\/wp\/v2\/product_cat?post=725543"},{"taxonomy":"product_tag","embeddable":true,"href":"https:\/\/roveyayinevi.com.tr\/index.php\/wp-json\/wp\/v2\/product_tag?post=725543"}],"curies":[{"name":"wp","href":"https:\/\/api.w.org\/{rel}","templated":true}]}}