{"id":725540,"date":"2025-08-27T19:52:00","date_gmt":"2025-08-27T16:52:00","guid":{"rendered":"https:\/\/roveyayinevi.com.tr\/index.php\/urun\/deniz-kizi-ve-delfi\/"},"modified":"2026-04-16T02:33:31","modified_gmt":"2026-04-15T23:33:31","slug":"deniz-kizi-ve-delfi","status":"publish","type":"product","link":"https:\/\/roveyayinevi.com.tr\/index.php\/urun\/deniz-kizi-ve-delfi\/","title":{"rendered":"Deniz K\u0131z\u0131 Ve Delfi"},"content":{"rendered":"<p>Deniz k\u0131z\u0131 \u015eahika ve minik yunus Delfi\u2019yle heyecan dolu bir macera ya\u015famaya haz\u0131rlan\u0131n. Masmavi okyanusun derinliklerinden yunus parklar\u0131na uzanan bu macerada say\u0131s\u0131z deniz canl\u0131s\u0131yla tan\u0131\u015facak ve onlar\u0131n d\u00fcnyas\u0131n\u0131 daha yak\u0131ndan tan\u0131yacaks\u0131n\u0131z. UNDP T\u00fcrkiye Sudaki Ya\u015fam Savunucusu \u015eahika Erc\u00fcmen, bu kitapla \u00e7ocuklar\u0131, mavi d\u00fcnyay\u0131 tan\u0131y\u0131p sevmeye ve korumaya davet ediyor. T\u00fcm canl\u0131lar\u0131n uyum i\u00e7inde ya\u015fad\u0131\u011f\u0131, temiz bir d\u00fcnya i\u00e7in&#8230;<\/p>\n","protected":false},"excerpt":{"rendered":"<p>Deniz k\u0131z\u0131 \u015eahika ve minik yunus Delfi\u2019yle heyecan dolu bir macera ya\u015famaya haz\u0131rlan\u0131n. Masmavi okyanusun derinliklerinden yunus parklar\u0131na uzanan bu macerada say\u0131s\u0131z deniz canl\u0131s\u0131yla tan\u0131\u015facak ve<span class=\"excerpt-hellip\"> [\u2026]<\/span><\/p>\n","protected":false},"featured_media":0,"template":"","meta":{"_monsterinsights_skip_tracking":false,"_monsterinsights_sitenote_active":false,"_monsterinsights_sitenote_note":"","_monsterinsights_sitenote_category":0},"product_brand":[],"product_cat":[12275,12274],"product_tag":[],"class_list":{"0":"post-725540","1":"product","2":"type-product","3":"status-publish","5":"product_cat-6-12-yas-kitaplari","6":"product_cat-cocuk-ve-genclik-kitaplari","7":"pa_cilt-ciltsiz","8":"pa_tur-kitap","9":"pa_yayinevi-dogan-egmont-yayincilik","10":"pa_yazar-sahika-ercumen","12":"first","13":"instock","14":"sale","15":"shipping-taxable","16":"purchasable","17":"product-type-simple"},"_links":{"self":[{"href":"https:\/\/roveyayinevi.com.tr\/index.php\/wp-json\/wp\/v2\/product\/725540","targetHints":{"allow":["GET"]}}],"collection":[{"href":"https:\/\/roveyayinevi.com.tr\/index.php\/wp-json\/wp\/v2\/product"}],"about":[{"href":"https:\/\/roveyayinevi.com.tr\/index.php\/wp-json\/wp\/v2\/types\/product"}],"wp:attachment":[{"href":"https:\/\/roveyayinevi.com.tr\/index.php\/wp-json\/wp\/v2\/media?parent=725540"}],"wp:term":[{"taxonomy":"product_brand","embeddable":true,"href":"https:\/\/roveyayinevi.com.tr\/index.php\/wp-json\/wp\/v2\/product_brand?post=725540"},{"taxonomy":"product_cat","embeddable":true,"href":"https:\/\/roveyayinevi.com.tr\/index.php\/wp-json\/wp\/v2\/product_cat?post=725540"},{"taxonomy":"product_tag","embeddable":true,"href":"https:\/\/roveyayinevi.com.tr\/index.php\/wp-json\/wp\/v2\/product_tag?post=725540"}],"curies":[{"name":"wp","href":"https:\/\/api.w.org\/{rel}","templated":true}]}}