{"id":725539,"date":"2025-08-27T19:51:59","date_gmt":"2025-08-27T16:51:59","guid":{"rendered":"https:\/\/roveyayinevi.com.tr\/index.php\/urun\/8-sinif-genel-yetenek\/"},"modified":"2026-04-16T02:33:31","modified_gmt":"2026-04-15T23:33:31","slug":"8-sinif-genel-yetenek","status":"publish","type":"product","link":"https:\/\/roveyayinevi.com.tr\/index.php\/urun\/8-sinif-genel-yetenek\/","title":{"rendered":"8. S\u0131n\u0131f Genel Yetenek"},"content":{"rendered":"<p>Tudem&#8217;den, bireylerin genel yeteneklerini \u00f6l\u00e7me ve de\u011ferlendirmelerinde yol g\u00f6sterecek alternatif bir kaynak! 160&#8217;\u0131 \u00e7\u00f6z\u00fcml\u00fc toplam 548 soru!<\/p>\n","protected":false},"excerpt":{"rendered":"<p>Tudem&#8217;den, bireylerin genel yeteneklerini \u00f6l\u00e7me ve de\u011ferlendirmelerinde yol g\u00f6sterecek alternatif bir kaynak! 160&#8217;\u0131 \u00e7\u00f6z\u00fcml\u00fc toplam 548 soru!<\/p>\n","protected":false},"featured_media":0,"template":"","meta":{"_monsterinsights_skip_tracking":false,"_monsterinsights_sitenote_active":false,"_monsterinsights_sitenote_note":"","_monsterinsights_sitenote_category":0},"product_brand":[],"product_cat":[73839,12566,57295,50915,13473],"product_tag":[],"class_list":{"0":"post-725539","1":"product","2":"type-product","3":"status-publish","5":"product_cat-8-sinif-tum-dersler-soru","6":"product_cat-egitim","7":"product_cat-ortaogretim-8-sinif","8":"product_cat-ortaogretim-yardimci-kitaplar","9":"product_cat-sinavlara-hazirlik-okula-yardimci-kaynaklar","10":"pa_cilt-ciltsiz","11":"pa_tur-kitap","12":"pa_yayinevi-tudem-egitim-yayinlari","13":"pa_yazar-kadir-gulcu","15":"first","16":"instock","17":"sale","18":"shipping-taxable","19":"purchasable","20":"product-type-simple"},"_links":{"self":[{"href":"https:\/\/roveyayinevi.com.tr\/index.php\/wp-json\/wp\/v2\/product\/725539","targetHints":{"allow":["GET"]}}],"collection":[{"href":"https:\/\/roveyayinevi.com.tr\/index.php\/wp-json\/wp\/v2\/product"}],"about":[{"href":"https:\/\/roveyayinevi.com.tr\/index.php\/wp-json\/wp\/v2\/types\/product"}],"wp:attachment":[{"href":"https:\/\/roveyayinevi.com.tr\/index.php\/wp-json\/wp\/v2\/media?parent=725539"}],"wp:term":[{"taxonomy":"product_brand","embeddable":true,"href":"https:\/\/roveyayinevi.com.tr\/index.php\/wp-json\/wp\/v2\/product_brand?post=725539"},{"taxonomy":"product_cat","embeddable":true,"href":"https:\/\/roveyayinevi.com.tr\/index.php\/wp-json\/wp\/v2\/product_cat?post=725539"},{"taxonomy":"product_tag","embeddable":true,"href":"https:\/\/roveyayinevi.com.tr\/index.php\/wp-json\/wp\/v2\/product_tag?post=725539"}],"curies":[{"name":"wp","href":"https:\/\/api.w.org\/{rel}","templated":true}]}}