{"id":725537,"date":"2025-08-27T19:51:58","date_gmt":"2025-08-27T16:51:58","guid":{"rendered":"https:\/\/roveyayinevi.com.tr\/index.php\/urun\/senin-kovan-ne-kadar-dolu\/"},"modified":"2026-04-16T02:33:31","modified_gmt":"2026-04-15T23:33:31","slug":"senin-kovan-ne-kadar-dolu","status":"publish","type":"product","link":"https:\/\/roveyayinevi.com.tr\/index.php\/urun\/senin-kovan-ne-kadar-dolu\/","title":{"rendered":"Senin Kovan Ne Kadar Dolu?"},"content":{"rendered":"<p>Hepimizin g\u00f6r\u00fcnmez kovas\u0131 vard\u0131r.Kovam\u0131z doluyken kendimizi \u00e7ok iyi hissederiz. Bo\u015fsa k\u00f6t\u00fc hissederiz.Ama \u00e7ocuklar\u0131n \u00e7o\u011fu (ve yeti\u015fkinler de) g\u00fcn boyu kovan\u0131n dolu olmas\u0131n\u0131n \u00f6nemini kavrayamazlar.Senin Kovan Ne Kadar Dolu adl\u0131 kitapta, Feliks g\u00fcn i\u00e7indeki etkile\u015fimlerinin kovas\u0131n\u0131 nas\u0131l doldurup bo\u015faltt\u0131\u011f\u0131n\u0131 \u00f6\u011freniyor. Ayr\u0131ca, ba\u015fkalar\u0131na s\u00f6yledi\u011fi s\u00f6zlerin ya da davran\u0131\u015flar\u0131n\u0131n onlar\u0131n kovalar\u0131n\u0131 nas\u0131l doldurup bo\u015faltt\u0131\u011f\u0131n\u0131 da fark ediyor. Feliks s\u0131n\u0131f arkada\u015flar\u0131n\u0131n, \u00f6\u011fretmenlerinin ve akrabalar\u0131n\u0131n kovalar\u0131n\u0131 doldurman\u0131n ne kadar kolay oldu\u011funu \u00f6\u011frenirken siz de onu izleyin. G\u00fcn sona ermeden Feliks\u2019in kova doldurmada ne kadar ustala\u015ft\u0131\u011f\u0131n\u0131 g\u00f6receksiniz ve bu s\u00fcre\u00e7te, bir ba\u015fkas\u0131n\u0131n kovas\u0131n\u0131 doldurunca kendi kovan\u0131z\u0131n da doldu\u011funu \u00f6\u011freneceksiniz.Tom Rath, New York Times \u00e7ok satanlar listesinde uzun s\u00fcre bir numarada bulunun Senin Kovan Ne Kadar Dolu? adl\u0131 kitab\u0131n yazar\u0131d\u0131r. Bu kitab\u0131 \u201ckova \u00f6yk\u00fcs\u00fcn\u00fc\u201c payla\u015ft\u0131\u011f\u0131 merhum Dr. Donald O. Clifton (1924-2003) ile birlikte yazm\u0131\u015ft\u0131r. Bu klasik kitap t\u00fcm d\u00fcnyada evlerde ve s\u0131n\u0131flarda uyarlanm\u0131\u015f ve sonunda bu resimli \u00e7ocuk kitab\u0131n\u0131n ortaya \u00e7\u0131kmas\u0131n\u0131 sa\u011flam\u0131\u015ft\u0131r.Dr. Mary Reckmeyer, Donald O. Clifton \u00c7ocuk Geli\u015fimi Merkezi\u2019nin tepe y\u00f6neticisidir. Bu merkez erken d\u00f6nem \u00e7ocuk e\u011fitimindeki ba\u015far\u0131lar\u0131 nedeniyle dikkat \u00e7ekmi\u015ftir. Mary bu merkezi yirmi be\u015f y\u0131l \u00f6nce kurdu ve bug\u00fcne kadar binlerce \u00e7ocu\u011fun ya\u015famlar\u0131n\u0131 g\u00fc\u00e7l\u00fc y\u00f6nlerinin \u00e7evresinde in\u015fa etmesine yard\u0131mc\u0131 olarak okullara \u00f6rnek te\u015fkil etti.Maurie J. Manning, en son Kitchen Dance adl\u0131 kitab\u0131n\u0131 yay\u0131mlad\u0131, yazar ve \u00e7izerdir. Ba\u015fka yazarlar\u0131n kitaplar\u0131n\u0131n \u00e7izerli\u011fini yapmaktan da b\u00fcy\u00fck zevk al\u0131r. Ergenlik \u00e7a\u011f\u0131ndaki k\u0131z\u0131, iki k\u00f6pe\u011fi (Feliks\u2019in k\u00f6pe\u011fine esin kayna\u011f\u0131 olan yaramaz Kip\u2019tir) ve iki \u00e7enesi d\u00fc\u015f\u00fck gri Afrika papa\u011fan\u0131yla Kuzey California\u2019da ya\u015far.<\/p>\n","protected":false},"excerpt":{"rendered":"<p>Hepimizin g\u00f6r\u00fcnmez kovas\u0131 vard\u0131r.Kovam\u0131z doluyken kendimizi \u00e7ok iyi hissederiz. Bo\u015fsa k\u00f6t\u00fc hissederiz.Ama \u00e7ocuklar\u0131n \u00e7o\u011fu (ve yeti\u015fkinler de) g\u00fcn boyu kovan\u0131n dolu olmas\u0131n\u0131n \u00f6nemini kavrayamazlar.Senin Kovan Ne<span class=\"excerpt-hellip\"> [\u2026]<\/span><\/p>\n","protected":false},"featured_media":0,"template":"","meta":{"_monsterinsights_skip_tracking":false,"_monsterinsights_sitenote_active":false,"_monsterinsights_sitenote_note":"","_monsterinsights_sitenote_category":0},"product_brand":[],"product_cat":[12364,12376],"product_tag":[],"class_list":{"0":"post-725537","1":"product","2":"type-product","3":"status-publish","5":"product_cat-genel-konular","6":"product_cat-kisisel-gelisim","7":"pa_cilt-ciltsiz","8":"pa_tur-kitap","9":"pa_yayinevi-butik-yayinlari","10":"pa_yazar-tom-rath","12":"first","13":"instock","14":"sale","15":"shipping-taxable","16":"purchasable","17":"product-type-simple"},"_links":{"self":[{"href":"https:\/\/roveyayinevi.com.tr\/index.php\/wp-json\/wp\/v2\/product\/725537","targetHints":{"allow":["GET"]}}],"collection":[{"href":"https:\/\/roveyayinevi.com.tr\/index.php\/wp-json\/wp\/v2\/product"}],"about":[{"href":"https:\/\/roveyayinevi.com.tr\/index.php\/wp-json\/wp\/v2\/types\/product"}],"wp:attachment":[{"href":"https:\/\/roveyayinevi.com.tr\/index.php\/wp-json\/wp\/v2\/media?parent=725537"}],"wp:term":[{"taxonomy":"product_brand","embeddable":true,"href":"https:\/\/roveyayinevi.com.tr\/index.php\/wp-json\/wp\/v2\/product_brand?post=725537"},{"taxonomy":"product_cat","embeddable":true,"href":"https:\/\/roveyayinevi.com.tr\/index.php\/wp-json\/wp\/v2\/product_cat?post=725537"},{"taxonomy":"product_tag","embeddable":true,"href":"https:\/\/roveyayinevi.com.tr\/index.php\/wp-json\/wp\/v2\/product_tag?post=725537"}],"curies":[{"name":"wp","href":"https:\/\/api.w.org\/{rel}","templated":true}]}}