{"id":725534,"date":"2025-08-27T19:51:55","date_gmt":"2025-08-27T16:51:55","guid":{"rendered":"https:\/\/roveyayinevi.com.tr\/index.php\/urun\/osmanlidan-gunumuze-bilgi-uretiminin-oykusu\/"},"modified":"2026-04-16T02:33:31","modified_gmt":"2026-04-15T23:33:31","slug":"osmanlidan-gunumuze-bilgi-uretiminin-oykusu","status":"publish","type":"product","link":"https:\/\/roveyayinevi.com.tr\/index.php\/urun\/osmanlidan-gunumuze-bilgi-uretiminin-oykusu\/","title":{"rendered":"Osmanl\u0131\u2019dan G\u00fcn\u00fcm\u00fcze Bilgi \u00dcretiminin \u00d6yk\u00fcs\u00fc"},"content":{"rendered":"<p>Osmanl\u0131 Devleti\u2019nin en okumu\u015f s\u0131n\u0131f\u0131n\u0131 ilmiye olu\u015fturuyordu. Ne ac\u0131 ki ilmiye, bilimsel bilgi yerine sadece dini bilgi ile bilgilenmeyi inatla ve \u0131srarla s\u00fcrd\u00fcrm\u00fc\u015f; yani bilgiyi dini bilgi ile s\u0131n\u0131rland\u0131rm\u0131\u015ft\u0131. \u00c7\u00fcnk\u00fc kendilerini Peygamber bilgisinin manevi miras\u00e7\u0131lar\u0131 olarak konumland\u0131rm\u0131\u015flard\u0131. Hatta, \u201cDevlet dinin ast\u0131d\u0131r.\u201d diye bir fetva uydurarak devlet y\u00f6netimi \u00fczerinde a\u015f\u0131lmaz bir engel olu\u015fturmu\u015flard\u0131. \u00d6yle ki, alt\u0131 y\u00fcz y\u0131ll\u0131k s\u00fcre i\u00e7erisinde ad\u0131n\u0131 bilim tarihine yazd\u0131rabilmi\u015f bir filozofun bu topraklarda yeti\u015fmesine olanak b\u0131rak\u0131lmam\u0131\u015ft\u0131r. B\u00f6yle olunca da Osmanl\u0131 Devleti\u2019nin bilgi \u00fcretimi yoluyla t\u00fcketim ekonomisinden \u00fcretim ekonomisine ge\u00e7i\u015fine engel olundu. Ve nihayet koca bir imparatorlu\u011fun alt\u0131 y\u00fcz y\u0131l\u0131 ziyan edildi. Ancak, T\u00fcrkiye Cumhuriyeti\u2019nin b\u00f6yle bir l\u00fcks\u00fc, bilime sar\u0131lmaktan ba\u015fka \u00e7aresi yoktur. Cumhuriyet\u2019in kurucusu Mustafa Kemal Atat\u00fcrk: \u201c\u00c7al\u0131\u015fmadan, \u00f6\u011frenmeden, yorulmadan rahat ya\u015fama yollar\u0131n\u0131 aramay\u0131 al\u0131\u015fkanl\u0131k haline getiren uluslar; \u00f6nce onurlar\u0131n\u0131, sonra \u00f6zg\u00fcrl\u00fcklerini, daha sonra geleceklerini kaybetmeye mahk\u00fbmdurlar.\u201d diyor.<\/p>\n","protected":false},"excerpt":{"rendered":"<p>Osmanl\u0131 Devleti\u2019nin en okumu\u015f s\u0131n\u0131f\u0131n\u0131 ilmiye olu\u015fturuyordu. Ne ac\u0131 ki ilmiye, bilimsel bilgi yerine sadece dini bilgi ile bilgilenmeyi inatla ve \u0131srarla s\u00fcrd\u00fcrm\u00fc\u015f; yani bilgiyi dini<span class=\"excerpt-hellip\"> [\u2026]<\/span><\/p>\n","protected":false},"featured_media":0,"template":"","meta":{"_monsterinsights_skip_tracking":false,"_monsterinsights_sitenote_active":false,"_monsterinsights_sitenote_note":"","_monsterinsights_sitenote_category":0},"product_brand":[],"product_cat":[13517,12304],"product_tag":[],"class_list":{"0":"post-725534","1":"product","2":"type-product","3":"status-publish","5":"product_cat-osmanli-tarihi","6":"product_cat-tarih","7":"pa_cilt-ciltsiz","8":"pa_tur-kitap","9":"pa_yayinevi-karina-yayinevi","10":"pa_yazar-mehmet-hamdi-ilhan","12":"first","13":"instock","14":"sale","15":"shipping-taxable","16":"purchasable","17":"product-type-simple"},"_links":{"self":[{"href":"https:\/\/roveyayinevi.com.tr\/index.php\/wp-json\/wp\/v2\/product\/725534","targetHints":{"allow":["GET"]}}],"collection":[{"href":"https:\/\/roveyayinevi.com.tr\/index.php\/wp-json\/wp\/v2\/product"}],"about":[{"href":"https:\/\/roveyayinevi.com.tr\/index.php\/wp-json\/wp\/v2\/types\/product"}],"wp:attachment":[{"href":"https:\/\/roveyayinevi.com.tr\/index.php\/wp-json\/wp\/v2\/media?parent=725534"}],"wp:term":[{"taxonomy":"product_brand","embeddable":true,"href":"https:\/\/roveyayinevi.com.tr\/index.php\/wp-json\/wp\/v2\/product_brand?post=725534"},{"taxonomy":"product_cat","embeddable":true,"href":"https:\/\/roveyayinevi.com.tr\/index.php\/wp-json\/wp\/v2\/product_cat?post=725534"},{"taxonomy":"product_tag","embeddable":true,"href":"https:\/\/roveyayinevi.com.tr\/index.php\/wp-json\/wp\/v2\/product_tag?post=725534"}],"curies":[{"name":"wp","href":"https:\/\/api.w.org\/{rel}","templated":true}]}}