{"id":725530,"date":"2025-08-27T19:51:52","date_gmt":"2025-08-27T16:51:52","guid":{"rendered":"https:\/\/roveyayinevi.com.tr\/index.php\/urun\/beyniniz-hayatinizi-nasil-sekillendirir\/"},"modified":"2026-04-16T02:33:31","modified_gmt":"2026-04-15T23:33:31","slug":"beyniniz-hayatinizi-nasil-sekillendirir","status":"publish","type":"product","link":"https:\/\/roveyayinevi.com.tr\/index.php\/urun\/beyniniz-hayatinizi-nasil-sekillendirir\/","title":{"rendered":"Beyniniz Hayat\u0131n\u0131z\u0131 Nas\u0131l \u015eekillendirir?"},"content":{"rendered":"<p>\u201cBiz beynimiziz\u201d c\u00fcmlesinden yola \u00e7\u0131karak zihni anlamay\u0131 ve g\u00fc\u00e7lendirmeyi sa\u011flayan bu bilimsel ve e\u011flenceli kitap, insan bilincinin gizemlerine \u0131\u015f\u0131k tutarak bizi anlat\u0131yor. \u2018\u2018\u0130nsan do\u011fas\u0131na ve beyninize sonsuza kadar farkl\u0131 g\u00f6zlerle bakman\u0131z\u0131 sa\u011flayacak bu kitap kesinlikle n\u00f6robilim alan\u0131nda okuyaca\u011f\u0131n\u0131z en iyi, en d\u00fcr\u00fcst ve en keyifli kitap. \u00d6\u011frendiklerinizden \u00e7ok etkileneceksiniz. Bir solukta okunuyor.\u2019\u2019Do\u00e7. Dr. M. Tayyip KadakCerrahpa\u015fa T\u0131p Fak\u00fcltesi \u00c7ocuk ve Ergen Ruh Sa\u011fl\u0131\u011f\u0131 ve Hastal\u0131klar\u0131 Ana Bilim Dal\u0131   \u2018\u2018Kafatas\u0131n\u0131n i\u00e7indeki karanl\u0131kta ya\u015fayan gizemli doku beyin, ger\u00e7ekli\u011fimizi nas\u0131l belirler? Zihnin d\u00fcnyas\u0131n\u0131 g\u00f6zler \u00f6n\u00fcne seren n\u00f6robilimsel \u00f6yk\u00fcn\u00fcn klinik anekdotlarla zenginle\u015ftirilerek bu kadar kolay anla\u015f\u0131l\u0131r bir \u00fcslupla yaz\u0131lmas\u0131 \u00e7ok etkileyici. \u015ea\u015f\u0131rt\u0131c\u0131 \u015fekilde s\u00fcr\u00fckleyici.\u201d Prof. Dr. Nihal I\u015f\u0131kOkan \u00dcniversitesi N\u00f6roloji Anabilim Dal\u0131\u2018\u2018Y\u00fczy\u0131llar \u00f6ncesinden g\u00fcn\u00fcm\u00fcze uzanan, h\u00e2l\u00e2 bir\u00e7ok bilinmeyenle dolu n\u00f6robilimsel \u00f6yk\u00fcn\u00fcn trajik ve heyecan verici y\u00f6nleriyle ola\u011fan\u00fcst\u00fc sade ve yal\u0131n bir dille, e\u011flenceli ve ak\u0131c\u0131 bir \u00fcslupla anlat\u0131lmas\u0131 ger\u00e7ekten \u00f6vg\u00fcye de\u011fer. Bilimsel ara\u015ft\u0131rma derin bir k\u00fclt\u00fcr birikimiyle sentezlenmi\u015f. \u0130nsan zihninin ufkunu a\u00e7an, mutlaka okunmas\u0131 gereken, gelecek ku\u015faklara kal\u0131c\u0131 bir eser.\u201dDo\u00e7. Dr. Semih Naci Balak<\/p>\n","protected":false},"excerpt":{"rendered":"<p>\u201cBiz beynimiziz\u201d c\u00fcmlesinden yola \u00e7\u0131karak zihni anlamay\u0131 ve g\u00fc\u00e7lendirmeyi sa\u011flayan bu bilimsel ve e\u011flenceli kitap, insan bilincinin gizemlerine \u0131\u015f\u0131k tutarak bizi anlat\u0131yor. \u2018\u2018\u0130nsan do\u011fas\u0131na ve beyninize<span class=\"excerpt-hellip\"> [\u2026]<\/span><\/p>\n","protected":false},"featured_media":0,"template":"","meta":{"_monsterinsights_skip_tracking":false,"_monsterinsights_sitenote_active":false,"_monsterinsights_sitenote_note":"","_monsterinsights_sitenote_category":0},"product_brand":[],"product_cat":[20502,12357],"product_tag":[],"class_list":{"0":"post-725530","1":"product","2":"type-product","3":"status-publish","5":"product_cat-basvuru-kitaplari-psikoloji","6":"product_cat-psikoloji","7":"pa_cilt-ciltsiz","8":"pa_tur-kitap","9":"pa_yayinevi-muptela-yayinevi","10":"pa_yazar-ece-balkuv","12":"first","13":"instock","14":"sale","15":"shipping-taxable","16":"purchasable","17":"product-type-simple"},"_links":{"self":[{"href":"https:\/\/roveyayinevi.com.tr\/index.php\/wp-json\/wp\/v2\/product\/725530","targetHints":{"allow":["GET"]}}],"collection":[{"href":"https:\/\/roveyayinevi.com.tr\/index.php\/wp-json\/wp\/v2\/product"}],"about":[{"href":"https:\/\/roveyayinevi.com.tr\/index.php\/wp-json\/wp\/v2\/types\/product"}],"wp:attachment":[{"href":"https:\/\/roveyayinevi.com.tr\/index.php\/wp-json\/wp\/v2\/media?parent=725530"}],"wp:term":[{"taxonomy":"product_brand","embeddable":true,"href":"https:\/\/roveyayinevi.com.tr\/index.php\/wp-json\/wp\/v2\/product_brand?post=725530"},{"taxonomy":"product_cat","embeddable":true,"href":"https:\/\/roveyayinevi.com.tr\/index.php\/wp-json\/wp\/v2\/product_cat?post=725530"},{"taxonomy":"product_tag","embeddable":true,"href":"https:\/\/roveyayinevi.com.tr\/index.php\/wp-json\/wp\/v2\/product_tag?post=725530"}],"curies":[{"name":"wp","href":"https:\/\/api.w.org\/{rel}","templated":true}]}}