{"id":725529,"date":"2025-08-27T19:51:51","date_gmt":"2025-08-27T16:51:51","guid":{"rendered":"https:\/\/roveyayinevi.com.tr\/index.php\/urun\/planetary-cilt-1-dunyanin-dort-bir-yaninda-ve-diger-oykuler\/"},"modified":"2026-04-16T02:33:31","modified_gmt":"2026-04-15T23:33:31","slug":"planetary-cilt-1-dunyanin-dort-bir-yaninda-ve-diger-oykuler","status":"publish","type":"product","link":"https:\/\/roveyayinevi.com.tr\/index.php\/urun\/planetary-cilt-1-dunyanin-dort-bir-yaninda-ve-diger-oykuler\/","title":{"rendered":"Planetary Cilt 1 &#8211; D\u00fcnyan\u0131n D\u00f6rt Bir Yan\u0131nda ve Di\u011fer \u00d6yk\u00fcler"},"content":{"rendered":"<p>K\u0131\u015fk\u0131rt\u0131c\u0131 ve ba\u011f\u0131ml\u0131l\u0131k yaratan bir seri.\u00c7izgi roman d\u00fcnyas\u0131n\u0131n en iyilerinden.\u201d\u2015ENTERTAINMENT WEEKLYEfsane TRANSMETROPOLITAN serisinin yarat\u0131c\u0131s\u0131 Warren Ellis PLANETARY\u2019de modern s\u00fcper kahraman gelene\u011fini ba\u015ftan a\u015fa\u011f\u0131 de\u011fi\u015ftirerek t\u00fcm zamanlar\u0131n en s\u0131rad\u0131\u015f\u0131 \u00e7izgi roman hik\u00e2yelerinden birini anlat\u0131yor.Bu cilt, y\u00fcz ya\u015f\u0131ndaki bir adam, Elijah Snow\u2019un, inan\u0131lmaz g\u00fc\u00e7l\u00fc ve can\u0131 s\u0131kk\u0131n bir kad\u0131n, Jakita Wagner\u2019in ve makinelerle ileti\u015fim kurabilen Davulcu\u2019nun maceralar\u0131n\u0131 i\u00e7eriyor. S\u00fcperinsan faaliyetlerini belirlemekle g\u00f6revli bu gizem arkeologlar\u0131 di\u011fer evrenlere eri\u015febilen \u0130kinci D\u00fcnya Sava\u015f\u0131 d\u00f6nemi s\u00fcperbilgisayar\u0131, intikamc\u0131 bir hayalet ve \u00f6len canavarlar\u0131n oldu\u011fu kay\u0131p bir ada gibi bilinmeyen paranormal s\u0131rlar\u0131 ve mazileri a\u00e7\u0131\u011fa \u00e7\u0131kar\u0131yor.<\/p>\n","protected":false},"excerpt":{"rendered":"<p>K\u0131\u015fk\u0131rt\u0131c\u0131 ve ba\u011f\u0131ml\u0131l\u0131k yaratan bir seri.\u00c7izgi roman d\u00fcnyas\u0131n\u0131n en iyilerinden.\u201d\u2015ENTERTAINMENT WEEKLYEfsane TRANSMETROPOLITAN serisinin yarat\u0131c\u0131s\u0131 Warren Ellis PLANETARY\u2019de modern s\u00fcper kahraman gelene\u011fini ba\u015ftan a\u015fa\u011f\u0131 de\u011fi\u015ftirerek t\u00fcm zamanlar\u0131n<span class=\"excerpt-hellip\"> [\u2026]<\/span><\/p>\n","protected":false},"featured_media":0,"template":"","meta":{"_monsterinsights_skip_tracking":false,"_monsterinsights_sitenote_active":false,"_monsterinsights_sitenote_note":"","_monsterinsights_sitenote_category":0},"product_brand":[],"product_cat":[12416,12291],"product_tag":[],"class_list":{"0":"post-725529","1":"product","2":"type-product","3":"status-publish","5":"product_cat-cizgi-roman","6":"product_cat-edebiyat","7":"pa_cilt-ciltsiz","8":"pa_tur-kitap","9":"pa_yayinevi-ithaki-yayinlari","10":"pa_yazar-warren-ellis","12":"first","13":"instock","14":"sale","15":"shipping-taxable","16":"purchasable","17":"product-type-simple"},"_links":{"self":[{"href":"https:\/\/roveyayinevi.com.tr\/index.php\/wp-json\/wp\/v2\/product\/725529","targetHints":{"allow":["GET"]}}],"collection":[{"href":"https:\/\/roveyayinevi.com.tr\/index.php\/wp-json\/wp\/v2\/product"}],"about":[{"href":"https:\/\/roveyayinevi.com.tr\/index.php\/wp-json\/wp\/v2\/types\/product"}],"wp:attachment":[{"href":"https:\/\/roveyayinevi.com.tr\/index.php\/wp-json\/wp\/v2\/media?parent=725529"}],"wp:term":[{"taxonomy":"product_brand","embeddable":true,"href":"https:\/\/roveyayinevi.com.tr\/index.php\/wp-json\/wp\/v2\/product_brand?post=725529"},{"taxonomy":"product_cat","embeddable":true,"href":"https:\/\/roveyayinevi.com.tr\/index.php\/wp-json\/wp\/v2\/product_cat?post=725529"},{"taxonomy":"product_tag","embeddable":true,"href":"https:\/\/roveyayinevi.com.tr\/index.php\/wp-json\/wp\/v2\/product_tag?post=725529"}],"curies":[{"name":"wp","href":"https:\/\/api.w.org\/{rel}","templated":true}]}}