{"id":725528,"date":"2025-08-27T19:51:50","date_gmt":"2025-08-27T16:51:50","guid":{"rendered":"https:\/\/roveyayinevi.com.tr\/index.php\/urun\/tanrinin-gozundeki-zerre\/"},"modified":"2026-04-16T02:33:31","modified_gmt":"2026-04-15T23:33:31","slug":"tanrinin-gozundeki-zerre","status":"publish","type":"product","link":"https:\/\/roveyayinevi.com.tr\/index.php\/urun\/tanrinin-gozundeki-zerre\/","title":{"rendered":"Tanr\u0131\u2019n\u0131n G\u00f6z\u00fcndeki Zerre"},"content":{"rendered":"<p>\u00c7ok \u00f6nemli bir roman, muhtemelen yaz\u0131lm\u0131\u015f en iyi uzayl\u0131larla ilk temas hik\u00e2yesi.\u201d \u2013Robert A. Heinlein\u201cUzay operas\u0131n\u0131n m\u00fchim klasiklerinden biri, insanlar bilimkurgu okudu\u011fu s\u00fcrece tekrar tekrar okunaca\u011f\u0131 kesin.\u201d\u2013George R. R. Martin \u201cFARK ETMED\u0130YSEN\u0130Z S\u00d6YLEYEY\u0130M, \u00c7\u00d6K\u00dc\u015eE ARTIK \u00c7OK YAKINIZ.\u201dLarry Niven ile Jerry Pournelle bilimkurgu edebiyat\u0131n\u0131n en s\u0131rad\u0131\u015f\u0131 ikililerinden. Her iki yazar\u0131n da ba\u015fyap\u0131t\u0131 olarak g\u00f6sterilen Tanr\u0131\u2019n\u0131n G\u00f6z\u00fcndeki Zerre ise uzayl\u0131yla ilk temas \u00fczerine yaz\u0131lan ve uzay operas\u0131n\u0131 k\u00f6kten de\u011fi\u015ftiren, \u00e7\u0131\u011f\u0131r a\u00e7\u0131c\u0131 bir eser.D\u00fcnya\u2019dan alt\u0131 y\u00fcz \u0131\u015f\u0131k y\u0131l\u0131 uzakta, gezegenimizden bak\u0131nca Samanyolu\u2019nun g\u00fcney k\u0131sm\u0131nda isimlerinin hakk\u0131n\u0131 veren bir bulutsu gezinir: K\u00f6m\u00fcr \u00c7uval\u0131 Bulutsusu ya da di\u011fer ismiyle Kap\u00fc\u015fonlu Adam. Ve bu \u201cadam\u201d\u0131n karanl\u0131\u011f\u0131n ortas\u0131ndaki zifiri bo\u015flu\u011funda ba\u015fka kimseye ait olamayacak kadar parlak bir g\u00fcne\u015f \u0131\u015f\u0131ldar: Tanr\u0131\u2019n\u0131n G\u00f6z\u00fc. Oradad\u0131r hep, milyarlarca y\u0131ld\u0131r sonsuz k\u00e2inat\u0131 seyreder.3017 y\u0131l\u0131nda G\u00f6z\u2019den insanlara do\u011fru yakla\u015fan bir nesne tespit edildi\u011finde insanl\u0131k, D\u00fcnya\u2019dan \u00e7\u0131k\u0131p bir\u00e7ok ba\u015fka gezegene yay\u0131lm\u0131\u015f, bir dizi y\u0131k\u0131m sava\u015f\u0131n\u0131 atlatm\u0131\u015f ve ikinci bir galaktik imparatorluk kurmu\u015ftu. Ama imparatorluk asilerle ve yeni gezegenlere yay\u0131lman\u0131n s\u0131k\u0131nt\u0131lar\u0131yla u\u011fra\u015f\u0131yordu.Neyse ki \u0131\u015f\u0131k y\u0131llar\u0131n\u0131 h\u0131zla a\u015fmalar\u0131n\u0131 sa\u011flayan Alderson S\u00fcr\u00fcc\u00fcs\u00fc ve gemileri bir y\u0131ld\u0131z\u0131n kalbindeyken dahi koruyabilen Langston Kalkan\u0131 gibi teknoloji \u00fcr\u00fcnlerine sahiptiler. Yaln\u0131z hen\u00fcz ba\u015fka bir bilin\u00e7li varl\u0131kla kar\u015f\u0131la\u015fmam\u0131\u015flard\u0131. \u0130\u015fte Deli Edi, insanl\u0131\u011f\u0131 tam da bu haldeyken yakalad\u0131. Tanr\u0131\u2019n\u0131n G\u00f6z\u00fcndeki Zerre, insanl\u0131\u011fa g\u00f6z k\u0131rpan, aynadaki yans\u0131ma.<\/p>\n","protected":false},"excerpt":{"rendered":"<p>\u00c7ok \u00f6nemli bir roman, muhtemelen yaz\u0131lm\u0131\u015f en iyi uzayl\u0131larla ilk temas hik\u00e2yesi.\u201d \u2013Robert A. Heinlein\u201cUzay operas\u0131n\u0131n m\u00fchim klasiklerinden biri, insanlar bilimkurgu okudu\u011fu s\u00fcrece tekrar tekrar okunaca\u011f\u0131<span class=\"excerpt-hellip\"> [\u2026]<\/span><\/p>\n","protected":false},"featured_media":0,"template":"","meta":{"_monsterinsights_skip_tracking":false,"_monsterinsights_sitenote_active":false,"_monsterinsights_sitenote_note":"","_monsterinsights_sitenote_category":0},"product_brand":[],"product_cat":[12540,12291],"product_tag":[],"class_list":{"0":"post-725528","1":"product","2":"type-product","3":"status-publish","5":"product_cat-bilim-kurgu","6":"product_cat-edebiyat","7":"pa_cilt-ciltsiz","8":"pa_tur-kitap","9":"pa_yayinevi-ithaki-yayinlari","10":"pa_yazar-larry-niven-jerry-pournelle","12":"first","13":"instock","14":"sale","15":"shipping-taxable","16":"purchasable","17":"product-type-simple"},"_links":{"self":[{"href":"https:\/\/roveyayinevi.com.tr\/index.php\/wp-json\/wp\/v2\/product\/725528","targetHints":{"allow":["GET"]}}],"collection":[{"href":"https:\/\/roveyayinevi.com.tr\/index.php\/wp-json\/wp\/v2\/product"}],"about":[{"href":"https:\/\/roveyayinevi.com.tr\/index.php\/wp-json\/wp\/v2\/types\/product"}],"wp:attachment":[{"href":"https:\/\/roveyayinevi.com.tr\/index.php\/wp-json\/wp\/v2\/media?parent=725528"}],"wp:term":[{"taxonomy":"product_brand","embeddable":true,"href":"https:\/\/roveyayinevi.com.tr\/index.php\/wp-json\/wp\/v2\/product_brand?post=725528"},{"taxonomy":"product_cat","embeddable":true,"href":"https:\/\/roveyayinevi.com.tr\/index.php\/wp-json\/wp\/v2\/product_cat?post=725528"},{"taxonomy":"product_tag","embeddable":true,"href":"https:\/\/roveyayinevi.com.tr\/index.php\/wp-json\/wp\/v2\/product_tag?post=725528"}],"curies":[{"name":"wp","href":"https:\/\/api.w.org\/{rel}","templated":true}]}}