{"id":725527,"date":"2025-08-27T19:51:49","date_gmt":"2025-08-27T16:51:49","guid":{"rendered":"https:\/\/roveyayinevi.com.tr\/index.php\/urun\/dunyaya-gelmek-dile-gelmek\/"},"modified":"2026-04-13T02:41:28","modified_gmt":"2026-04-12T23:41:28","slug":"dunyaya-gelmek-dile-gelmek","status":"publish","type":"product","link":"https:\/\/roveyayinevi.com.tr\/index.php\/urun\/dunyaya-gelmek-dile-gelmek\/","title":{"rendered":"D\u00fcnyaya Gelmek Dile Gelmek"},"content":{"rendered":"<p>\u201cBen, bayanlar ve baylar, her ya\u015fama ba\u015flang\u0131\u00e7tan beri eklemlenen toplanm\u0131\u015f yaz\u0131lar i\u00e7in \u2018d\u00f6vme yapmak\u2019 deyiminden ba\u015fka daha uygun bir deyim bulam\u0131yorum. Bu deyimi her \u015feyden \u00f6nce de\u011fi\u015fmecesel anlamda kullan\u0131yorum, bunu kullan\u0131rken Orta \u00c7a\u011f\u2019daki hac\u0131lar\u0131n boyad\u0131klar\u0131 derilerini ya da denizcilerin, uzaklardan gelen yabanc\u0131lar\u0131n, panay\u0131rda g\u00f6steri yapanlar\u0131n ya da 18. y\u00fczy\u0131l\u0131n sonlar\u0131ndan beri derilerinde silinmeyen resimler ta\u015f\u0131ma b\u00fcy\u00fcs\u00fcne kap\u0131lan feti\u015fistlerin v\u00fccutlar\u0131n\u0131 d\u00fc\u015f\u00fcnm\u00fcyorum. Benim d\u00fc\u015f\u00fcnd\u00fc\u011f\u00fcm \u015fey, bize temel s\u00f6zc\u00fcklerimizi \u00f6nceden s\u00f6yleyen ve temel imgelerimize k\u0131zg\u0131n bir \u015fey ile vuran ruh d\u00f6vmeleridir; bunlar anlam d\u00fc\u011f\u00fcmlenmesi ve ya\u015fant\u0131n\u0131n a\u00e7t\u0131\u011f\u0131 yol olarak i\u00e7imize saplanan sinir d\u00f6vmeleridir; bunlar tehlike ve eylem, geri \u00e7ekilme ve \u00f6zlem i\u00e7in sinyaller g\u00f6nderen, alg\u0131lanan \u015feylerin beyindeki fizyolojik izleridir. Bu a\u00e7\u0131dan bak\u0131ld\u0131\u011f\u0131nda daha sonra sayfa yaz\u0131c\u0131lar\u0131 olacak, yaz\u0131lm\u0131\u015f sayfalardan s\u00f6z etmem yeterli de\u011fil. Yazman\u0131n yapt\u0131\u011f\u0131, bir t\u00fcr erken programlama, geli\u015fig\u00fczel \u00f6\u011frenilmi\u015f bir \u015fey de\u011fildir.\u201d<\/p>\n","protected":false},"excerpt":{"rendered":"<p>\u201cBen, bayanlar ve baylar, her ya\u015fama ba\u015flang\u0131\u00e7tan beri eklemlenen toplanm\u0131\u015f yaz\u0131lar i\u00e7in \u2018d\u00f6vme yapmak\u2019 deyiminden ba\u015fka daha uygun bir deyim bulam\u0131yorum. Bu deyimi her \u015feyden \u00f6nce<span class=\"excerpt-hellip\"> [\u2026]<\/span><\/p>\n","protected":false},"featured_media":0,"template":"","meta":{"_monsterinsights_skip_tracking":false,"_monsterinsights_sitenote_active":false,"_monsterinsights_sitenote_note":"","_monsterinsights_sitenote_category":0},"product_brand":[],"product_cat":[12291,12711],"product_tag":[],"class_list":{"0":"post-725527","1":"product","2":"type-product","3":"status-publish","5":"product_cat-edebiyat","6":"product_cat-roman-oyku","7":"pa_cilt-ciltsiz","8":"pa_tur-kitap","9":"pa_yayinevi-ketebe-yayinlari","10":"pa_yazar-peter-sloterdjik","12":"first","13":"instock","14":"sale","15":"shipping-taxable","16":"purchasable","17":"product-type-simple"},"_links":{"self":[{"href":"https:\/\/roveyayinevi.com.tr\/index.php\/wp-json\/wp\/v2\/product\/725527","targetHints":{"allow":["GET"]}}],"collection":[{"href":"https:\/\/roveyayinevi.com.tr\/index.php\/wp-json\/wp\/v2\/product"}],"about":[{"href":"https:\/\/roveyayinevi.com.tr\/index.php\/wp-json\/wp\/v2\/types\/product"}],"wp:attachment":[{"href":"https:\/\/roveyayinevi.com.tr\/index.php\/wp-json\/wp\/v2\/media?parent=725527"}],"wp:term":[{"taxonomy":"product_brand","embeddable":true,"href":"https:\/\/roveyayinevi.com.tr\/index.php\/wp-json\/wp\/v2\/product_brand?post=725527"},{"taxonomy":"product_cat","embeddable":true,"href":"https:\/\/roveyayinevi.com.tr\/index.php\/wp-json\/wp\/v2\/product_cat?post=725527"},{"taxonomy":"product_tag","embeddable":true,"href":"https:\/\/roveyayinevi.com.tr\/index.php\/wp-json\/wp\/v2\/product_tag?post=725527"}],"curies":[{"name":"wp","href":"https:\/\/api.w.org\/{rel}","templated":true}]}}