{"id":725526,"date":"2025-08-27T19:51:48","date_gmt":"2025-08-27T16:51:48","guid":{"rendered":"https:\/\/roveyayinevi.com.tr\/index.php\/urun\/butun-olup-bitenler-hakkinda\/"},"modified":"2026-04-16T02:33:31","modified_gmt":"2026-04-15T23:33:31","slug":"butun-olup-bitenler-hakkinda","status":"publish","type":"product","link":"https:\/\/roveyayinevi.com.tr\/index.php\/urun\/butun-olup-bitenler-hakkinda\/","title":{"rendered":"B\u00fct\u00fcn Olup Bitenler Hakk\u0131nda"},"content":{"rendered":"<p>\u201cbaz\u0131 arkada\u015flar\u0131n cepheden d\u00f6nerkenbaz\u0131 arkada\u015flar\u0131n \u015fiir fabrikalar\u0131nda asgari k\u00f6le-ankara\u2019da yenen taze meyvan\u0131n, o\u011fullar\u0131na \u00f6l\u00fcnenyalan d\u00fcnyan\u0131n- ku\u015flar\u0131 u\u00e7muyor \u00fczerimizde, giden ay\u00e7a\u011fr\u0131 almam\u0131z\u0131 kolayla\u015ft\u0131racak pullar\u0131 anarken\u00f6l\u00fcmden d\u00f6nenlere uzun beyaz \u015fark\u0131lar uzatan yaz\u00e7o\u011fu \u015feyin eskiden oldu\u011fu gibi birlikte yap\u0131lmaktan do\u011fanmutlulu\u011fu yok art\u0131k, bir \u00e7e\u015fit organlar\u0131z, telefonlara y\u00fcr\u00fcyenbir \u00e7e\u015fit kan.\u201d<\/p>\n","protected":false},"excerpt":{"rendered":"<p>\u201cbaz\u0131 arkada\u015flar\u0131n cepheden d\u00f6nerkenbaz\u0131 arkada\u015flar\u0131n \u015fiir fabrikalar\u0131nda asgari k\u00f6le-ankara\u2019da yenen taze meyvan\u0131n, o\u011fullar\u0131na \u00f6l\u00fcnenyalan d\u00fcnyan\u0131n- ku\u015flar\u0131 u\u00e7muyor \u00fczerimizde, giden ay\u00e7a\u011fr\u0131 almam\u0131z\u0131 kolayla\u015ft\u0131racak pullar\u0131 anarken\u00f6l\u00fcmden d\u00f6nenlere uzun<span class=\"excerpt-hellip\"> [\u2026]<\/span><\/p>\n","protected":false},"featured_media":0,"template":"","meta":{"_monsterinsights_skip_tracking":false,"_monsterinsights_sitenote_active":false,"_monsterinsights_sitenote_note":"","_monsterinsights_sitenote_category":0},"product_brand":[],"product_cat":[12291,12509],"product_tag":[],"class_list":{"0":"post-725526","1":"product","2":"type-product","3":"status-publish","5":"product_cat-edebiyat","6":"product_cat-siir","7":"pa_cilt-ciltsiz","8":"pa_tur-kitap","9":"pa_yayinevi-ketebe-yayinlari","10":"pa_yazar-salim-nacar","12":"first","13":"instock","14":"sale","15":"shipping-taxable","16":"purchasable","17":"product-type-simple"},"_links":{"self":[{"href":"https:\/\/roveyayinevi.com.tr\/index.php\/wp-json\/wp\/v2\/product\/725526","targetHints":{"allow":["GET"]}}],"collection":[{"href":"https:\/\/roveyayinevi.com.tr\/index.php\/wp-json\/wp\/v2\/product"}],"about":[{"href":"https:\/\/roveyayinevi.com.tr\/index.php\/wp-json\/wp\/v2\/types\/product"}],"wp:attachment":[{"href":"https:\/\/roveyayinevi.com.tr\/index.php\/wp-json\/wp\/v2\/media?parent=725526"}],"wp:term":[{"taxonomy":"product_brand","embeddable":true,"href":"https:\/\/roveyayinevi.com.tr\/index.php\/wp-json\/wp\/v2\/product_brand?post=725526"},{"taxonomy":"product_cat","embeddable":true,"href":"https:\/\/roveyayinevi.com.tr\/index.php\/wp-json\/wp\/v2\/product_cat?post=725526"},{"taxonomy":"product_tag","embeddable":true,"href":"https:\/\/roveyayinevi.com.tr\/index.php\/wp-json\/wp\/v2\/product_tag?post=725526"}],"curies":[{"name":"wp","href":"https:\/\/api.w.org\/{rel}","templated":true}]}}