{"id":725525,"date":"2025-08-27T19:51:47","date_gmt":"2025-08-27T16:51:47","guid":{"rendered":"https:\/\/roveyayinevi.com.tr\/index.php\/urun\/butun-nehirler-bizimdir\/"},"modified":"2026-04-16T02:33:31","modified_gmt":"2026-04-15T23:33:31","slug":"butun-nehirler-bizimdir","status":"publish","type":"product","link":"https:\/\/roveyayinevi.com.tr\/index.php\/urun\/butun-nehirler-bizimdir\/","title":{"rendered":"B\u00fct\u00fcn Nehirler Bizimdir"},"content":{"rendered":"<p>\u201cK\u0131\u015f biter. \u00dcst\u00fcne \u00e7ekti\u011fin yorganArkas\u0131nda ba\u015fka \u015fey gizlemeyen tebess\u00fcmGibi basit ve dayan\u0131kl\u0131 nimetlerDevam eder baharla birlikte hak edilmeye\u0130ki ki\u015fi \u00fc\u00e7 ki\u015fi aras\u0131nda. Kimin g\u00fcne\u015fi olursanG\u00f6ky\u00fcz\u00fc olursan kendinden ba\u015fkas\u0131naBu sana yetecektir\u201d<\/p>\n","protected":false},"excerpt":{"rendered":"<p>\u201cK\u0131\u015f biter. \u00dcst\u00fcne \u00e7ekti\u011fin yorganArkas\u0131nda ba\u015fka \u015fey gizlemeyen tebess\u00fcmGibi basit ve dayan\u0131kl\u0131 nimetlerDevam eder baharla birlikte hak edilmeye\u0130ki ki\u015fi \u00fc\u00e7 ki\u015fi aras\u0131nda. Kimin g\u00fcne\u015fi olursanG\u00f6ky\u00fcz\u00fc olursan<span class=\"excerpt-hellip\"> [\u2026]<\/span><\/p>\n","protected":false},"featured_media":0,"template":"","meta":{"_monsterinsights_skip_tracking":false,"_monsterinsights_sitenote_active":false,"_monsterinsights_sitenote_note":"","_monsterinsights_sitenote_category":0},"product_brand":[],"product_cat":[12291,12509],"product_tag":[],"class_list":{"0":"post-725525","1":"product","2":"type-product","3":"status-publish","5":"product_cat-edebiyat","6":"product_cat-siir","7":"pa_cilt-ciltsiz","8":"pa_tur-kitap","9":"pa_yayinevi-ketebe-yayinlari","10":"pa_yazar-elyesa-koytak","12":"first","13":"instock","14":"sale","15":"shipping-taxable","16":"purchasable","17":"product-type-simple"},"_links":{"self":[{"href":"https:\/\/roveyayinevi.com.tr\/index.php\/wp-json\/wp\/v2\/product\/725525","targetHints":{"allow":["GET"]}}],"collection":[{"href":"https:\/\/roveyayinevi.com.tr\/index.php\/wp-json\/wp\/v2\/product"}],"about":[{"href":"https:\/\/roveyayinevi.com.tr\/index.php\/wp-json\/wp\/v2\/types\/product"}],"wp:attachment":[{"href":"https:\/\/roveyayinevi.com.tr\/index.php\/wp-json\/wp\/v2\/media?parent=725525"}],"wp:term":[{"taxonomy":"product_brand","embeddable":true,"href":"https:\/\/roveyayinevi.com.tr\/index.php\/wp-json\/wp\/v2\/product_brand?post=725525"},{"taxonomy":"product_cat","embeddable":true,"href":"https:\/\/roveyayinevi.com.tr\/index.php\/wp-json\/wp\/v2\/product_cat?post=725525"},{"taxonomy":"product_tag","embeddable":true,"href":"https:\/\/roveyayinevi.com.tr\/index.php\/wp-json\/wp\/v2\/product_tag?post=725525"}],"curies":[{"name":"wp","href":"https:\/\/api.w.org\/{rel}","templated":true}]}}