{"id":725523,"date":"2025-08-27T19:51:46","date_gmt":"2025-08-27T16:51:46","guid":{"rendered":"https:\/\/roveyayinevi.com.tr\/index.php\/urun\/muteahhir-donem-maturidi-kelami\/"},"modified":"2026-04-16T02:33:31","modified_gmt":"2026-04-15T23:33:31","slug":"muteahhir-donem-maturidi-kelami","status":"publish","type":"product","link":"https:\/\/roveyayinevi.com.tr\/index.php\/urun\/muteahhir-donem-maturidi-kelami\/","title":{"rendered":"M\u00fcteahhir D\u00f6nem Maturidi Kelam\u0131"},"content":{"rendered":"<p>M\u00e2tur\u00eed\u00ee kel\u00e2m\u0131n\u0131n nev\u2019\u00ee \u015fahs\u0131na m\u00fcnhas\u0131r bir numunesi olarak an\u0131lmaya lay\u0131k\u201d \u015eems\u00fcdd\u00een es-Semerkand\u00ee, m\u00fcteahhir d\u00f6nem kel\u00e2m ilmi i\u00e7in \u00e7ok \u00f6nemli bir isim olmas\u0131na ra\u011fmen hayat\u0131 konusunda \u00e7ok az bilgiye rastlanmaktad\u0131r. Ancak \u015eems\u00fcdd\u00een es-Semerkand\u00ee\u2019nin felsef\u00ee-kel\u00e2m us\u00fbl\u00fcne h\u00e2kimiyeti, mant\u0131k sahas\u0131ndaki yetkinli\u011fi, bug\u00fcn pozitif bilimler olarak nitelendirilen ilim \u015fubelerindeki eserleri ve hakk\u0131nda payla\u015f\u0131lan s\u0131n\u0131rl\u0131 bilgiler kendisinin hayat\u0131 ve kel\u00e2m d\u00fc\u015f\u00fcncesine dair ayr\u0131nt\u0131l\u0131 bir ara\u015ft\u0131rma yapmay\u0131 gerekli k\u0131lmaktad\u0131r. Melik\u015fah Sezen, \u015eems\u00fcdd\u00eenes-Semerkand\u00ee\u2019nin \u015fahs\u0131n\u0131, ya\u015fad\u0131\u011f\u0131 co\u011frafyay\u0131, hocalar\u0131n\u0131, e\u011fitimini, talebelerini ve eserlerini tetkik etmek yoluyla literat\u00fcrdeki bu b\u00fcy\u00fck bo\u015flu\u011fu dolduruyor.<\/p>\n","protected":false},"excerpt":{"rendered":"<p>M\u00e2tur\u00eed\u00ee kel\u00e2m\u0131n\u0131n nev\u2019\u00ee \u015fahs\u0131na m\u00fcnhas\u0131r bir numunesi olarak an\u0131lmaya lay\u0131k\u201d \u015eems\u00fcdd\u00een es-Semerkand\u00ee, m\u00fcteahhir d\u00f6nem kel\u00e2m ilmi i\u00e7in \u00e7ok \u00f6nemli bir isim olmas\u0131na ra\u011fmen hayat\u0131 konusunda \u00e7ok<span class=\"excerpt-hellip\"> [\u2026]<\/span><\/p>\n","protected":false},"featured_media":0,"template":"","meta":{"_monsterinsights_skip_tracking":false,"_monsterinsights_sitenote_active":false,"_monsterinsights_sitenote_note":"","_monsterinsights_sitenote_category":0},"product_brand":[],"product_cat":[12370,12304],"product_tag":[],"class_list":{"0":"post-725523","1":"product","2":"type-product","3":"status-publish","5":"product_cat-arastirma-inceleme","6":"product_cat-tarih","7":"pa_cilt-ciltsiz","8":"pa_tur-kitap","9":"pa_yayinevi-ketebe-yayinlari","10":"pa_yazar-meliksah-sezen","12":"first","13":"instock","14":"sale","15":"shipping-taxable","16":"purchasable","17":"product-type-simple"},"_links":{"self":[{"href":"https:\/\/roveyayinevi.com.tr\/index.php\/wp-json\/wp\/v2\/product\/725523","targetHints":{"allow":["GET"]}}],"collection":[{"href":"https:\/\/roveyayinevi.com.tr\/index.php\/wp-json\/wp\/v2\/product"}],"about":[{"href":"https:\/\/roveyayinevi.com.tr\/index.php\/wp-json\/wp\/v2\/types\/product"}],"wp:attachment":[{"href":"https:\/\/roveyayinevi.com.tr\/index.php\/wp-json\/wp\/v2\/media?parent=725523"}],"wp:term":[{"taxonomy":"product_brand","embeddable":true,"href":"https:\/\/roveyayinevi.com.tr\/index.php\/wp-json\/wp\/v2\/product_brand?post=725523"},{"taxonomy":"product_cat","embeddable":true,"href":"https:\/\/roveyayinevi.com.tr\/index.php\/wp-json\/wp\/v2\/product_cat?post=725523"},{"taxonomy":"product_tag","embeddable":true,"href":"https:\/\/roveyayinevi.com.tr\/index.php\/wp-json\/wp\/v2\/product_tag?post=725523"}],"curies":[{"name":"wp","href":"https:\/\/api.w.org\/{rel}","templated":true}]}}