{"id":725521,"date":"2025-08-27T19:51:44","date_gmt":"2025-08-27T16:51:44","guid":{"rendered":"https:\/\/roveyayinevi.com.tr\/index.php\/urun\/halk-icre-bir-ayine\/"},"modified":"2026-04-16T02:33:31","modified_gmt":"2026-04-15T23:33:31","slug":"halk-icre-bir-ayine","status":"publish","type":"product","link":"https:\/\/roveyayinevi.com.tr\/index.php\/urun\/halk-icre-bir-ayine\/","title":{"rendered":"Halk \u0130\u00e7re Bir Ayine"},"content":{"rendered":"<p>Mektup g\u00fcn\u00fcm\u00fczde o eski ihti\u015faml\u0131 yerini kaybetmi\u015f g\u00f6r\u00fcnse de, insanl\u0131k tarihinin \u015fimdiki teknolojik imkanlar\u0131n mevcut olmad\u0131\u011f\u0131 uzun as\u0131rlar\u0131 boyunca en m\u00fchim ileti\u015fim arac\u0131 olmu\u015ftur. Allah yoluna davetin m\u00fccadeleli ve \u00e7etin tarihinde de mektuplar\u0131n \u00e7ok hayat\u00ee bir rol oynad\u0131\u011f\u0131 g\u00f6r\u00fcl\u00fcr. Tasavvufta da mektubun \u00e7ok \u00f6nemli bir ir\u015fad ve tebli\u011f vas\u0131tas\u0131 h\u00e2line geldi\u011fini g\u00f6r\u00fcr\u00fcz. Nas\u0131l ki s\u00f6z\u00fcn girdi\u011fi her bi\u00e7im -bilhassa \u015fiir gibi- s\u00fbf\u00eelerin elinde hakikatleri anlatmak i\u00e7in birer vesile olmu\u015fsa, mektuplar da \u00f6yle olmu\u015ftur. \u0130lk d\u00f6nemlerden itibaren \u00e2riflerin dostlar\u0131na, devlet b\u00fcy\u00fcklerine, ihvanlar\u0131na, dervi\u015flerine yazd\u0131klar\u0131 mektuplar, marifetullah ile, irfan ve hakikate ili\u015fkin meselelerin a\u00e7\u0131klanmas\u0131nda \u00f6nemli bir zemin olmu\u015ftur.Elinizdeki kitapta, Peygamber Efendimiz\u2019den g\u00fcn\u00fcm\u00fcze dek tarih boyunca ya\u015fam\u0131\u015f Allah dostlar\u0131n\u0131n, \u0130sl\u00e2m b\u00fcy\u00fcklerinin mektuplar\u0131ndan bir g\u00fcldeste yapmaya \u00e7al\u0131\u015ft\u0131k. Eminiz ki okuyucu bu mekt\u00fbb\u00e2tlar mekt\u00fbb\u00e2t\u0131n\u0131 okurken kendisini, her biri ayr\u0131 ayr\u0131 renklerle ve farkl\u0131 farkl\u0131 g\u00fczelliklerle cilveger olan, her birinden ayr\u0131 birer rayihan\u0131n hissedildi\u011fi \u00e7e\u015fit \u00e7e\u015fit \u00e7i\u00e7eklerle dolu bir g\u00fcl\u015fen\u00e2b\u00e2da girmi\u015f gibi hissedecektir.<\/p>\n","protected":false},"excerpt":{"rendered":"<p>Mektup g\u00fcn\u00fcm\u00fczde o eski ihti\u015faml\u0131 yerini kaybetmi\u015f g\u00f6r\u00fcnse de, insanl\u0131k tarihinin \u015fimdiki teknolojik imkanlar\u0131n mevcut olmad\u0131\u011f\u0131 uzun as\u0131rlar\u0131 boyunca en m\u00fchim ileti\u015fim arac\u0131 olmu\u015ftur. Allah yoluna<span class=\"excerpt-hellip\"> [\u2026]<\/span><\/p>\n","protected":false},"featured_media":0,"template":"","meta":{"_monsterinsights_skip_tracking":false,"_monsterinsights_sitenote_active":false,"_monsterinsights_sitenote_note":"","_monsterinsights_sitenote_category":0},"product_brand":[],"product_cat":[12718,12719,15238],"product_tag":[],"class_list":{"0":"post-725521","1":"product","2":"type-product","3":"status-publish","5":"product_cat-din","6":"product_cat-islam","7":"product_cat-tasavvuf","8":"pa_cilt-ciltsiz","9":"pa_tur-kitap","10":"pa_yayinevi-ketebe-yayinlari","11":"pa_yazar-tarik-velioglu","13":"first","14":"instock","15":"sale","16":"shipping-taxable","17":"purchasable","18":"product-type-simple"},"_links":{"self":[{"href":"https:\/\/roveyayinevi.com.tr\/index.php\/wp-json\/wp\/v2\/product\/725521","targetHints":{"allow":["GET"]}}],"collection":[{"href":"https:\/\/roveyayinevi.com.tr\/index.php\/wp-json\/wp\/v2\/product"}],"about":[{"href":"https:\/\/roveyayinevi.com.tr\/index.php\/wp-json\/wp\/v2\/types\/product"}],"wp:attachment":[{"href":"https:\/\/roveyayinevi.com.tr\/index.php\/wp-json\/wp\/v2\/media?parent=725521"}],"wp:term":[{"taxonomy":"product_brand","embeddable":true,"href":"https:\/\/roveyayinevi.com.tr\/index.php\/wp-json\/wp\/v2\/product_brand?post=725521"},{"taxonomy":"product_cat","embeddable":true,"href":"https:\/\/roveyayinevi.com.tr\/index.php\/wp-json\/wp\/v2\/product_cat?post=725521"},{"taxonomy":"product_tag","embeddable":true,"href":"https:\/\/roveyayinevi.com.tr\/index.php\/wp-json\/wp\/v2\/product_tag?post=725521"}],"curies":[{"name":"wp","href":"https:\/\/api.w.org\/{rel}","templated":true}]}}