{"id":725519,"date":"2025-08-27T19:51:43","date_gmt":"2025-08-27T16:51:43","guid":{"rendered":"https:\/\/roveyayinevi.com.tr\/index.php\/urun\/evliler-icin-kafa-kagidi-sureti\/"},"modified":"2026-04-16T02:33:31","modified_gmt":"2026-04-15T23:33:31","slug":"evliler-icin-kafa-kagidi-sureti","status":"publish","type":"product","link":"https:\/\/roveyayinevi.com.tr\/index.php\/urun\/evliler-icin-kafa-kagidi-sureti\/","title":{"rendered":"Evliler \u0130\u00e7in Kafa Ka\u011f\u0131d\u0131 Sureti"},"content":{"rendered":"<p>\u201cOturma odas\u0131 kafas\u0131 var sizde birazYatak odas\u0131 kafas\u0131yla \u00fczerinizdekiler g\u00fczelMutfak kafas\u0131yla a\u011fz\u0131n\u0131z\u0131 \u015fap\u0131rdat\u0131yorumSerinlik kafas\u0131 ar\u0131yorsunuz bir sala sesi duysan\u0131zBiraz perde kafas\u0131 olmu\u015f sizinkisi\u201d<\/p>\n","protected":false},"excerpt":{"rendered":"<p>\u201cOturma odas\u0131 kafas\u0131 var sizde birazYatak odas\u0131 kafas\u0131yla \u00fczerinizdekiler g\u00fczelMutfak kafas\u0131yla a\u011fz\u0131n\u0131z\u0131 \u015fap\u0131rdat\u0131yorumSerinlik kafas\u0131 ar\u0131yorsunuz bir sala sesi duysan\u0131zBiraz perde kafas\u0131 olmu\u015f sizinkisi\u201d<\/p>\n","protected":false},"featured_media":0,"template":"","meta":{"_monsterinsights_skip_tracking":false,"_monsterinsights_sitenote_active":false,"_monsterinsights_sitenote_note":"","_monsterinsights_sitenote_category":0},"product_brand":[],"product_cat":[12291,12509],"product_tag":[],"class_list":{"0":"post-725519","1":"product","2":"type-product","3":"status-publish","5":"product_cat-edebiyat","6":"product_cat-siir","7":"pa_cilt-ciltsiz","8":"pa_tur-kitap","9":"pa_yayinevi-ketebe-yayinlari","10":"pa_yazar-murat-kucukcifci","12":"first","13":"instock","14":"sale","15":"shipping-taxable","16":"purchasable","17":"product-type-simple"},"_links":{"self":[{"href":"https:\/\/roveyayinevi.com.tr\/index.php\/wp-json\/wp\/v2\/product\/725519","targetHints":{"allow":["GET"]}}],"collection":[{"href":"https:\/\/roveyayinevi.com.tr\/index.php\/wp-json\/wp\/v2\/product"}],"about":[{"href":"https:\/\/roveyayinevi.com.tr\/index.php\/wp-json\/wp\/v2\/types\/product"}],"wp:attachment":[{"href":"https:\/\/roveyayinevi.com.tr\/index.php\/wp-json\/wp\/v2\/media?parent=725519"}],"wp:term":[{"taxonomy":"product_brand","embeddable":true,"href":"https:\/\/roveyayinevi.com.tr\/index.php\/wp-json\/wp\/v2\/product_brand?post=725519"},{"taxonomy":"product_cat","embeddable":true,"href":"https:\/\/roveyayinevi.com.tr\/index.php\/wp-json\/wp\/v2\/product_cat?post=725519"},{"taxonomy":"product_tag","embeddable":true,"href":"https:\/\/roveyayinevi.com.tr\/index.php\/wp-json\/wp\/v2\/product_tag?post=725519"}],"curies":[{"name":"wp","href":"https:\/\/api.w.org\/{rel}","templated":true}]}}