{"id":725516,"date":"2025-08-27T19:51:40","date_gmt":"2025-08-27T16:51:40","guid":{"rendered":"https:\/\/roveyayinevi.com.tr\/index.php\/urun\/bir-bulut-gibi\/"},"modified":"2026-04-16T02:33:31","modified_gmt":"2026-04-15T23:33:31","slug":"bir-bulut-gibi","status":"publish","type":"product","link":"https:\/\/roveyayinevi.com.tr\/index.php\/urun\/bir-bulut-gibi\/","title":{"rendered":"Bir Bulut Gibi"},"content":{"rendered":"<p>D\u00fcnya edebiyat\u0131n\u0131n b\u00fcy\u00fck ismi William Wordsworth\u2019\u00fcn (1770-1850) do\u011fumunun 250. y\u0131ld\u00f6n\u00fcm\u00fc b\u00fct\u00fcn edebiyat \u00e7evrelerinde yeni \u00e7al\u0131\u015fmalar e\u015fli\u011finde kutlan\u0131rken, Vak\u0131fBank K\u00fclt\u00fcr Yay\u0131nlar\u0131, usta \u00e7evirmen Nazmi A\u011f\u0131l\u2019\u0131n \u015fairin \u015fiirlerinden yapt\u0131\u011f\u0131 se\u00e7kiyle T\u00fcrk\u00e7edeki literat\u00fcre de\u011ferli bir katk\u0131 sunuyor. Sanayi Devriminin ve siyasi devrimlerin ortaya \u00e7\u0131kard\u0131\u011f\u0131 toplumsal \u00e7alkant\u0131lar kar\u015f\u0131s\u0131nda Tabiat Ana\u2019ya y\u00f6nelen ve edebiyatta \u00e7evre bilincini uyand\u0131ran ilk isimlerden olan Wordsworth, insanl\u0131\u011f\u0131n b\u00fcy\u00fck \u00e7evresel sorunlarla ba\u015fa \u00e7\u0131kmaya \u00e7al\u0131\u015ft\u0131\u011f\u0131 \u2013daha do\u011frusu, insanl\u0131\u011f\u0131n \u00e7evreye b\u00fcy\u00fck sorunlar \u00e7\u0131karmay\u0131 s\u00fcrd\u00fcrd\u00fc\u011f\u00fc\u2013 \u015fu d\u00f6nemde h\u00e2l\u00e2 taptaze olan fikirleriyle huzur aray\u0131\u015f\u0131n\u0131n sesi olmu\u015ftur. \u201cY\u00fcce\u201d ve \u201cg\u00fczel\u201d tan\u0131m\u0131yla Romantizmin estetik anlay\u0131\u015f\u0131n\u0131 \u015fekillendiren usta \u015fairin, insan\u0131 ve do\u011fay\u0131 \u00e7ok g\u00fc\u00e7l\u00fc bir vahdet hissiyle kucaklad\u0131\u011f\u0131n\u0131 g\u00f6r\u00fcyoruz. K\u0131sacas\u0131, Wordsworth ge\u00e7mi\u015fte kalmay\u0131p bug\u00fcne uzanabilen, bizimle bize dair meseleler hakk\u0131nda konu\u015fabilen sanat\u00e7\u0131lardan olmu\u015ftur. Dil ve \u00fcslup bak\u0131m\u0131ndan Wordsworth\u2019\u00fcn en sevilen \u015fiirlerinin derlendi\u011fi Bir Bulut Gibi, \u0130ngilizcesi ve T\u00fcrk\u00e7esiyle, \u00e7ift-dilli olarak \u015fiirseverlerin ilgisine sunuluyor.Yazar Hakk\u0131nda:\u0130ngiliz Romantizminin kurucusu kabul edilen William Wordsworth 7 Nisan 1770\u2019te do\u011fdu. \u00dcniversite e\u011fitimi s\u0131ras\u0131nda patlak veren Frans\u0131z Devrimi ve i\u00e7ine do\u011fdu\u011fu Sanayi Devrimi Wordsworth\u2019\u00fcn d\u00fcnya g\u00f6r\u00fc\u015f\u00fcn\u00fc b\u00fcy\u00fck \u00f6l\u00e7\u00fcde \u015fekillendirdi. Samuel Taylor Coleridge ile birlikte \u0130ngiliz edebiyat\u0131nda Romantik \u00c7a\u011f\u0131 ba\u015flatan ortak \u015fiir kitab\u0131 Lirik Baladlar (1798) ile tan\u0131nd\u0131 ve bu eserin ikinci bask\u0131s\u0131na yazd\u0131\u011f\u0131 \u00f6ns\u00f6z, \u0130ngiltere\u2019de Romantizmin manifestosu kabul edildi. Wordsworth\u2019un magnum opusu, y\u0131llar boyunca \u00fczerinde \u00e7al\u0131\u015f\u0131p s\u00fcrekli revize etti\u011fi yar\u0131-otobiyografik bir \u015fiir olan Prel\u00fcd: Bir \u015eairin Zihinsel Geli\u015fimi\u2019dir (T\u00fcrk\u00e7esi: Nazmi A\u011f\u0131l, Yap\u0131 Kredi Yay\u0131nlar\u0131, 2010). Sanayi toplumuna kar\u015f\u0131 ortaya koydu\u011fu ekolojik duyarl\u0131l\u0131\u011f\u0131yla William Wordsworth, uzun y\u0131llar boyunca insanlar\u0131n \u201cdo\u011faya d\u00f6n\u00fc\u015f\u201d arzusunun sesi olarak kabul edildi. 1843\u2019te Krali\u00e7e Victoria taraf\u0131ndan kraliyet \u015fairi unvan\u0131yla onurland\u0131r\u0131lan Wordsworth 23 Nisan 1850\u2019de vefat etti.<\/p>\n","protected":false},"excerpt":{"rendered":"<p>D\u00fcnya edebiyat\u0131n\u0131n b\u00fcy\u00fck ismi William Wordsworth\u2019\u00fcn (1770-1850) do\u011fumunun 250. y\u0131ld\u00f6n\u00fcm\u00fc b\u00fct\u00fcn edebiyat \u00e7evrelerinde yeni \u00e7al\u0131\u015fmalar e\u015fli\u011finde kutlan\u0131rken, Vak\u0131fBank K\u00fclt\u00fcr Yay\u0131nlar\u0131, usta \u00e7evirmen Nazmi A\u011f\u0131l\u2019\u0131n \u015fairin \u015fiirlerinden<span class=\"excerpt-hellip\"> [\u2026]<\/span><\/p>\n","protected":false},"featured_media":0,"template":"","meta":{"_monsterinsights_skip_tracking":false,"_monsterinsights_sitenote_active":false,"_monsterinsights_sitenote_note":"","_monsterinsights_sitenote_category":0},"product_brand":[],"product_cat":[12291,12509],"product_tag":[],"class_list":{"0":"post-725516","1":"product","2":"type-product","3":"status-publish","5":"product_cat-edebiyat","6":"product_cat-siir","7":"pa_cilt-ciltsiz","8":"pa_tur-kitap","9":"pa_yayinevi-vakifbank-kultur-yayinlari","10":"pa_yazar-william-wordsworth","12":"first","13":"instock","14":"sale","15":"shipping-taxable","16":"purchasable","17":"product-type-simple"},"_links":{"self":[{"href":"https:\/\/roveyayinevi.com.tr\/index.php\/wp-json\/wp\/v2\/product\/725516","targetHints":{"allow":["GET"]}}],"collection":[{"href":"https:\/\/roveyayinevi.com.tr\/index.php\/wp-json\/wp\/v2\/product"}],"about":[{"href":"https:\/\/roveyayinevi.com.tr\/index.php\/wp-json\/wp\/v2\/types\/product"}],"wp:attachment":[{"href":"https:\/\/roveyayinevi.com.tr\/index.php\/wp-json\/wp\/v2\/media?parent=725516"}],"wp:term":[{"taxonomy":"product_brand","embeddable":true,"href":"https:\/\/roveyayinevi.com.tr\/index.php\/wp-json\/wp\/v2\/product_brand?post=725516"},{"taxonomy":"product_cat","embeddable":true,"href":"https:\/\/roveyayinevi.com.tr\/index.php\/wp-json\/wp\/v2\/product_cat?post=725516"},{"taxonomy":"product_tag","embeddable":true,"href":"https:\/\/roveyayinevi.com.tr\/index.php\/wp-json\/wp\/v2\/product_tag?post=725516"}],"curies":[{"name":"wp","href":"https:\/\/api.w.org\/{rel}","templated":true}]}}