{"id":725515,"date":"2025-08-27T19:51:40","date_gmt":"2025-08-27T16:51:40","guid":{"rendered":"https:\/\/roveyayinevi.com.tr\/index.php\/urun\/finansal-olmayan-raporlamada-degisim\/"},"modified":"2026-04-16T02:33:31","modified_gmt":"2026-04-15T23:33:31","slug":"finansal-olmayan-raporlamada-degisim","status":"publish","type":"product","link":"https:\/\/roveyayinevi.com.tr\/index.php\/urun\/finansal-olmayan-raporlamada-degisim\/","title":{"rendered":"Finansal Olmayan Raporlamada De\u011fi\u015fim"},"content":{"rendered":"<p>\u0130\u00e7indekiler  1.B\u00d6L\u00dcM    Kurumsal Raporlama1.1.Rapor ve Raporlama Kavramlar\u01311.2.Kurumsal Raporlaman\u0131n Tan\u0131m\u0131 ve \u00d6nemi 1.3.Tarihi Geli\u015fim S\u00fcreci1.4.Finansal Raporlama1.5.Finansal Olmayan Raporlama 1.6.Kurumsal Sosyal Sorumluluk  2.B\u00d6L\u00dcM   S\u00fcrd\u00fcr\u00fclebilir Raporlama2.1.S\u00fcrd\u00fcr\u00fclebilirlik Kavram\u01312.2.S\u00fcrd\u00fcr\u00fclebilirlik Raporlamas\u0131 Tan\u0131m\u0131 ve Gereklili\u011fi2.3.S\u00fcrd\u00fcr\u00fclebilirlik Raporlamas\u0131n\u0131n Boyutlar\u01312.4.S\u00fcrd\u00fcr\u00fclebilirlik Raporlamas\u0131n\u0131n Amac\u01312.5.S\u00fcrd\u00fcr\u00fclebilirlik Raporlamas\u0131n\u0131n Faydalar\u0131 ve \u00d6nemi2.6.S\u00fcrd\u00fcr\u00fcbilirlik Raporlamas\u0131n\u0131n Eksik Y\u00f6nleri2.7.S\u00fcrd\u00fcr\u00fclebilirlik Raporlamas\u0131n\u0131n \u0130li\u015fkin Kurulu\u015flar ve \u0130lkeleri2.8.S\u00fcrd\u00fcr\u00fclebilir Raporlamaya \u0130li\u015fkin Yasal D\u00fczenlemeler2.9.S\u00fcrd\u00fcr\u00fclebilirlik Endeksleri2.10.S\u00fcrd\u00fcr\u00fclebilirlik Raporlamas\u0131nda Muhasebenin Rol\u00fc  3.B\u00d6L\u00dcM   Entegre Raporlama3.1.Entegre Raporlaman\u0131n Tan\u0131m\u01313.2.Entegre Raporlaman\u0131n Amac\u01313.3.Entegre Raporlaman\u0131n Kapsam\u01313.4.Entegre Raporlaman\u0131n Ortaya \u00c7\u0131k\u0131\u015f Sebepleri3.5.Entegre Raporlaman\u0131n Tarihsel Geli\u015fimi3.6.Uluslararas\u0131 Entegre Raporlaman\u0131n \u00c7er\u00e7evesi3.7.Entegre Raporlaman\u0131n Faydalar\u01313.8.Entegre Raporlaman\u0131n Zararlar\u01313.9.Entegre Raporun Di\u011fer Kurumsal Raporla Kar\u015f\u0131la\u015ft\u0131r\u0131lmas\u01313.10.Entegre Raporlaman\u0131n Geli\u015fiminde Etkili Olan Kurulu\u015flar3.11.Entegre Raporlama ve Muhasebe<\/p>\n","protected":false},"excerpt":{"rendered":"<p>\u0130\u00e7indekiler 1.B\u00d6L\u00dcM Kurumsal Raporlama1.1.Rapor ve Raporlama Kavramlar\u01311.2.Kurumsal Raporlaman\u0131n Tan\u0131m\u0131 ve \u00d6nemi 1.3.Tarihi Geli\u015fim S\u00fcreci1.4.Finansal Raporlama1.5.Finansal Olmayan Raporlama 1.6.Kurumsal Sosyal Sorumluluk 2.B\u00d6L\u00dcM S\u00fcrd\u00fcr\u00fclebilir Raporlama2.1.S\u00fcrd\u00fcr\u00fclebilirlik Kavram\u01312.2.S\u00fcrd\u00fcr\u00fclebilirlik Raporlamas\u0131 Tan\u0131m\u0131<span class=\"excerpt-hellip\"> [\u2026]<\/span><\/p>\n","protected":false},"featured_media":0,"template":"","meta":{"_monsterinsights_skip_tracking":false,"_monsterinsights_sitenote_active":false,"_monsterinsights_sitenote_note":"","_monsterinsights_sitenote_category":0},"product_brand":[],"product_cat":[17249,13043],"product_tag":[],"class_list":{"0":"post-725515","1":"product","2":"type-product","3":"status-publish","5":"product_cat-borsa-finans","6":"product_cat-ekonomi","7":"pa_cilt-ciltsiz","8":"pa_tur-kitap","9":"pa_yayinevi-gazi-kitabevi","10":"pa_yazar-gazi-kolektif","12":"first","13":"instock","14":"sale","15":"shipping-taxable","16":"purchasable","17":"product-type-simple"},"_links":{"self":[{"href":"https:\/\/roveyayinevi.com.tr\/index.php\/wp-json\/wp\/v2\/product\/725515","targetHints":{"allow":["GET"]}}],"collection":[{"href":"https:\/\/roveyayinevi.com.tr\/index.php\/wp-json\/wp\/v2\/product"}],"about":[{"href":"https:\/\/roveyayinevi.com.tr\/index.php\/wp-json\/wp\/v2\/types\/product"}],"wp:attachment":[{"href":"https:\/\/roveyayinevi.com.tr\/index.php\/wp-json\/wp\/v2\/media?parent=725515"}],"wp:term":[{"taxonomy":"product_brand","embeddable":true,"href":"https:\/\/roveyayinevi.com.tr\/index.php\/wp-json\/wp\/v2\/product_brand?post=725515"},{"taxonomy":"product_cat","embeddable":true,"href":"https:\/\/roveyayinevi.com.tr\/index.php\/wp-json\/wp\/v2\/product_cat?post=725515"},{"taxonomy":"product_tag","embeddable":true,"href":"https:\/\/roveyayinevi.com.tr\/index.php\/wp-json\/wp\/v2\/product_tag?post=725515"}],"curies":[{"name":"wp","href":"https:\/\/api.w.org\/{rel}","templated":true}]}}