{"id":725513,"date":"2025-08-27T19:51:38","date_gmt":"2025-08-27T16:51:38","guid":{"rendered":"https:\/\/roveyayinevi.com.tr\/index.php\/urun\/ipekin-uykusu-gelmiyor\/"},"modified":"2026-04-16T02:33:31","modified_gmt":"2026-04-15T23:33:31","slug":"ipekin-uykusu-gelmiyor","status":"publish","type":"product","link":"https:\/\/roveyayinevi.com.tr\/index.php\/urun\/ipekin-uykusu-gelmiyor\/","title":{"rendered":"\u0130pek\u2019in Uykusu Gelmiyor"},"content":{"rendered":"<p>\u0130pek, babas\u0131n\u0131n okudu\u011fu masal\u0131 dinledi ve g\u00f6zlerini kapatt\u0131. Ama bir t\u00fcrl\u00fc uyuyam\u0131yordu, \u00e7\u00fcnk\u00fc babas\u0131na o g\u00fcn neler yapt\u0131\u011f\u0131n\u0131 anlatmak istiyordu. Babas\u0131, k\u0131z\u0131n\u0131 ilgiyle dinledi.\u0130pek \u015fimdi rahatl\u0131kla uyuyabilirdi.\u00c7ocuklara uyku \u00f6ncesini anlatan bir kitap&#8230;<\/p>\n","protected":false},"excerpt":{"rendered":"<p>\u0130pek, babas\u0131n\u0131n okudu\u011fu masal\u0131 dinledi ve g\u00f6zlerini kapatt\u0131. Ama bir t\u00fcrl\u00fc uyuyam\u0131yordu, \u00e7\u00fcnk\u00fc babas\u0131na o g\u00fcn neler yapt\u0131\u011f\u0131n\u0131 anlatmak istiyordu. Babas\u0131, k\u0131z\u0131n\u0131 ilgiyle dinledi.\u0130pek \u015fimdi rahatl\u0131kla<span class=\"excerpt-hellip\"> [\u2026]<\/span><\/p>\n","protected":false},"featured_media":0,"template":"","meta":{"_monsterinsights_skip_tracking":false,"_monsterinsights_sitenote_active":false,"_monsterinsights_sitenote_note":"","_monsterinsights_sitenote_category":0},"product_brand":[],"product_cat":[12913,12274],"product_tag":[],"class_list":{"0":"post-725513","1":"product","2":"type-product","3":"status-publish","5":"product_cat-3-6-yas-kitaplari","6":"product_cat-cocuk-ve-genclik-kitaplari","7":"pa_cilt-ciltsiz","8":"pa_tur-kitap","9":"pa_yayinevi-is-bankasi-kultur-yayinlari","10":"pa_yazar-anna-taube","12":"first","13":"instock","14":"sale","15":"shipping-taxable","16":"purchasable","17":"product-type-simple"},"_links":{"self":[{"href":"https:\/\/roveyayinevi.com.tr\/index.php\/wp-json\/wp\/v2\/product\/725513","targetHints":{"allow":["GET"]}}],"collection":[{"href":"https:\/\/roveyayinevi.com.tr\/index.php\/wp-json\/wp\/v2\/product"}],"about":[{"href":"https:\/\/roveyayinevi.com.tr\/index.php\/wp-json\/wp\/v2\/types\/product"}],"wp:attachment":[{"href":"https:\/\/roveyayinevi.com.tr\/index.php\/wp-json\/wp\/v2\/media?parent=725513"}],"wp:term":[{"taxonomy":"product_brand","embeddable":true,"href":"https:\/\/roveyayinevi.com.tr\/index.php\/wp-json\/wp\/v2\/product_brand?post=725513"},{"taxonomy":"product_cat","embeddable":true,"href":"https:\/\/roveyayinevi.com.tr\/index.php\/wp-json\/wp\/v2\/product_cat?post=725513"},{"taxonomy":"product_tag","embeddable":true,"href":"https:\/\/roveyayinevi.com.tr\/index.php\/wp-json\/wp\/v2\/product_tag?post=725513"}],"curies":[{"name":"wp","href":"https:\/\/api.w.org\/{rel}","templated":true}]}}