{"id":725511,"date":"2025-08-27T19:51:36","date_gmt":"2025-08-27T16:51:36","guid":{"rendered":"https:\/\/roveyayinevi.com.tr\/index.php\/urun\/nil-dislerini-fircaliyor\/"},"modified":"2026-04-16T02:33:31","modified_gmt":"2026-04-15T23:33:31","slug":"nil-dislerini-fircaliyor","status":"publish","type":"product","link":"https:\/\/roveyayinevi.com.tr\/index.php\/urun\/nil-dislerini-fircaliyor\/","title":{"rendered":"Nil Di\u015flerini F\u0131r\u00e7al\u0131yor"},"content":{"rendered":"<p>Nil, yuvaya di\u015f doktoru geldi\u011finde \u00e7ok heyecanland\u0131.Di\u015f doktoru \u00e7ocuklar\u0131n di\u015flerini kontrol etti ve nas\u0131l di\u015f f\u0131r\u00e7alanaca\u011f\u0131n\u0131 \u00f6\u011fretti. Nil, ak\u015fam babas\u0131na di\u015flerini nas\u0131l f\u0131r\u00e7alad\u0131\u011f\u0131n\u0131 g\u00f6sterdi.\u00c7ocuklara di\u015f f\u0131r\u00e7alaman\u0131n \u00f6nemini anlatan bir kitap&#8230;<\/p>\n","protected":false},"excerpt":{"rendered":"<p>Nil, yuvaya di\u015f doktoru geldi\u011finde \u00e7ok heyecanland\u0131.Di\u015f doktoru \u00e7ocuklar\u0131n di\u015flerini kontrol etti ve nas\u0131l di\u015f f\u0131r\u00e7alanaca\u011f\u0131n\u0131 \u00f6\u011fretti. Nil, ak\u015fam babas\u0131na di\u015flerini nas\u0131l f\u0131r\u00e7alad\u0131\u011f\u0131n\u0131 g\u00f6sterdi.\u00c7ocuklara di\u015f f\u0131r\u00e7alaman\u0131n<span class=\"excerpt-hellip\"> [\u2026]<\/span><\/p>\n","protected":false},"featured_media":0,"template":"","meta":{"_monsterinsights_skip_tracking":false,"_monsterinsights_sitenote_active":false,"_monsterinsights_sitenote_note":"","_monsterinsights_sitenote_category":0},"product_brand":[],"product_cat":[12913,12274],"product_tag":[],"class_list":{"0":"post-725511","1":"product","2":"type-product","3":"status-publish","5":"product_cat-3-6-yas-kitaplari","6":"product_cat-cocuk-ve-genclik-kitaplari","7":"pa_cilt-ciltsiz","8":"pa_tur-kitap","9":"pa_yayinevi-is-bankasi-kultur-yayinlari","10":"pa_yazar-anna-taube","12":"first","13":"instock","14":"sale","15":"shipping-taxable","16":"purchasable","17":"product-type-simple"},"_links":{"self":[{"href":"https:\/\/roveyayinevi.com.tr\/index.php\/wp-json\/wp\/v2\/product\/725511","targetHints":{"allow":["GET"]}}],"collection":[{"href":"https:\/\/roveyayinevi.com.tr\/index.php\/wp-json\/wp\/v2\/product"}],"about":[{"href":"https:\/\/roveyayinevi.com.tr\/index.php\/wp-json\/wp\/v2\/types\/product"}],"wp:attachment":[{"href":"https:\/\/roveyayinevi.com.tr\/index.php\/wp-json\/wp\/v2\/media?parent=725511"}],"wp:term":[{"taxonomy":"product_brand","embeddable":true,"href":"https:\/\/roveyayinevi.com.tr\/index.php\/wp-json\/wp\/v2\/product_brand?post=725511"},{"taxonomy":"product_cat","embeddable":true,"href":"https:\/\/roveyayinevi.com.tr\/index.php\/wp-json\/wp\/v2\/product_cat?post=725511"},{"taxonomy":"product_tag","embeddable":true,"href":"https:\/\/roveyayinevi.com.tr\/index.php\/wp-json\/wp\/v2\/product_tag?post=725511"}],"curies":[{"name":"wp","href":"https:\/\/api.w.org\/{rel}","templated":true}]}}