{"id":725510,"date":"2025-08-27T19:51:35","date_gmt":"2025-08-27T16:51:35","guid":{"rendered":"https:\/\/roveyayinevi.com.tr\/index.php\/urun\/insanin-kusurlari\/"},"modified":"2026-04-16T02:33:31","modified_gmt":"2026-04-15T23:33:31","slug":"insanin-kusurlari","status":"publish","type":"product","link":"https:\/\/roveyayinevi.com.tr\/index.php\/urun\/insanin-kusurlari\/","title":{"rendered":"\u0130nsan\u0131n Kusurlar\u0131"},"content":{"rendered":"<p>S\u0131k s\u0131k insan bedeninin ne kadar mucizevi oldu\u011funu duyar, ona d\u00fcz\u00fclen \u00f6vg\u00fcleri dinleriz. Bedenimizin incelikli i\u015fleyi\u015fine dair kitaplar raflar\u0131m\u0131z\u0131 doldurur. Oysa b\u00fct\u00fcn o harikulade y\u00f6nleri bir yana, insan bedeninin milyonlarca y\u0131ll\u0131k evrim s\u00fcrecinde ortaya \u00e7\u0131km\u0131\u015f bariz kusurlar\u0131 da var. Amerikal\u0131 biliminsan\u0131 Nathan H. Lents i\u015fte bu kusurlar\u0131n hik\u00e2yesini anlat\u0131yor.\u0130nsan retinas\u0131 niye ters? Di\u011fer hayvanlara k\u0131yasla \u00fcst solunum yolu enfeksiyonlar\u0131na neden daha a\u00e7\u0131\u011f\u0131z? Bedenimizde ni\u00e7in gereksiz kemikler var? Dizlerimiz, s\u0131rt\u0131m\u0131z ve belimiz niye s\u0131k s\u0131k sorun \u00e7\u0131kar\u0131yor? Bir\u00e7ok hayvan tek \u00e7e\u015fit besinle b\u00fct\u00fcn ihtiyac\u0131n\u0131 kar\u015f\u0131layabilirken biz neden \u201cdengeli\u201d beslenmek zorunday\u0131z? \u0130nsanda neden i\u015flevsel genlerin yan\u0131 s\u0131ra bir o kadar da bozuk, i\u015flevsiz gen var? DNA\u2019m\u0131z niye ge\u00e7mi\u015f enfeksiyonlardan kalan milyonlarca vir\u00fcs \u201cenkaz\u0131\u201d i\u00e7eriyor? Primatlar i\u00e7inde neden bebek ve anne \u00f6l\u00fcm oran\u0131 en y\u00fcksek olan t\u00fcr biziz? \u0130nsan\u0131n ba\u011f\u0131\u015f\u0131kl\u0131k sistemi niye kendi bedenine bu denli s\u0131k sald\u0131r\u0131yor? Ba\u015f tac\u0131 edilen beynimiz yan\u0131lg\u0131lara ve k\u00f6t\u00fc kararlar vermeye neden bu denli yatk\u0131n?\u201cAma kula\u011fa ne kadar tuhaf gelirse gelsin, kusurlar\u0131m\u0131z\u0131n kendine has bir g\u00fczelli\u011fi var,\u201d diyor Lents. \u201cBizi biz yapan \u015fey kusurlar\u0131m\u0131z. Bu kitapta ele alaca\u011f\u0131m\u0131z kusurlar, ya\u015fam m\u00fccadelesinde kazand\u0131\u011f\u0131m\u0131z galibiyetlerden geriye kalan yara izleridir. Bizler \u015fans\u0131m\u0131z d\u00fc\u015f\u00fck oldu\u011fu halde bu sonsuz evrimsel \u00e7at\u0131\u015fmadan sa\u011f \u00e7\u0131kanlar\u0131z; onca riske ra\u011fmen d\u00f6rt milyar y\u0131ld\u0131r azimle s\u00fcrd\u00fcr\u00fclen direni\u015fin \u00fcr\u00fcnleriyiz. Kusurlar\u0131m\u0131z\u0131n hik\u00e2yesi ba\u015fl\u0131 ba\u015f\u0131na bir sava\u015f hik\u00e2yesidir.\u201dYAZAR HAKKINDA: Amerikal\u0131 biliminsan\u0131 ve yazar Nathan H. Lents, Saint Louis \u00dcniversitesi\u2019nde biyoloji okudu, ard\u0131ndan ayn\u0131 \u00fcniversitenin t\u0131p fak\u00fcltesinde farmakolojik ve fizyolojik bilimler alan\u0131nda doktora yapt\u0131. Kanser genomi\u011fi alan\u0131ndaki doktora sonras\u0131 e\u011fitimini NYU T\u0131p Merkezi\u2019nde tamamlayan Lents 2000 y\u0131l\u0131ndan beri h\u00fccre ve kanser biyolojisi, genetik, adli t\u0131p ve bilim (\u00f6zellikle de evrim) e\u011fitimi konusunda ara\u015ft\u0131rma raporlar\u0131 yay\u0131ml\u0131yor ve 2006 y\u0131l\u0131ndan beri John Jay \u00dcniversitesi\u2019nde biyoloji dersleri veriyor. Akademik ve bilimsel \u00e7al\u0131\u015fmalar\u0131n\u0131n yan\u0131 s\u0131ra Skeptic Magazine, The Wall Street Journal, The Observer, Psychology Today, The Chronicle of Higher Education ve benzeri yay\u0131nlar i\u00e7in makaleler yazan Lents\u2019in, ayn\u0131 zamanda The Human Evolution Blog adl\u0131 bir blogu bulunuyor. Halen partneri ve iki \u00e7ocu\u011fuyla birlikte New York\u2019ta ya\u015fayan yazar\u0131n Not So Different: Finding Human Nature in Animals (2016; \u00c7ok da Farkl\u0131 De\u011fil: Hayvanlarda \u0130nsan Do\u011fas\u0131 Bulmak) adl\u0131 bir kitab\u0131 daha vard\u0131r.<\/p>\n","protected":false},"excerpt":{"rendered":"<p>S\u0131k s\u0131k insan bedeninin ne kadar mucizevi oldu\u011funu duyar, ona d\u00fcz\u00fclen \u00f6vg\u00fcleri dinleriz. Bedenimizin incelikli i\u015fleyi\u015fine dair kitaplar raflar\u0131m\u0131z\u0131 doldurur. Oysa b\u00fct\u00fcn o harikulade y\u00f6nleri bir<span class=\"excerpt-hellip\"> [\u2026]<\/span><\/p>\n","protected":false},"featured_media":0,"template":"","meta":{"_monsterinsights_skip_tracking":false,"_monsterinsights_sitenote_active":false,"_monsterinsights_sitenote_note":"","_monsterinsights_sitenote_category":0},"product_brand":[],"product_cat":[13005,38128],"product_tag":[],"class_list":{"0":"post-725510","1":"product","2":"type-product","3":"status-publish","5":"product_cat-bilim-muhendislik","6":"product_cat-tip-bilimleri","7":"pa_cilt-ciltsiz","8":"pa_tur-kitap","9":"pa_yayinevi-metis-yayinlari","10":"pa_yazar-nathan-h-lents","12":"first","13":"instock","14":"sale","15":"shipping-taxable","16":"purchasable","17":"product-type-simple"},"_links":{"self":[{"href":"https:\/\/roveyayinevi.com.tr\/index.php\/wp-json\/wp\/v2\/product\/725510","targetHints":{"allow":["GET"]}}],"collection":[{"href":"https:\/\/roveyayinevi.com.tr\/index.php\/wp-json\/wp\/v2\/product"}],"about":[{"href":"https:\/\/roveyayinevi.com.tr\/index.php\/wp-json\/wp\/v2\/types\/product"}],"wp:attachment":[{"href":"https:\/\/roveyayinevi.com.tr\/index.php\/wp-json\/wp\/v2\/media?parent=725510"}],"wp:term":[{"taxonomy":"product_brand","embeddable":true,"href":"https:\/\/roveyayinevi.com.tr\/index.php\/wp-json\/wp\/v2\/product_brand?post=725510"},{"taxonomy":"product_cat","embeddable":true,"href":"https:\/\/roveyayinevi.com.tr\/index.php\/wp-json\/wp\/v2\/product_cat?post=725510"},{"taxonomy":"product_tag","embeddable":true,"href":"https:\/\/roveyayinevi.com.tr\/index.php\/wp-json\/wp\/v2\/product_tag?post=725510"}],"curies":[{"name":"wp","href":"https:\/\/api.w.org\/{rel}","templated":true}]}}